{"id":3110,"date":"2023-09-22T21:37:35","date_gmt":"2023-09-22T19:37:35","guid":{"rendered":"https:\/\/sultanspices.es\/?post_type=product&#038;p=3110"},"modified":"2026-03-31T12:39:20","modified_gmt":"2026-03-31T10:39:20","slug":"pataks-vindaloo-curry-paste-2-3kg","status":"publish","type":"product","link":"https:\/\/sultanspices.es\/pt\/produto\/pataks-vindaloo-curry-paste-2-3kg\/","title":{"rendered":"PATAK PASTE VINDALOO CURRY PASTE 2.3KG"},"content":{"rendered":"<div class=\"group w-full text-gray-800 dark:text-gray-100 border-b border-black\/10 dark:border-gray-900\/50 bg-gray-50 dark:bg-[#444654]\">\n<div class=\"flex p-4 gap-4 text-base md:gap-6 md:max-w-2xl lg:max-w-[38rem] xl:max-w-3xl md:py-6 lg:px-0 m-auto\">\n<div class=\"relative flex w-[calc(100%-50px)] flex-col gap-1 md:gap-3 lg:w-[calc(100%-115px)]\">\n<div class=\"flex flex-grow flex-col gap-3\">\n<div class=\"min-h-[20px] flex items-start overflow-x-auto whitespace-pre-wrap break-words flex-col gap-4\">\n<div class=\"markdown prose w-full break-words dark:prose-invert light\">\n<p>Experimente os sabores ardentes e arrojados da Pasta de Caril Vindaloo da Patak. Esta banheira de 2,3 kg oferece uma pasta de caril picante e picante, perfeita para criar pratos Vindaloo aut\u00eanticos. A pasta de caril Vindaloo da Patak's \u00e9 feita com uma mistura de especiarias e ingredientes cuidadosamente seleccionados, incluindo malagueta vermelha, alho e vinagre, para proporcionar um perfil de sabor intenso e robusto. Acrescenta profundidade e calor \u00e0s suas prepara\u00e7\u00f5es de caril, tornando-a uma das favoritas entre os entusiastas de especiarias. Eleve as suas cria\u00e7\u00f5es culin\u00e1rias com o sabor aut\u00eantico da pasta de caril Vindaloo da Patak. Dispon\u00edvel para compra online, saboreie o tempero e o sabor desta pasta de caril indiana cl\u00e1ssica.<\/p>\n<p>Palavras-chave: Patak's Vindaloo Curry Paste, 2.3kg tub, comprar online, sabores ardentes e arrojados, Vindaloo aut\u00eantico, pasta de caril picante, especiarias seleccionadas, perfil de sabor intenso, malagueta vermelha, alho, vinagre, profundidade e calor, prepara\u00e7\u00f5es de caril, entusiastas de especiarias, elevar a sua cozinha, sabor aut\u00eantico, pasta de caril indiana cl\u00e1ssica, compra online, saborear o tempero, comprar online.<\/p>\n<\/div>\n<\/div>\n<\/div>\n<\/div>\n<\/div>\n<\/div>","protected":false},"excerpt":{"rendered":"<p>Experimente os sabores ardentes e arrojados da Pasta de Caril Vindaloo da Patak. Esta banheira de 2,3 kg oferece uma pasta de caril picante e picante, perfeita para criar pratos Vindaloo aut\u00eanticos. A pasta de caril Vindaloo da Patak's \u00e9 feita com uma mistura de especiarias e ingredientes cuidadosamente seleccionados, incluindo malagueta vermelha, alho e vinagre, para proporcionar um sabor intenso e robusto...<\/p>","protected":false},"featured_media":2212,"comment_status":"closed","ping_status":"closed","template":"","meta":{"_kad_blocks_custom_css":"","_kad_blocks_head_custom_js":"","_kad_blocks_body_custom_js":"","_kad_blocks_footer_custom_js":"","_kadence_starter_templates_imported_post":false,"_kad_post_transparent":"","_kad_post_title":"","_kad_post_layout":"","_kad_post_sidebar_id":"","_kad_post_content_style":"","_kad_post_vertical_padding":"","_kad_post_feature":"","_kad_post_feature_position":"","_kad_post_header":false,"_kad_post_footer":false,"_kad_post_classname":""},"product_brand":[],"product_cat":[55],"product_tag":[],"class_list":{"0":"post-3110","1":"product","2":"type-product","3":"status-publish","4":"has-post-thumbnail","6":"product_cat-pastes","8":"first","9":"instock","10":"sold-individually","11":"shipping-taxable","12":"purchasable","13":"product-type-simple","14":"entry","15":"content-bg","16":"loop-entry"},"taxonomy_info":{"product_cat":[{"value":55,"label":"Pastes, Pickles &amp; Sauces"}]},"featured_image_src_large":["https:\/\/sultanspices.es\/wp-content\/uploads\/2023\/07\/Pataksvindalloo-769x1024.jpeg",769,1024,true],"author_info":[],"comment_info":0,"jetpack_sharing_enabled":true,"_links":{"self":[{"href":"https:\/\/sultanspices.es\/pt\/wp-json\/wp\/v2\/product\/3110","targetHints":{"allow":["GET"]}}],"collection":[{"href":"https:\/\/sultanspices.es\/pt\/wp-json\/wp\/v2\/product"}],"about":[{"href":"https:\/\/sultanspices.es\/pt\/wp-json\/wp\/v2\/types\/product"}],"replies":[{"embeddable":true,"href":"https:\/\/sultanspices.es\/pt\/wp-json\/wp\/v2\/comments?post=3110"}],"wp:featuredmedia":[{"embeddable":true,"href":"https:\/\/sultanspices.es\/pt\/wp-json\/wp\/v2\/media\/2212"}],"wp:attachment":[{"href":"https:\/\/sultanspices.es\/pt\/wp-json\/wp\/v2\/media?parent=3110"}],"wp:term":[{"taxonomy":"product_brand","embeddable":true,"href":"https:\/\/sultanspices.es\/pt\/wp-json\/wp\/v2\/product_brand?post=3110"},{"taxonomy":"product_cat","embeddable":true,"href":"https:\/\/sultanspices.es\/pt\/wp-json\/wp\/v2\/product_cat?post=3110"},{"taxonomy":"product_tag","embeddable":true,"href":"https:\/\/sultanspices.es\/pt\/wp-json\/wp\/v2\/product_tag?post=3110"}],"curies":[{"name":"wp","href":"https:\/\/api.w.org\/{rel}","templated":true}]}}