{"id":3107,"date":"2023-09-22T21:37:35","date_gmt":"2023-09-22T19:37:35","guid":{"rendered":"https:\/\/sultanspices.es\/?post_type=product&#038;p=3107"},"modified":"2026-02-23T12:41:10","modified_gmt":"2026-02-23T11:41:10","slug":"pataks-mixed-pickle-2-3kg","status":"publish","type":"product","link":"https:\/\/sultanspices.es\/pt\/produto\/pataks-mixed-pickle-2-3kg\/","title":{"rendered":"PATAKS PICKLE MISTO 2.3KG"},"content":{"rendered":"<div class=\"group w-full text-gray-800 dark:text-gray-100 border-b border-black\/10 dark:border-gray-900\/50 bg-gray-50 dark:bg-[#444654]\">\n<div class=\"flex p-4 gap-4 text-base md:gap-6 md:max-w-2xl lg:max-w-[38rem] xl:max-w-3xl md:py-6 lg:px-0 m-auto\">\n<div class=\"relative flex w-[calc(100%-50px)] flex-col gap-1 md:gap-3 lg:w-[calc(100%-115px)]\">\n<div class=\"flex flex-grow flex-col gap-3\">\n<div class=\"min-h-[20px] flex items-start overflow-x-auto whitespace-pre-wrap break-words flex-col gap-4\">\n<div class=\"markdown prose w-full break-words dark:prose-invert light\">\n<p>Delicie-se com os sabores picantes e picantes do Pickle Misto de Patak. Este frasco de 2,3 kg oferece uma deliciosa variedade de legumes em conserva e especiarias, criando uma mistura perfeita de sabor e textura. O Pickle Misto Patak's \u00e9 feito com ingredientes cuidadosamente seleccionados, incluindo manga, lima e malaguetas verdes, para uma explos\u00e3o de sabor em cada dentada. Combina bem com uma variedade de pratos, como caril, sandes e arroz. Eleve a sua experi\u00eancia culin\u00e1ria com o sabor aut\u00eantico do Patak's Mixed Pickle. Dispon\u00edvel para compra online, saboreie o sabor picante deste cl\u00e1ssico pickle indiano.<\/p>\n<p>Palavras-chave: Patak's Mixed Pickle, boi\u00e3o de 2,3kg, comprar online, sabores picantes e picantes, variedade de legumes em pickle, sabor delicioso, manga, lima, malaguetas verdes, explos\u00e3o de sabor, condimento vers\u00e1til, caril, sandu\u00edches, arroz, elevar os seus cozinhados, sabor aut\u00eantico, pickle indiano cl\u00e1ssico, compra online, saborear a bondade, comprar online.<\/p>\n<\/div>\n<\/div>\n<\/div>\n<\/div>\n<\/div>\n<\/div>","protected":false},"excerpt":{"rendered":"<p>Delicie-se com os sabores picantes e picantes do Pickle Misto de Patak. Este frasco de 2,3 kg oferece uma deliciosa variedade de legumes em conserva e especiarias, criando uma mistura perfeita de sabor e textura. O Pickle Misto Patak's \u00e9 feito com ingredientes cuidadosamente seleccionados, incluindo manga, lima e malaguetas verdes, para uma explos\u00e3o de sabor em cada dentada. \u00c9...<\/p>","protected":false},"featured_media":2205,"comment_status":"closed","ping_status":"closed","template":"","meta":{"_kad_blocks_custom_css":"","_kad_blocks_head_custom_js":"","_kad_blocks_body_custom_js":"","_kad_blocks_footer_custom_js":"","_kadence_starter_templates_imported_post":false,"_kad_post_transparent":"","_kad_post_title":"","_kad_post_layout":"","_kad_post_sidebar_id":"","_kad_post_content_style":"","_kad_post_vertical_padding":"","_kad_post_feature":"","_kad_post_feature_position":"","_kad_post_header":false,"_kad_post_footer":false,"_kad_post_classname":""},"product_brand":[],"product_cat":[55],"product_tag":[],"class_list":{"0":"post-3107","1":"product","2":"type-product","3":"status-publish","4":"has-post-thumbnail","6":"product_cat-pastes","8":"first","9":"outofstock","10":"sold-individually","11":"shipping-taxable","12":"purchasable","13":"product-type-simple","14":"entry","15":"content-bg","16":"loop-entry"},"taxonomy_info":{"product_cat":[{"value":55,"label":"Pastes, Pickles &amp; Sauces"}]},"featured_image_src_large":["https:\/\/sultanspices.es\/wp-content\/uploads\/2023\/07\/PataksMixedPickle23kg.jpg",500,500,false],"author_info":[],"comment_info":0,"jetpack_sharing_enabled":true,"_links":{"self":[{"href":"https:\/\/sultanspices.es\/pt\/wp-json\/wp\/v2\/product\/3107","targetHints":{"allow":["GET"]}}],"collection":[{"href":"https:\/\/sultanspices.es\/pt\/wp-json\/wp\/v2\/product"}],"about":[{"href":"https:\/\/sultanspices.es\/pt\/wp-json\/wp\/v2\/types\/product"}],"replies":[{"embeddable":true,"href":"https:\/\/sultanspices.es\/pt\/wp-json\/wp\/v2\/comments?post=3107"}],"wp:featuredmedia":[{"embeddable":true,"href":"https:\/\/sultanspices.es\/pt\/wp-json\/wp\/v2\/media\/2205"}],"wp:attachment":[{"href":"https:\/\/sultanspices.es\/pt\/wp-json\/wp\/v2\/media?parent=3107"}],"wp:term":[{"taxonomy":"product_brand","embeddable":true,"href":"https:\/\/sultanspices.es\/pt\/wp-json\/wp\/v2\/product_brand?post=3107"},{"taxonomy":"product_cat","embeddable":true,"href":"https:\/\/sultanspices.es\/pt\/wp-json\/wp\/v2\/product_cat?post=3107"},{"taxonomy":"product_tag","embeddable":true,"href":"https:\/\/sultanspices.es\/pt\/wp-json\/wp\/v2\/product_tag?post=3107"}],"curies":[{"name":"wp","href":"https:\/\/api.w.org\/{rel}","templated":true}]}}