{"id":3106,"date":"2023-09-22T21:37:35","date_gmt":"2023-09-22T19:37:35","guid":{"rendered":"https:\/\/sultanspices.es\/?post_type=product&#038;p=3106"},"modified":"2026-02-23T12:41:09","modified_gmt":"2026-02-23T11:41:09","slug":"pataks-madras-kebab-curry-paste-2-4kg","status":"publish","type":"product","link":"https:\/\/sultanspices.es\/pt\/produto\/pataks-madras-kebab-curry-paste-2-4kg\/","title":{"rendered":"PATAK MADRAS KEBAB CURRY PASTE 2.4KG"},"content":{"rendered":"<div class=\"group w-full text-gray-800 dark:text-gray-100 border-b border-black\/10 dark:border-gray-900\/50 bg-gray-50 dark:bg-[#444654]\">\n<div class=\"flex p-4 gap-4 text-base md:gap-6 md:max-w-2xl lg:max-w-[38rem] xl:max-w-3xl md:py-6 lg:px-0 m-auto\">\n<div class=\"relative flex w-[calc(100%-50px)] flex-col gap-1 md:gap-3 lg:w-[calc(100%-115px)]\">\n<div class=\"flex flex-grow flex-col gap-3\">\n<div class=\"min-h-[20px] flex items-start overflow-x-auto whitespace-pre-wrap break-words flex-col gap-4\">\n<div class=\"markdown prose w-full break-words dark:prose-invert light\">\n<p>Eleve os seus pratos de kebab com os sabores arrojados e picantes da pasta de caril Patak's Madras Kebab. Esta embalagem de 2,4 kg oferece uma pasta de caril rica e arom\u00e1tica, especialmente formulada para criar aut\u00eanticos kebabs ao estilo de Madras. A pasta de caril Patak's Madras Kebab \u00e9 feita com uma mistura de especiarias e ervas cuidadosamente seleccionadas, incluindo cominhos, coentros, curcuma e malagueta, para proporcionar uma explos\u00e3o de sabores. Acrescenta profundidade e calor \u00e0s suas prepara\u00e7\u00f5es de kebab, garantindo uma experi\u00eancia de fazer crescer \u00e1gua na boca. Eleve as suas cria\u00e7\u00f5es culin\u00e1rias com o sabor aut\u00eantico da pasta de caril Patak's Madras Kebab. Dispon\u00edvel para compra online, saboreie a ousadia desta pasta de caril indiana cl\u00e1ssica.<\/p>\n<p>Palavras-chave: Patak's Madras Kebab Curry Paste, 2.4kg tub, comprar online, sabores arrojados e picantes, aut\u00eantico estilo Madras, pasta de caril rica, especiarias seleccionadas, ervas arom\u00e1ticas, cominhos, coentros, curcuma, malagueta, explos\u00e3o de sabores, profundidade e calor, experi\u00eancia de fazer crescer \u00e1gua na boca, elevar os seus cozinhados, sabor aut\u00eantico, pasta de caril indiana cl\u00e1ssica, compra online, saborear a ousadia, comprar online.<\/p>\n<\/div>\n<\/div>\n<\/div>\n<\/div>\n<\/div>\n<\/div>","protected":false},"excerpt":{"rendered":"<p>Eleve os seus pratos de kebab com os sabores arrojados e picantes da pasta de caril Patak's Madras Kebab. Esta embalagem de 2,4 kg oferece uma pasta de caril rica e arom\u00e1tica, especialmente formulada para criar aut\u00eanticos kebabs ao estilo de Madras. A Pasta de Caril Patak's Madras Kebab \u00e9 feita com uma mistura de especiarias e ervas cuidadosamente seleccionadas, incluindo cominhos, coentros, curcuma e pimenta,...<\/p>","protected":false},"featured_media":2210,"comment_status":"closed","ping_status":"closed","template":"","meta":{"_kad_blocks_custom_css":"","_kad_blocks_head_custom_js":"","_kad_blocks_body_custom_js":"","_kad_blocks_footer_custom_js":"","_kadence_starter_templates_imported_post":false,"_kad_post_transparent":"","_kad_post_title":"","_kad_post_layout":"","_kad_post_sidebar_id":"","_kad_post_content_style":"","_kad_post_vertical_padding":"","_kad_post_feature":"","_kad_post_feature_position":"","_kad_post_header":false,"_kad_post_footer":false,"_kad_post_classname":""},"product_brand":[],"product_cat":[55],"product_tag":[],"class_list":{"0":"post-3106","1":"product","2":"type-product","3":"status-publish","4":"has-post-thumbnail","6":"product_cat-pastes","8":"first","9":"instock","10":"sold-individually","11":"shipping-taxable","12":"purchasable","13":"product-type-simple","14":"entry","15":"content-bg","16":"loop-entry"},"taxonomy_info":{"product_cat":[{"value":55,"label":"Pastes, Pickles &amp; Sauces"}]},"featured_image_src_large":["https:\/\/sultanspices.es\/wp-content\/uploads\/2023\/07\/PataksMadrasKebabCurryPaste.jpg",1024,800,false],"author_info":[],"comment_info":0,"jetpack_sharing_enabled":true,"_links":{"self":[{"href":"https:\/\/sultanspices.es\/pt\/wp-json\/wp\/v2\/product\/3106","targetHints":{"allow":["GET"]}}],"collection":[{"href":"https:\/\/sultanspices.es\/pt\/wp-json\/wp\/v2\/product"}],"about":[{"href":"https:\/\/sultanspices.es\/pt\/wp-json\/wp\/v2\/types\/product"}],"replies":[{"embeddable":true,"href":"https:\/\/sultanspices.es\/pt\/wp-json\/wp\/v2\/comments?post=3106"}],"wp:featuredmedia":[{"embeddable":true,"href":"https:\/\/sultanspices.es\/pt\/wp-json\/wp\/v2\/media\/2210"}],"wp:attachment":[{"href":"https:\/\/sultanspices.es\/pt\/wp-json\/wp\/v2\/media?parent=3106"}],"wp:term":[{"taxonomy":"product_brand","embeddable":true,"href":"https:\/\/sultanspices.es\/pt\/wp-json\/wp\/v2\/product_brand?post=3106"},{"taxonomy":"product_cat","embeddable":true,"href":"https:\/\/sultanspices.es\/pt\/wp-json\/wp\/v2\/product_cat?post=3106"},{"taxonomy":"product_tag","embeddable":true,"href":"https:\/\/sultanspices.es\/pt\/wp-json\/wp\/v2\/product_tag?post=3106"}],"curies":[{"name":"wp","href":"https:\/\/api.w.org\/{rel}","templated":true}]}}