{"id":3104,"date":"2023-09-22T21:37:35","date_gmt":"2023-09-22T19:37:35","guid":{"rendered":"https:\/\/sultanspices.es\/?post_type=product&#038;p=3104"},"modified":"2026-02-23T12:41:06","modified_gmt":"2026-02-23T11:41:06","slug":"paprika-powder-1kg-trs","status":"publish","type":"product","link":"https:\/\/sultanspices.es\/pt\/produto\/colorau-em-po-1kg-trs\/","title":{"rendered":"COLORAU EM P\u00d3 1KG TRS"},"content":{"rendered":"<p>Realce os seus pratos com a cor vibrante e o sabor a fumo do p\u00f3 de paprica TRS. Esta embalagem de 1 kg cont\u00e9m paprica em p\u00f3 de alta qualidade, cuidadosamente obtida e mo\u00edda na perfei\u00e7\u00e3o. A paprica em p\u00f3 TRS acrescenta um sabor suave e ligeiramente doce \u00e0s suas receitas, tornando-a uma especiaria vers\u00e1til para v\u00e1rias cozinhas. \u00c9 ideal para temperar carnes, legumes, sopas, guisados e marinadas. Eleve as suas cria\u00e7\u00f5es culin\u00e1rias com os sabores aut\u00eanticos e ricos do TRS Paprika Powder. Dispon\u00edvel para compra online, adicione um toque de calor e cor aos seus pratos com TRS.<\/p>","protected":false},"excerpt":{"rendered":"<p>Realce os seus pratos com a cor vibrante e o sabor a fumo do p\u00f3 de paprica TRS. Esta embalagem de 1kg cont\u00e9m paprica em p\u00f3 de alta qualidade, cuidadosamente obtida e mo\u00edda na perfei\u00e7\u00e3o. A paprica em p\u00f3 TRS acrescenta um sabor suave e ligeiramente doce \u00e0s suas receitas, tornando-a uma especiaria vers\u00e1til para v\u00e1rias cozinhas. \u00c9 ideal para temperar carnes, vegetais,...<\/p>","protected":false},"featured_media":2206,"comment_status":"closed","ping_status":"closed","template":"","meta":{"_kad_blocks_custom_css":"","_kad_blocks_head_custom_js":"","_kad_blocks_body_custom_js":"","_kad_blocks_footer_custom_js":"","_kadence_starter_templates_imported_post":false,"_kad_post_transparent":"","_kad_post_title":"","_kad_post_layout":"","_kad_post_sidebar_id":"","_kad_post_content_style":"","_kad_post_vertical_padding":"","_kad_post_feature":"","_kad_post_feature_position":"","_kad_post_header":false,"_kad_post_footer":false,"_kad_post_classname":""},"product_brand":[],"product_cat":[50],"product_tag":[],"class_list":{"0":"post-3104","1":"product","2":"type-product","3":"status-publish","4":"has-post-thumbnail","6":"product_cat-spices","8":"first","9":"outofstock","10":"sold-individually","11":"shipping-taxable","12":"purchasable","13":"product-type-simple","14":"entry","15":"content-bg","16":"loop-entry"},"taxonomy_info":{"product_cat":[{"value":50,"label":"Spices"}]},"featured_image_src_large":["https:\/\/sultanspices.es\/wp-content\/uploads\/2023\/07\/Paprika1Kg-TRS-1024x1024.webp",1024,1024,true],"author_info":[],"comment_info":0,"jetpack_sharing_enabled":true,"_links":{"self":[{"href":"https:\/\/sultanspices.es\/pt\/wp-json\/wp\/v2\/product\/3104","targetHints":{"allow":["GET"]}}],"collection":[{"href":"https:\/\/sultanspices.es\/pt\/wp-json\/wp\/v2\/product"}],"about":[{"href":"https:\/\/sultanspices.es\/pt\/wp-json\/wp\/v2\/types\/product"}],"replies":[{"embeddable":true,"href":"https:\/\/sultanspices.es\/pt\/wp-json\/wp\/v2\/comments?post=3104"}],"wp:featuredmedia":[{"embeddable":true,"href":"https:\/\/sultanspices.es\/pt\/wp-json\/wp\/v2\/media\/2206"}],"wp:attachment":[{"href":"https:\/\/sultanspices.es\/pt\/wp-json\/wp\/v2\/media?parent=3104"}],"wp:term":[{"taxonomy":"product_brand","embeddable":true,"href":"https:\/\/sultanspices.es\/pt\/wp-json\/wp\/v2\/product_brand?post=3104"},{"taxonomy":"product_cat","embeddable":true,"href":"https:\/\/sultanspices.es\/pt\/wp-json\/wp\/v2\/product_cat?post=3104"},{"taxonomy":"product_tag","embeddable":true,"href":"https:\/\/sultanspices.es\/pt\/wp-json\/wp\/v2\/product_tag?post=3104"}],"curies":[{"name":"wp","href":"https:\/\/api.w.org\/{rel}","templated":true}]}}