{"id":3103,"date":"2023-09-22T21:37:35","date_gmt":"2023-09-22T19:37:35","guid":{"rendered":"https:\/\/sultanspices.es\/?post_type=product&#038;p=3103"},"modified":"2026-02-23T12:41:05","modified_gmt":"2026-02-23T11:41:05","slug":"national-vanilla-custard-300g","status":"publish","type":"product","link":"https:\/\/sultanspices.es\/pt\/produto\/creme-de-baunilha-nacional-300g\/","title":{"rendered":"NATIONAL CREME DE BAUNILHA 300G"},"content":{"rendered":"<div class=\"group w-full text-gray-800 dark:text-gray-100 border-b border-black\/10 dark:border-gray-900\/50 bg-gray-50 dark:bg-[#444654]\">\n<div class=\"flex p-4 gap-4 text-base md:gap-6 md:max-w-2xl lg:max-w-[38rem] xl:max-w-3xl md:py-6 lg:px-0 m-auto\">\n<div class=\"relative flex w-[calc(100%-50px)] flex-col gap-1 md:gap-3 lg:w-[calc(100%-115px)]\">\n<div class=\"flex flex-grow flex-col gap-3\">\n<div class=\"min-h-[20px] flex items-start overflow-x-auto whitespace-pre-wrap break-words flex-col gap-4\">\n<div class=\"markdown prose w-full break-words dark:prose-invert light\">\n<p>Delicie-se com o prazer suave e cremoso do creme de baunilha National. Esta embalagem de 300 g oferece uma mistura de sobremesa cl\u00e1ssica que \u00e9 perfeita para criar deliciosas guloseimas \u00e0 base de creme. O creme de baunilha nacional \u00e9 feito com os melhores ingredientes, incluindo baunilha verdadeira, para proporcionar uma experi\u00eancia aut\u00eantica e saborosa. Tem uma textura aveludada e um sabor rico a baunilha que combina bem com frutas, bolos e outras sobremesas. Eleve as suas cria\u00e7\u00f5es doces com a delicadeza do creme de baunilha nacional. Dispon\u00edvel para compra online, desfrute da bondade reconfortante desta mistura de sobremesas intemporal.<\/p>\n<p>Palavras-chave: Creme de Baunilha Nacional, embalagem de 300g, comprar online, suave e cremoso, mistura de sobremesa cl\u00e1ssica, guloseimas deliciosas, ingredientes finos, baunilha verdadeira, sabor aut\u00eantico, textura aveludada, sabor rico de baunilha, elevar as suas sobremesas, cria\u00e7\u00f5es doces, bondade reconfortante, sobremesa intemporal, compra online, comprar online.<\/p>\n<\/div>\n<\/div>\n<\/div>\n<\/div>\n<\/div>\n<\/div>","protected":false},"excerpt":{"rendered":"<p>Delicie-se com o prazer suave e cremoso do creme de baunilha National. Esta embalagem de 300 g oferece uma mistura de sobremesa cl\u00e1ssica que \u00e9 perfeita para criar deliciosas guloseimas \u00e0 base de creme. O creme de baunilha National \u00e9 feito com os melhores ingredientes, incluindo baunilha verdadeira, para proporcionar uma experi\u00eancia aut\u00eantica e saborosa. Tem uma textura aveludada e um sabor rico a baunilha...<\/p>","protected":false},"featured_media":2208,"comment_status":"closed","ping_status":"closed","template":"","meta":{"_kad_blocks_custom_css":"","_kad_blocks_head_custom_js":"","_kad_blocks_body_custom_js":"","_kad_blocks_footer_custom_js":"","_kadence_starter_templates_imported_post":false,"_kad_post_transparent":"","_kad_post_title":"","_kad_post_layout":"","_kad_post_sidebar_id":"","_kad_post_content_style":"","_kad_post_vertical_padding":"","_kad_post_feature":"","_kad_post_feature_position":"","_kad_post_header":false,"_kad_post_footer":false,"_kad_post_classname":""},"product_brand":[],"product_cat":[48],"product_tag":[],"class_list":{"0":"post-3103","1":"product","2":"type-product","3":"status-publish","4":"has-post-thumbnail","6":"product_cat-dessert-mixes-for-indian-sweets","8":"first","9":"outofstock","10":"sold-individually","11":"shipping-taxable","12":"purchasable","13":"product-type-simple","14":"entry","15":"content-bg","16":"loop-entry"},"taxonomy_info":{"product_cat":[{"value":48,"label":"Dessert Mixes for Indian Sweets"}]},"featured_image_src_large":["https:\/\/sultanspices.es\/wp-content\/uploads\/2023\/07\/VanillaCustardNational.jpeg",1000,1000,false],"author_info":[],"comment_info":0,"jetpack_sharing_enabled":true,"_links":{"self":[{"href":"https:\/\/sultanspices.es\/pt\/wp-json\/wp\/v2\/product\/3103","targetHints":{"allow":["GET"]}}],"collection":[{"href":"https:\/\/sultanspices.es\/pt\/wp-json\/wp\/v2\/product"}],"about":[{"href":"https:\/\/sultanspices.es\/pt\/wp-json\/wp\/v2\/types\/product"}],"replies":[{"embeddable":true,"href":"https:\/\/sultanspices.es\/pt\/wp-json\/wp\/v2\/comments?post=3103"}],"wp:featuredmedia":[{"embeddable":true,"href":"https:\/\/sultanspices.es\/pt\/wp-json\/wp\/v2\/media\/2208"}],"wp:attachment":[{"href":"https:\/\/sultanspices.es\/pt\/wp-json\/wp\/v2\/media?parent=3103"}],"wp:term":[{"taxonomy":"product_brand","embeddable":true,"href":"https:\/\/sultanspices.es\/pt\/wp-json\/wp\/v2\/product_brand?post=3103"},{"taxonomy":"product_cat","embeddable":true,"href":"https:\/\/sultanspices.es\/pt\/wp-json\/wp\/v2\/product_cat?post=3103"},{"taxonomy":"product_tag","embeddable":true,"href":"https:\/\/sultanspices.es\/pt\/wp-json\/wp\/v2\/product_tag?post=3103"}],"curies":[{"name":"wp","href":"https:\/\/api.w.org\/{rel}","templated":true}]}}