{"id":3097,"date":"2023-09-22T21:37:34","date_gmt":"2023-09-22T19:37:34","guid":{"rendered":"https:\/\/sultanspices.es\/?post_type=product&#038;p=3097"},"modified":"2026-02-23T12:41:05","modified_gmt":"2026-02-23T11:41:05","slug":"national-quorma","status":"publish","type":"product","link":"https:\/\/sultanspices.es\/pt\/produto\/nacional-quorma\/","title":{"rendered":"NATIONAL QUORMA MASALA 86G"},"content":{"rendered":"<div class=\"flex flex-grow flex-col gap-3\">\n<div class=\"min-h-[20px] flex items-start overflow-x-auto whitespace-pre-wrap break-words flex-col gap-4\">\n<div class=\"markdown prose w-full break-words dark:prose-invert light\">\n<p>Desfrute dos sabores aut\u00eanticos dos pratos tradicionais de korma com National Korma Masala. Esta mistura especial de especiarias da National \u00e9 cuidadosamente elaborada para criar o tempero perfeito para caris korma ricos e cremosos. National Korma Masala acrescenta um sabor delicioso e arom\u00e1tico \u00e0s suas prepara\u00e7\u00f5es de korma de frango, carne ou vegetais. Re\u00fane a combina\u00e7\u00e3o perfeita de especiarias, incluindo coentros, curcuma, cardamomo e muito mais, para elevar os seus pratos korma a novos patamares. Melhore a sua experi\u00eancia culin\u00e1ria com o sabor aut\u00eantico do National Korma Masala. Dispon\u00edvel para compra online, saboreie os sabores desta mistura cl\u00e1ssica de especiarias indianas.<\/p>\n<p>Palavras-chave: National Korma Masala, sabores aut\u00eanticos, pratos tradicionais de korma, mistura especial de especiarias, tempero perfeito, caril rico e cremoso, sabor delicioso, sabores arom\u00e1ticos, korma de frango, korma de carne, korma de legumes, coentros, curcuma, cardamomo, eleve os seus pratos, melhore os seus cozinhados, compra online, mistura cl\u00e1ssica de especiarias, saboreie os sabores, compre online.<\/p>\n<\/div>\n<\/div>\n<\/div>","protected":false},"excerpt":{"rendered":"<p>Desfrute dos sabores aut\u00eanticos dos pratos tradicionais de korma com National Korma Masala. Esta mistura especial de especiarias da National \u00e9 cuidadosamente elaborada para criar o tempero perfeito para caris korma ricos e cremosos. National Korma Masala acrescenta um sabor delicioso e arom\u00e1tico \u00e0s suas prepara\u00e7\u00f5es de korma de frango, carne ou vegetais. Re\u00fane a combina\u00e7\u00e3o perfeita...<\/p>","protected":false},"featured_media":2202,"comment_status":"closed","ping_status":"closed","template":"","meta":{"_kad_blocks_custom_css":"","_kad_blocks_head_custom_js":"","_kad_blocks_body_custom_js":"","_kad_blocks_footer_custom_js":"","_kadence_starter_templates_imported_post":false,"_kad_post_transparent":"","_kad_post_title":"","_kad_post_layout":"","_kad_post_sidebar_id":"","_kad_post_content_style":"","_kad_post_vertical_padding":"","_kad_post_feature":"","_kad_post_feature_position":"","_kad_post_header":false,"_kad_post_footer":false,"_kad_post_classname":""},"product_brand":[],"product_cat":[49],"product_tag":[],"class_list":{"0":"post-3097","1":"product","2":"type-product","3":"status-publish","4":"has-post-thumbnail","6":"product_cat-mix-spices-seasoning","8":"first","9":"instock","10":"sold-individually","11":"shipping-taxable","12":"purchasable","13":"product-type-simple","14":"entry","15":"content-bg","16":"loop-entry"},"taxonomy_info":{"product_cat":[{"value":49,"label":"Mix Spices &amp; Seasoning"}]},"featured_image_src_large":["https:\/\/sultanspices.es\/wp-content\/uploads\/2023\/07\/NationalQuorma.jpg",1000,1000,false],"author_info":[],"comment_info":0,"jetpack_sharing_enabled":true,"_links":{"self":[{"href":"https:\/\/sultanspices.es\/pt\/wp-json\/wp\/v2\/product\/3097","targetHints":{"allow":["GET"]}}],"collection":[{"href":"https:\/\/sultanspices.es\/pt\/wp-json\/wp\/v2\/product"}],"about":[{"href":"https:\/\/sultanspices.es\/pt\/wp-json\/wp\/v2\/types\/product"}],"replies":[{"embeddable":true,"href":"https:\/\/sultanspices.es\/pt\/wp-json\/wp\/v2\/comments?post=3097"}],"wp:featuredmedia":[{"embeddable":true,"href":"https:\/\/sultanspices.es\/pt\/wp-json\/wp\/v2\/media\/2202"}],"wp:attachment":[{"href":"https:\/\/sultanspices.es\/pt\/wp-json\/wp\/v2\/media?parent=3097"}],"wp:term":[{"taxonomy":"product_brand","embeddable":true,"href":"https:\/\/sultanspices.es\/pt\/wp-json\/wp\/v2\/product_brand?post=3097"},{"taxonomy":"product_cat","embeddable":true,"href":"https:\/\/sultanspices.es\/pt\/wp-json\/wp\/v2\/product_cat?post=3097"},{"taxonomy":"product_tag","embeddable":true,"href":"https:\/\/sultanspices.es\/pt\/wp-json\/wp\/v2\/product_tag?post=3097"}],"curies":[{"name":"wp","href":"https:\/\/api.w.org\/{rel}","templated":true}]}}