{"id":3092,"date":"2023-09-22T21:37:34","date_gmt":"2023-09-22T19:37:34","guid":{"rendered":"https:\/\/sultanspices.es\/?post_type=product&#038;p=3092"},"modified":"2026-02-23T12:41:03","modified_gmt":"2026-02-23T11:41:03","slug":"national-panjabi-chana-180-g","status":"publish","type":"product","link":"https:\/\/sultanspices.es\/pt\/produto\/nacional-panjabi-chana-180-g\/","title":{"rendered":"NATIONAL CHANA PANJABI 180 G"},"content":{"rendered":"<div class=\"group w-full text-gray-800 dark:text-gray-100 border-b border-black\/10 dark:border-gray-900\/50 bg-gray-50 dark:bg-[#444654]\">\n<div class=\"flex p-4 gap-4 text-base md:gap-6 md:max-w-2xl lg:max-w-[38rem] xl:max-w-3xl md:py-6 lg:px-0 m-auto\">\n<div class=\"relative flex w-[calc(100%-50px)] flex-col gap-1 md:gap-3 lg:w-[calc(100%-115px)]\">\n<div class=\"flex flex-grow flex-col gap-3\">\n<div class=\"min-h-[20px] flex items-start overflow-x-auto whitespace-pre-wrap break-words flex-col gap-4\">\n<div class=\"markdown prose w-full break-words dark:prose-invert light\">\n<p>Desfrute dos sabores aut\u00eanticos de Punjab com National Panjabi Chana Masala. Esta embalagem de 180 g cont\u00e9m uma mistura especial de especiarias, cuidadosamente elaborada para criar o tempero perfeito para pratos saborosos e fartos de chana (gr\u00e3o-de-bico). O National Panjabi Chana Masala acrescenta um sabor delicioso e arom\u00e1tico \u00e0s suas prepara\u00e7\u00f5es de chana, elevando-as a um n\u00edvel totalmente novo. Re\u00fane a combina\u00e7\u00e3o perfeita de especiarias, incluindo coentros, cominhos, gengibre e muito mais, para criar um sabor tentador de chana masala. Eleve as suas cria\u00e7\u00f5es culin\u00e1rias com o sabor aut\u00eantico do National Panjabi Chana Masala. Dispon\u00edvel para compra online, saboreie os sabores de Punjab nas suas refei\u00e7\u00f5es caseiras.<\/p>\n<p>Palavras-chave: National Panjabi Chana Masala, embalagem de 180g, comprar online, sabores aut\u00eanticos, mistura especial de especiarias, tempero perfeito, pratos saborosos de chana, sabor delicioso, sabores arom\u00e1ticos, coentros, cominhos, gengibre, sabor tentador, elevar os seus cozinhados, sabor aut\u00eantico, cozinha Punjabi, compra online, saborear os sabores, comprar online.<\/p>\n<\/div>\n<\/div>\n<\/div>\n<\/div>\n<\/div>\n<\/div>","protected":false},"excerpt":{"rendered":"<p>Desfrute dos sabores aut\u00eanticos de Punjab com National Panjabi Chana Masala. Esta embalagem de 180 g cont\u00e9m uma mistura especial de especiarias, cuidadosamente elaborada para criar o tempero perfeito para pratos saborosos e fartos de chana (gr\u00e3o-de-bico). O National Panjabi Chana Masala acrescenta um sabor delicioso e arom\u00e1tico \u00e0s suas prepara\u00e7\u00f5es de chana, elevando-as a um n\u00edvel totalmente novo....<\/p>","protected":false},"featured_media":2217,"comment_status":"closed","ping_status":"closed","template":"","meta":{"_kad_blocks_custom_css":"","_kad_blocks_head_custom_js":"","_kad_blocks_body_custom_js":"","_kad_blocks_footer_custom_js":"","_kadence_starter_templates_imported_post":false,"_kad_post_transparent":"","_kad_post_title":"","_kad_post_layout":"","_kad_post_sidebar_id":"","_kad_post_content_style":"","_kad_post_vertical_padding":"","_kad_post_feature":"","_kad_post_feature_position":"","_kad_post_header":false,"_kad_post_footer":false,"_kad_post_classname":""},"product_brand":[],"product_cat":[49],"product_tag":[],"class_list":{"0":"post-3092","1":"product","2":"type-product","3":"status-publish","4":"has-post-thumbnail","6":"product_cat-mix-spices-seasoning","8":"first","9":"instock","10":"sold-individually","11":"shipping-taxable","12":"purchasable","13":"product-type-simple","14":"entry","15":"content-bg","16":"loop-entry"},"taxonomy_info":{"product_cat":[{"value":49,"label":"Mix Spices &amp; Seasoning"}]},"featured_image_src_large":["https:\/\/sultanspices.es\/wp-content\/uploads\/2023\/07\/NationalPunjabiChana.jpg",600,600,false],"author_info":[],"comment_info":0,"jetpack_sharing_enabled":true,"_links":{"self":[{"href":"https:\/\/sultanspices.es\/pt\/wp-json\/wp\/v2\/product\/3092","targetHints":{"allow":["GET"]}}],"collection":[{"href":"https:\/\/sultanspices.es\/pt\/wp-json\/wp\/v2\/product"}],"about":[{"href":"https:\/\/sultanspices.es\/pt\/wp-json\/wp\/v2\/types\/product"}],"replies":[{"embeddable":true,"href":"https:\/\/sultanspices.es\/pt\/wp-json\/wp\/v2\/comments?post=3092"}],"wp:featuredmedia":[{"embeddable":true,"href":"https:\/\/sultanspices.es\/pt\/wp-json\/wp\/v2\/media\/2217"}],"wp:attachment":[{"href":"https:\/\/sultanspices.es\/pt\/wp-json\/wp\/v2\/media?parent=3092"}],"wp:term":[{"taxonomy":"product_brand","embeddable":true,"href":"https:\/\/sultanspices.es\/pt\/wp-json\/wp\/v2\/product_brand?post=3092"},{"taxonomy":"product_cat","embeddable":true,"href":"https:\/\/sultanspices.es\/pt\/wp-json\/wp\/v2\/product_cat?post=3092"},{"taxonomy":"product_tag","embeddable":true,"href":"https:\/\/sultanspices.es\/pt\/wp-json\/wp\/v2\/product_tag?post=3092"}],"curies":[{"name":"wp","href":"https:\/\/api.w.org\/{rel}","templated":true}]}}