{"id":3087,"date":"2023-09-22T21:37:31","date_gmt":"2023-09-22T19:37:31","guid":{"rendered":"https:\/\/sultanspices.es\/?post_type=product&#038;p=3087"},"modified":"2026-02-23T12:41:03","modified_gmt":"2026-02-23T11:41:03","slug":"national-kheer-mix-155-g","status":"publish","type":"product","link":"https:\/\/sultanspices.es\/pt\/produto\/national-kheer-mix-155-g\/","title":{"rendered":"NATIONAL MISTURA PARA KHEER 155 G"},"content":{"rendered":"<div class=\"group w-full text-gray-800 dark:text-gray-100 border-b border-black\/10 dark:border-gray-900\/50 bg-gray-50 dark:bg-[#444654]\">\n<div class=\"flex p-4 gap-4 text-base md:gap-6 md:max-w-2xl lg:max-w-[38rem] xl:max-w-3xl md:py-6 lg:px-0 m-auto\">\n<div class=\"relative flex w-[calc(100%-50px)] flex-col gap-1 md:gap-3 lg:w-[calc(100%-115px)]\">\n<div class=\"flex flex-grow flex-col gap-3\">\n<div class=\"min-h-[20px] flex items-start overflow-x-auto whitespace-pre-wrap break-words flex-col gap-4\">\n<div class=\"markdown prose w-full break-words dark:prose-invert light\">\n<p>Prepare um kheer cremoso e delicioso com a mistura National Kheer. Esta embalagem de 155 g oferece uma mistura pr\u00e1tica que lhe permite fazer o tradicional arroz doce indiano com facilidade. A mistura National Kheer \u00e9 feita com ingredientes de alta qualidade, incluindo arroz perfumado, leite em p\u00f3 e especiarias arom\u00e1ticas, para proporcionar uma experi\u00eancia aut\u00eantica e saborosa de kheer. Cria uma textura deliciosa e cremosa com um toque de cardamomo e a\u00e7afr\u00e3o, real\u00e7ando a verdadeira ess\u00eancia desta sobremesa cl\u00e1ssica. Eleve a sua indulg\u00eancia doce com a conveni\u00eancia e o sabor da mistura National Kheer. Dispon\u00edvel para compra online, desfrute dos sabores ricos e reconfortantes do kheer caseiro no conforto da sua casa.<\/p>\n<\/div>\n<\/div>\n<\/div>\n<\/div>\n<\/div>\n<\/div>","protected":false},"excerpt":{"rendered":"<p>Prepare um kheer cremoso e delicioso com a mistura National Kheer. Esta embalagem de 155 g oferece uma mistura pr\u00e1tica que lhe permite fazer o tradicional arroz doce indiano com facilidade. A mistura National Kheer \u00e9 feita com ingredientes de alta qualidade, incluindo arroz perfumado, leite em p\u00f3 e especiarias arom\u00e1ticas, para proporcionar uma experi\u00eancia aut\u00eantica e saborosa de kheer. Cria um delicioso...<\/p>","protected":false},"featured_media":2246,"comment_status":"closed","ping_status":"closed","template":"","meta":{"_kad_blocks_custom_css":"","_kad_blocks_head_custom_js":"","_kad_blocks_body_custom_js":"","_kad_blocks_footer_custom_js":"","_kadence_starter_templates_imported_post":false,"_kad_post_transparent":"","_kad_post_title":"","_kad_post_layout":"","_kad_post_sidebar_id":"","_kad_post_content_style":"","_kad_post_vertical_padding":"","_kad_post_feature":"","_kad_post_feature_position":"","_kad_post_header":false,"_kad_post_footer":false,"_kad_post_classname":""},"product_brand":[],"product_cat":[48],"product_tag":[],"class_list":{"0":"post-3087","1":"product","2":"type-product","3":"status-publish","4":"has-post-thumbnail","6":"product_cat-dessert-mixes-for-indian-sweets","8":"first","9":"outofstock","10":"sold-individually","11":"shipping-taxable","12":"purchasable","13":"product-type-simple","14":"entry","15":"content-bg","16":"loop-entry"},"taxonomy_info":{"product_cat":[{"value":48,"label":"Dessert Mixes for Indian Sweets"}]},"featured_image_src_large":["https:\/\/sultanspices.es\/wp-content\/uploads\/2023\/07\/national-kheer-.png",600,600,false],"author_info":[],"comment_info":0,"jetpack_sharing_enabled":true,"_links":{"self":[{"href":"https:\/\/sultanspices.es\/pt\/wp-json\/wp\/v2\/product\/3087","targetHints":{"allow":["GET"]}}],"collection":[{"href":"https:\/\/sultanspices.es\/pt\/wp-json\/wp\/v2\/product"}],"about":[{"href":"https:\/\/sultanspices.es\/pt\/wp-json\/wp\/v2\/types\/product"}],"replies":[{"embeddable":true,"href":"https:\/\/sultanspices.es\/pt\/wp-json\/wp\/v2\/comments?post=3087"}],"wp:featuredmedia":[{"embeddable":true,"href":"https:\/\/sultanspices.es\/pt\/wp-json\/wp\/v2\/media\/2246"}],"wp:attachment":[{"href":"https:\/\/sultanspices.es\/pt\/wp-json\/wp\/v2\/media?parent=3087"}],"wp:term":[{"taxonomy":"product_brand","embeddable":true,"href":"https:\/\/sultanspices.es\/pt\/wp-json\/wp\/v2\/product_brand?post=3087"},{"taxonomy":"product_cat","embeddable":true,"href":"https:\/\/sultanspices.es\/pt\/wp-json\/wp\/v2\/product_cat?post=3087"},{"taxonomy":"product_tag","embeddable":true,"href":"https:\/\/sultanspices.es\/pt\/wp-json\/wp\/v2\/product_tag?post=3087"}],"curies":[{"name":"wp","href":"https:\/\/api.w.org\/{rel}","templated":true}]}}