{"id":3086,"date":"2023-09-22T21:37:31","date_gmt":"2023-09-22T19:37:31","guid":{"rendered":"https:\/\/sultanspices.es\/?post_type=product&#038;p=3086"},"modified":"2026-02-23T12:41:03","modified_gmt":"2026-02-23T11:41:03","slug":"national-kasuri-methi-100-g","status":"publish","type":"product","link":"https:\/\/sultanspices.es\/pt\/produto\/nacional-kasuri-methi-100-g\/","title":{"rendered":"NATIONAL KASURI METHI 100 G"},"content":{"rendered":"<div class=\"group w-full text-gray-800 dark:text-gray-100 border-b border-black\/10 dark:border-gray-900\/50 bg-gray-50 dark:bg-[#444654]\">\n<div class=\"flex p-4 gap-4 text-base md:gap-6 md:max-w-2xl lg:max-w-[38rem] xl:max-w-3xl md:py-6 lg:px-0 m-auto\">\n<div class=\"relative flex w-[calc(100%-50px)] flex-col gap-1 md:gap-3 lg:w-[calc(100%-115px)]\">\n<div class=\"flex flex-grow flex-col gap-3\">\n<div class=\"min-h-[20px] flex items-start overflow-x-auto whitespace-pre-wrap break-words flex-col gap-4\">\n<div class=\"markdown prose w-full break-words dark:prose-invert light\">\n<p>Adicione uma explos\u00e3o de sabor aos seus pratos com National Kasuri Methi. Este pacote de 100g oferece folhas secas de feno-grego que s\u00e3o ricas em aroma e sabor. O National Kasuri Methi \u00e9 cuidadosamente selecionado e processado para manter os sabores aut\u00eanticos, tornando-o um ingrediente vers\u00e1til em v\u00e1rias receitas indianas. Acrescenta um sabor \u00fanico e ligeiramente amargo e doce aos caris, aos legumes e \u00e0s prepara\u00e7\u00f5es de p\u00e3o. Eleve as suas cria\u00e7\u00f5es culin\u00e1rias com o sabor aut\u00eantico do National Kasuri Methi. Dispon\u00edvel para compra online, realce os seus pratos com o aroma delicioso e o sabor distinto desta erva de feno-grego de alta qualidade.<\/p>\n<\/div>\n<\/div>\n<\/div>\n<\/div>\n<\/div>\n<\/div>","protected":false},"excerpt":{"rendered":"<p>Adicione uma explos\u00e3o de sabor aos seus pratos com National Kasuri Methi. Este pacote de 100g oferece folhas secas de feno-grego que s\u00e3o ricas em aroma e sabor. O National Kasuri Methi \u00e9 cuidadosamente selecionado e processado para manter os sabores aut\u00eanticos, tornando-o um ingrediente vers\u00e1til em v\u00e1rias receitas indianas. Acrescenta um sabor \u00fanico e ligeiramente amargo e doce...<\/p>","protected":false},"featured_media":2243,"comment_status":"closed","ping_status":"closed","template":"","meta":{"_kad_blocks_custom_css":"","_kad_blocks_head_custom_js":"","_kad_blocks_body_custom_js":"","_kad_blocks_footer_custom_js":"","_kadence_starter_templates_imported_post":false,"_kad_post_transparent":"","_kad_post_title":"","_kad_post_layout":"","_kad_post_sidebar_id":"","_kad_post_content_style":"","_kad_post_vertical_padding":"","_kad_post_feature":"","_kad_post_feature_position":"","_kad_post_header":false,"_kad_post_footer":false,"_kad_post_classname":""},"product_brand":[],"product_cat":[50],"product_tag":[],"class_list":{"0":"post-3086","1":"product","2":"type-product","3":"status-publish","4":"has-post-thumbnail","6":"product_cat-spices","8":"first","9":"outofstock","10":"sold-individually","11":"shipping-taxable","12":"purchasable","13":"product-type-simple","14":"entry","15":"content-bg","16":"loop-entry"},"taxonomy_info":{"product_cat":[{"value":50,"label":"Spices"}]},"featured_image_src_large":["https:\/\/sultanspices.es\/wp-content\/uploads\/2023\/07\/national-kasuri-methi.jpeg",600,600,false],"author_info":[],"comment_info":0,"jetpack_sharing_enabled":true,"_links":{"self":[{"href":"https:\/\/sultanspices.es\/pt\/wp-json\/wp\/v2\/product\/3086","targetHints":{"allow":["GET"]}}],"collection":[{"href":"https:\/\/sultanspices.es\/pt\/wp-json\/wp\/v2\/product"}],"about":[{"href":"https:\/\/sultanspices.es\/pt\/wp-json\/wp\/v2\/types\/product"}],"replies":[{"embeddable":true,"href":"https:\/\/sultanspices.es\/pt\/wp-json\/wp\/v2\/comments?post=3086"}],"wp:featuredmedia":[{"embeddable":true,"href":"https:\/\/sultanspices.es\/pt\/wp-json\/wp\/v2\/media\/2243"}],"wp:attachment":[{"href":"https:\/\/sultanspices.es\/pt\/wp-json\/wp\/v2\/media?parent=3086"}],"wp:term":[{"taxonomy":"product_brand","embeddable":true,"href":"https:\/\/sultanspices.es\/pt\/wp-json\/wp\/v2\/product_brand?post=3086"},{"taxonomy":"product_cat","embeddable":true,"href":"https:\/\/sultanspices.es\/pt\/wp-json\/wp\/v2\/product_cat?post=3086"},{"taxonomy":"product_tag","embeddable":true,"href":"https:\/\/sultanspices.es\/pt\/wp-json\/wp\/v2\/product_tag?post=3086"}],"curies":[{"name":"wp","href":"https:\/\/api.w.org\/{rel}","templated":true}]}}