{"id":3085,"date":"2023-09-22T21:37:31","date_gmt":"2023-09-22T19:37:31","guid":{"rendered":"https:\/\/sultanspices.es\/?post_type=product&#038;p=3085"},"modified":"2026-03-11T16:25:01","modified_gmt":"2026-03-11T15:25:01","slug":"national-karahi-gosht-94-g","status":"publish","type":"product","link":"https:\/\/sultanspices.es\/pt\/produto\/nacional-karahi-gosht-94-g\/","title":{"rendered":"NATIONAL KARAHI GOSHT MASALA 94G"},"content":{"rendered":"<div class=\"group w-full text-gray-800 dark:text-gray-100 border-b border-black\/10 dark:border-gray-900\/50 bg-gray-50 dark:bg-[#444654]\">\n<div class=\"flex p-4 gap-4 text-base md:gap-6 md:max-w-2xl lg:max-w-[38rem] xl:max-w-3xl md:py-6 lg:px-0 m-auto\">\n<div class=\"relative flex w-[calc(100%-50px)] flex-col gap-1 md:gap-3 lg:w-[calc(100%-115px)]\">\n<div class=\"flex flex-grow flex-col gap-3\">\n<div class=\"min-h-[20px] flex items-start overflow-x-auto whitespace-pre-wrap break-words flex-col gap-4\">\n<div class=\"markdown prose w-full break-words dark:prose-invert light\">\n<p>Delicie-se com os sabores da cozinha tradicional paquistanesa com o National Karahi Gosht Masala. Esta embalagem de 94 g cont\u00e9m uma mistura especial de especiarias, meticulosamente elaborada para criar o tempero perfeito para o aut\u00eantico e saboroso karahi gosht (caril de carne). O National Karahi Gosht Masala acrescenta um sabor salgado e arom\u00e1tico \u00e0s suas prepara\u00e7\u00f5es de carne, elevando-as a um novo n\u00edvel de excel\u00eancia culin\u00e1ria. Combina uma mistura harmoniosa de especiarias, incluindo coentros, cominhos, gengibre e muito mais, para criar um sabor tentador de karahi masala. Eleve os seus cozinhados com o sabor aut\u00eantico do National Karahi Gosht Masala e saboreie os ricos sabores do karahi gosht caseiro.<\/p>\n<\/div>\n<\/div>\n<\/div>\n<\/div>\n<\/div>\n<\/div>","protected":false},"excerpt":{"rendered":"<p>Delicie-se com os sabores da cozinha tradicional paquistanesa com o National Karahi Gosht Masala. Esta embalagem de 94 g cont\u00e9m uma mistura especial de especiarias, meticulosamente elaborada para criar o tempero perfeito para o aut\u00eantico e saboroso karahi gosht (caril de carne). O National Karahi Gosht Masala acrescenta um sabor salgado e arom\u00e1tico \u00e0s suas prepara\u00e7\u00f5es de carne, elevando-as a um...<\/p>","protected":false},"featured_media":2231,"comment_status":"closed","ping_status":"closed","template":"","meta":{"_kad_blocks_custom_css":"","_kad_blocks_head_custom_js":"","_kad_blocks_body_custom_js":"","_kad_blocks_footer_custom_js":"","_kadence_starter_templates_imported_post":false,"_kad_post_transparent":"","_kad_post_title":"","_kad_post_layout":"","_kad_post_sidebar_id":"","_kad_post_content_style":"","_kad_post_vertical_padding":"","_kad_post_feature":"","_kad_post_feature_position":"","_kad_post_header":false,"_kad_post_footer":false,"_kad_post_classname":""},"product_brand":[],"product_cat":[49],"product_tag":[],"class_list":{"0":"post-3085","1":"product","2":"type-product","3":"status-publish","4":"has-post-thumbnail","6":"product_cat-mix-spices-seasoning","8":"first","9":"instock","10":"sold-individually","11":"shipping-taxable","12":"purchasable","13":"product-type-simple","14":"entry","15":"content-bg","16":"loop-entry"},"taxonomy_info":{"product_cat":[{"value":49,"label":"Mix Spices &amp; Seasoning"}]},"featured_image_src_large":["https:\/\/sultanspices.es\/wp-content\/uploads\/2023\/07\/NATIONAL-KARAHI-GOSHT.webp",1000,1000,false],"author_info":[],"comment_info":0,"jetpack_sharing_enabled":true,"_links":{"self":[{"href":"https:\/\/sultanspices.es\/pt\/wp-json\/wp\/v2\/product\/3085","targetHints":{"allow":["GET"]}}],"collection":[{"href":"https:\/\/sultanspices.es\/pt\/wp-json\/wp\/v2\/product"}],"about":[{"href":"https:\/\/sultanspices.es\/pt\/wp-json\/wp\/v2\/types\/product"}],"replies":[{"embeddable":true,"href":"https:\/\/sultanspices.es\/pt\/wp-json\/wp\/v2\/comments?post=3085"}],"wp:featuredmedia":[{"embeddable":true,"href":"https:\/\/sultanspices.es\/pt\/wp-json\/wp\/v2\/media\/2231"}],"wp:attachment":[{"href":"https:\/\/sultanspices.es\/pt\/wp-json\/wp\/v2\/media?parent=3085"}],"wp:term":[{"taxonomy":"product_brand","embeddable":true,"href":"https:\/\/sultanspices.es\/pt\/wp-json\/wp\/v2\/product_brand?post=3085"},{"taxonomy":"product_cat","embeddable":true,"href":"https:\/\/sultanspices.es\/pt\/wp-json\/wp\/v2\/product_cat?post=3085"},{"taxonomy":"product_tag","embeddable":true,"href":"https:\/\/sultanspices.es\/pt\/wp-json\/wp\/v2\/product_tag?post=3085"}],"curies":[{"name":"wp","href":"https:\/\/api.w.org\/{rel}","templated":true}]}}