{"id":3070,"date":"2023-09-22T21:37:30","date_gmt":"2023-09-22T19:37:30","guid":{"rendered":"https:\/\/sultanspices.es\/?post_type=product&#038;p=3070"},"modified":"2026-03-31T18:37:41","modified_gmt":"2026-03-31T16:37:41","slug":"national-chaat-masala-100-g","status":"publish","type":"product","link":"https:\/\/sultanspices.es\/pt\/produto\/nacional-chaat-masala-100-g\/","title":{"rendered":"NATIONAL CHAAT MASALA 100G"},"content":{"rendered":"<div class=\"group w-full text-gray-800 dark:text-gray-100 border-b border-black\/10 dark:border-gray-900\/50 bg-gray-50 dark:bg-[#444654]\">\n<div class=\"flex p-4 gap-4 text-base md:gap-6 md:max-w-2xl lg:max-w-[38rem] xl:max-w-3xl md:py-6 lg:px-0 m-auto\">\n<div class=\"relative flex w-[calc(100%-50px)] flex-col gap-1 md:gap-3 lg:w-[calc(100%-115px)]\">\n<div class=\"flex flex-grow flex-col gap-3\">\n<div class=\"min-h-[20px] flex items-start overflow-x-auto whitespace-pre-wrap break-words flex-col gap-4\">\n<div class=\"markdown prose w-full break-words dark:prose-invert light\">\n<p>Realce os sabores dos seus petiscos favoritos com o National Chaat Masala. Esta embalagem de 100g cont\u00e9m uma mistura especial de especiarias, meticulosamente elaborada para criar o tempero perfeito para pratos de chaat picantes e saborosos. O National Chaat Masala acrescenta uma explos\u00e3o de sabor \u00e0s suas prepara\u00e7\u00f5es de chaat, elevando-as a um novo n\u00edvel de del\u00edcias culin\u00e1rias. Combina uma mistura equilibrada de especiarias, incluindo cominhos, coentros, amchur (p\u00f3 de manga seca) e muito mais, para criar um sabor tentador de chaat masala. Eleve os seus petiscos e comida de rua com o sabor aut\u00eantico do National Chaat Masala e desfrute dos sabores vibrantes e picantes do chaat caseiro.<\/p>\n<\/div>\n<\/div>\n<\/div>\n<\/div>\n<\/div>\n<\/div>","protected":false},"excerpt":{"rendered":"<p>Realce os sabores dos seus petiscos favoritos com o National Chaat Masala. Esta embalagem de 100g cont\u00e9m uma mistura especial de especiarias, meticulosamente elaborada para criar o tempero perfeito para pratos de chaat picantes e saborosos. O National Chaat Masala acrescenta uma explos\u00e3o de sabor \u00e0s suas prepara\u00e7\u00f5es de chaat, elevando-as a um novo n\u00edvel de del\u00edcias culin\u00e1rias. \u00c9...<\/p>","protected":false},"featured_media":2253,"comment_status":"closed","ping_status":"closed","template":"","meta":{"_kad_blocks_custom_css":"","_kad_blocks_head_custom_js":"","_kad_blocks_body_custom_js":"","_kad_blocks_footer_custom_js":"","_kadence_starter_templates_imported_post":false,"_kad_post_transparent":"","_kad_post_title":"","_kad_post_layout":"","_kad_post_sidebar_id":"","_kad_post_content_style":"","_kad_post_vertical_padding":"","_kad_post_feature":"","_kad_post_feature_position":"","_kad_post_header":false,"_kad_post_footer":false,"_kad_post_classname":""},"product_brand":[],"product_cat":[49],"product_tag":[],"class_list":{"0":"post-3070","1":"product","2":"type-product","3":"status-publish","4":"has-post-thumbnail","6":"product_cat-mix-spices-seasoning","8":"first","9":"instock","10":"sold-individually","11":"shipping-taxable","12":"purchasable","13":"product-type-simple","14":"entry","15":"content-bg","16":"loop-entry"},"taxonomy_info":{"product_cat":[{"value":49,"label":"Mix Spices &amp; Seasoning"}]},"featured_image_src_large":["https:\/\/sultanspices.es\/wp-content\/uploads\/2023\/07\/NATIONAL-CHAAT-MASALA.png",600,600,false],"author_info":[],"comment_info":0,"jetpack_sharing_enabled":true,"_links":{"self":[{"href":"https:\/\/sultanspices.es\/pt\/wp-json\/wp\/v2\/product\/3070","targetHints":{"allow":["GET"]}}],"collection":[{"href":"https:\/\/sultanspices.es\/pt\/wp-json\/wp\/v2\/product"}],"about":[{"href":"https:\/\/sultanspices.es\/pt\/wp-json\/wp\/v2\/types\/product"}],"replies":[{"embeddable":true,"href":"https:\/\/sultanspices.es\/pt\/wp-json\/wp\/v2\/comments?post=3070"}],"wp:featuredmedia":[{"embeddable":true,"href":"https:\/\/sultanspices.es\/pt\/wp-json\/wp\/v2\/media\/2253"}],"wp:attachment":[{"href":"https:\/\/sultanspices.es\/pt\/wp-json\/wp\/v2\/media?parent=3070"}],"wp:term":[{"taxonomy":"product_brand","embeddable":true,"href":"https:\/\/sultanspices.es\/pt\/wp-json\/wp\/v2\/product_brand?post=3070"},{"taxonomy":"product_cat","embeddable":true,"href":"https:\/\/sultanspices.es\/pt\/wp-json\/wp\/v2\/product_cat?post=3070"},{"taxonomy":"product_tag","embeddable":true,"href":"https:\/\/sultanspices.es\/pt\/wp-json\/wp\/v2\/product_tag?post=3070"}],"curies":[{"name":"wp","href":"https:\/\/api.w.org\/{rel}","templated":true}]}}