{"id":3065,"date":"2023-09-22T21:37:30","date_gmt":"2023-09-22T19:37:30","guid":{"rendered":"https:\/\/sultanspices.es\/?post_type=product&#038;p=3065"},"modified":"2025-07-19T10:59:38","modified_gmt":"2025-07-19T08:59:38","slug":"munaqa-100-g-east-end","status":"publish","type":"product","link":"https:\/\/sultanspices.es\/pt\/produto\/munaqa-100-g-east-end\/","title":{"rendered":"MUNAQA 100 G EAST END"},"content":{"rendered":"<div class=\"group w-full text-gray-800 dark:text-gray-100 border-b border-black\/10 dark:border-gray-900\/50 bg-gray-50 dark:bg-[#444654]\">\n<div class=\"flex p-4 gap-4 text-base md:gap-6 md:max-w-2xl lg:max-w-[38rem] xl:max-w-3xl md:py-6 lg:px-0 m-auto\">\n<div class=\"relative flex w-[calc(100%-50px)] flex-col gap-1 md:gap-3 lg:w-[calc(100%-115px)]\">\n<div class=\"flex flex-grow flex-col gap-3\">\n<div class=\"min-h-[20px] flex items-start overflow-x-auto whitespace-pre-wrap break-words flex-col gap-4\">\n<div class=\"markdown prose w-full break-words dark:prose-invert light\">\n<p>Experimente o sabor e a textura ricos das passas de uva Munaqa Jumbo com sementes. Estas passas grandes e suculentas est\u00e3o repletas de do\u00e7ura natural e de um delicioso tom de noz proveniente das sementes. Perfeitas para petiscar ou para dar um toque de sabor \u00e0s suas receitas, as passas Munaqa Jumbo s\u00e3o uma escolha deliciosa e nutritiva. Eleve os seus pratos com a qualidade premium destas passas jumbo, quer sejam apreciadas como um petisco isolado ou incorporadas nas suas receitas favoritas. Compre as passas de uva Munaqa jumbo com sementes online para um lanche saud\u00e1vel e satisfat\u00f3rio que o deixar\u00e1 com vontade de comer mais.<\/p>\n<\/div>\n<\/div>\n<\/div>\n<\/div>\n<\/div>\n<\/div>","protected":false},"excerpt":{"rendered":"<p>Experimente o sabor e a textura ricos das passas de uva Munaqa Jumbo com sementes. Estas passas grandes e suculentas est\u00e3o repletas de do\u00e7ura natural e de um delicioso tom de noz proveniente das sementes. Perfeitas para petiscar ou para dar um toque de sabor \u00e0s suas receitas, as passas Munaqa Jumbo s\u00e3o uma escolha deliciosa e nutritiva. Eleve os seus pratos com as...<\/p>","protected":false},"featured_media":2257,"comment_status":"closed","ping_status":"closed","template":"","meta":{"_kad_blocks_custom_css":"","_kad_blocks_head_custom_js":"","_kad_blocks_body_custom_js":"","_kad_blocks_footer_custom_js":"","_kadence_starter_templates_imported_post":false,"_kad_post_transparent":"","_kad_post_title":"","_kad_post_layout":"","_kad_post_sidebar_id":"","_kad_post_content_style":"","_kad_post_vertical_padding":"","_kad_post_feature":"","_kad_post_feature_position":"","_kad_post_header":false,"_kad_post_footer":false,"_kad_post_classname":""},"product_brand":[],"product_cat":[60],"product_tag":[],"class_list":{"0":"post-3065","1":"product","2":"type-product","3":"status-publish","4":"has-post-thumbnail","6":"product_cat-dry-fruits","8":"first","9":"outofstock","10":"sold-individually","11":"shipping-taxable","12":"purchasable","13":"product-type-simple","14":"entry","15":"content-bg","16":"loop-entry"},"taxonomy_info":{"product_cat":[{"value":60,"label":"Dry Fruits"}]},"featured_image_src_large":["https:\/\/sultanspices.es\/wp-content\/uploads\/2023\/07\/east-end-munaqa-edited-1024x1024.jpg",1024,1024,true],"author_info":[],"comment_info":0,"jetpack_sharing_enabled":true,"_links":{"self":[{"href":"https:\/\/sultanspices.es\/pt\/wp-json\/wp\/v2\/product\/3065","targetHints":{"allow":["GET"]}}],"collection":[{"href":"https:\/\/sultanspices.es\/pt\/wp-json\/wp\/v2\/product"}],"about":[{"href":"https:\/\/sultanspices.es\/pt\/wp-json\/wp\/v2\/types\/product"}],"replies":[{"embeddable":true,"href":"https:\/\/sultanspices.es\/pt\/wp-json\/wp\/v2\/comments?post=3065"}],"wp:featuredmedia":[{"embeddable":true,"href":"https:\/\/sultanspices.es\/pt\/wp-json\/wp\/v2\/media\/2257"}],"wp:attachment":[{"href":"https:\/\/sultanspices.es\/pt\/wp-json\/wp\/v2\/media?parent=3065"}],"wp:term":[{"taxonomy":"product_brand","embeddable":true,"href":"https:\/\/sultanspices.es\/pt\/wp-json\/wp\/v2\/product_brand?post=3065"},{"taxonomy":"product_cat","embeddable":true,"href":"https:\/\/sultanspices.es\/pt\/wp-json\/wp\/v2\/product_cat?post=3065"},{"taxonomy":"product_tag","embeddable":true,"href":"https:\/\/sultanspices.es\/pt\/wp-json\/wp\/v2\/product_tag?post=3065"}],"curies":[{"name":"wp","href":"https:\/\/api.w.org\/{rel}","templated":true}]}}