{"id":3054,"date":"2023-09-22T21:37:27","date_gmt":"2023-09-22T19:37:27","guid":{"rendered":"https:\/\/sultanspices.es\/?post_type=product&#038;p=3054"},"modified":"2026-02-23T12:40:55","modified_gmt":"2026-02-23T11:40:55","slug":"melon-seeds-charmagz-400g-east-end","status":"publish","type":"product","link":"https:\/\/sultanspices.es\/pt\/produto\/sementes-de-melao-charmagz-400g-east-end\/","title":{"rendered":"SEMENTES DE MEL\u00c3O CHARMAGZ 400G EAST END"},"content":{"rendered":"<div class=\"group w-full text-gray-800 dark:text-gray-100 border-b border-black\/10 dark:border-gray-900\/50 bg-gray-50 dark:bg-[#444654]\">\n<div class=\"flex p-4 gap-4 text-base md:gap-6 md:max-w-2xl lg:max-w-[38rem] xl:max-w-3xl md:py-6 lg:px-0 m-auto\">\n<div class=\"relative flex w-[calc(100%-50px)] flex-col gap-1 md:gap-3 lg:w-[calc(100%-115px)]\">\n<div class=\"flex flex-grow flex-col gap-3\">\n<div class=\"min-h-[20px] flex items-start overflow-x-auto whitespace-pre-wrap break-words flex-col gap-4\">\n<div class=\"markdown prose w-full break-words dark:prose-invert light\">\n<div class=\"group w-full text-gray-800 dark:text-gray-100 border-b border-black\/10 dark:border-gray-900\/50 bg-gray-50 dark:bg-[#444654]\">\n<div class=\"flex p-4 gap-4 text-base md:gap-6 md:max-w-2xl lg:max-w-[38rem] xl:max-w-3xl md:py-6 lg:px-0 m-auto\">\n<div class=\"relative flex w-[calc(100%-50px)] flex-col gap-1 md:gap-3 lg:w-[calc(100%-115px)]\">\n<div class=\"flex flex-grow flex-col gap-3\">\n<div class=\"min-h-[20px] flex items-start overflow-x-auto whitespace-pre-wrap break-words flex-col gap-4\">\n<div class=\"markdown prose w-full break-words dark:prose-invert light\">\n<p>Descubra a bondade nutritiva e com sabor a nozes das sementes de mel\u00e3o Charmagz. Este pacote de 400g oferece sementes de mel\u00e3o de alta qualidade, tamb\u00e9m conhecidas como charmagz, cuidadosamente seleccionadas pelo seu sabor rico e benef\u00edcios para a sa\u00fade. As sementes de mel\u00e3o s\u00e3o frequentemente utilizadas na cozinha indiana e do M\u00e9dio Oriente, acrescentando um delicioso crocante e uma do\u00e7ura subtil aos pratos. Est\u00e3o repletas de nutrientes essenciais, incluindo prote\u00ednas, gorduras saud\u00e1veis e vitaminas, o que as torna uma adi\u00e7\u00e3o saud\u00e1vel \u00e0 sua dieta. Perfeitas para petiscar, cozinhar ou adicionar uma textura estaladi\u00e7a \u00e0s suas receitas favoritas, as Sementes de Mel\u00e3o Charmagz s\u00e3o um ingrediente vers\u00e1til. Desfrute da bondade das nozes de Melon Seeds Charmagz no conforto da sua cozinha.<\/p>\n<\/div>\n<\/div>\n<\/div>\n<\/div>\n<\/div>\n<\/div>\n<\/div>\n<\/div>\n<\/div>\n<\/div>\n<\/div>\n<\/div>","protected":false},"excerpt":{"rendered":"<p>Descubra a bondade nutritiva e com sabor a nozes das sementes de mel\u00e3o Charmagz. Este pacote de 400g oferece sementes de mel\u00e3o de alta qualidade, tamb\u00e9m conhecidas como charmagz, cuidadosamente seleccionadas pelo seu sabor rico e benef\u00edcios para a sa\u00fade. As sementes de mel\u00e3o s\u00e3o frequentemente utilizadas na cozinha indiana e do M\u00e9dio Oriente, acrescentando um delicioso crocante e uma do\u00e7ura subtil aos pratos. Est\u00e3o repletas de...<\/p>","protected":false},"featured_media":2272,"comment_status":"closed","ping_status":"closed","template":"","meta":{"_kad_blocks_custom_css":"","_kad_blocks_head_custom_js":"","_kad_blocks_body_custom_js":"","_kad_blocks_footer_custom_js":"","_kadence_starter_templates_imported_post":false,"_kad_post_transparent":"","_kad_post_title":"","_kad_post_layout":"","_kad_post_sidebar_id":"","_kad_post_content_style":"","_kad_post_vertical_padding":"","_kad_post_feature":"","_kad_post_feature_position":"","_kad_post_header":false,"_kad_post_footer":false,"_kad_post_classname":""},"product_brand":[],"product_cat":[47],"product_tag":[],"class_list":{"0":"post-3054","1":"product","2":"type-product","3":"status-publish","4":"has-post-thumbnail","6":"product_cat-lentils","8":"first","9":"outofstock","10":"sold-individually","11":"shipping-taxable","12":"purchasable","13":"product-type-simple","14":"entry","15":"content-bg","16":"loop-entry"},"taxonomy_info":{"product_cat":[{"value":47,"label":"Lentils"}]},"featured_image_src_large":["https:\/\/sultanspices.es\/wp-content\/uploads\/2023\/07\/charmaghz-melon-seeds.jpeg",225,225,false],"author_info":[],"comment_info":0,"jetpack_sharing_enabled":true,"_links":{"self":[{"href":"https:\/\/sultanspices.es\/pt\/wp-json\/wp\/v2\/product\/3054","targetHints":{"allow":["GET"]}}],"collection":[{"href":"https:\/\/sultanspices.es\/pt\/wp-json\/wp\/v2\/product"}],"about":[{"href":"https:\/\/sultanspices.es\/pt\/wp-json\/wp\/v2\/types\/product"}],"replies":[{"embeddable":true,"href":"https:\/\/sultanspices.es\/pt\/wp-json\/wp\/v2\/comments?post=3054"}],"wp:featuredmedia":[{"embeddable":true,"href":"https:\/\/sultanspices.es\/pt\/wp-json\/wp\/v2\/media\/2272"}],"wp:attachment":[{"href":"https:\/\/sultanspices.es\/pt\/wp-json\/wp\/v2\/media?parent=3054"}],"wp:term":[{"taxonomy":"product_brand","embeddable":true,"href":"https:\/\/sultanspices.es\/pt\/wp-json\/wp\/v2\/product_brand?post=3054"},{"taxonomy":"product_cat","embeddable":true,"href":"https:\/\/sultanspices.es\/pt\/wp-json\/wp\/v2\/product_cat?post=3054"},{"taxonomy":"product_tag","embeddable":true,"href":"https:\/\/sultanspices.es\/pt\/wp-json\/wp\/v2\/product_tag?post=3054"}],"curies":[{"name":"wp","href":"https:\/\/api.w.org\/{rel}","templated":true}]}}