{"id":3049,"date":"2023-09-22T21:37:27","date_gmt":"2023-09-22T19:37:27","guid":{"rendered":"https:\/\/sultanspices.es\/?post_type=product&#038;p=3049"},"modified":"2026-02-23T12:40:53","modified_gmt":"2026-02-23T11:40:53","slug":"liquorice-roots-maluthi-100-g-east-end","status":"publish","type":"product","link":"https:\/\/sultanspices.es\/pt\/produto\/liquorice-roots-maluthi-100-g-east-end\/","title":{"rendered":"RA\u00cdZES DE ALCA\u00c7UZ MALUTHI 100 G EAST END"},"content":{"rendered":"<div class=\"group w-full text-gray-800 dark:text-gray-100 border-b border-black\/10 dark:border-gray-900\/50 bg-gray-50 dark:bg-[#444654]\">\n<div class=\"flex p-4 gap-4 text-base md:gap-6 md:max-w-2xl lg:max-w-[38rem] xl:max-w-3xl md:py-6 lg:px-0 m-auto\">\n<div class=\"relative flex w-[calc(100%-50px)] flex-col gap-1 md:gap-3 lg:w-[calc(100%-115px)]\">\n<div class=\"flex flex-grow flex-col gap-3\">\n<div class=\"min-h-[20px] flex items-start overflow-x-auto whitespace-pre-wrap break-words flex-col gap-4\">\n<div class=\"markdown prose w-full break-words dark:prose-invert light\">\n<p>Delicie-se com a do\u00e7ura natural e o sabor \u00fanico das Ra\u00edzes de Alca\u00e7uz Maluthi da East End. Esta embalagem de 100g oferece ra\u00edzes de alca\u00e7uz de alta qualidade, tamb\u00e9m conhecidas como maluthi, cuidadosamente seleccionadas pelo seu sabor rico e propriedades arom\u00e1ticas. As ra\u00edzes de alca\u00e7uz s\u00e3o frequentemente utilizadas em rem\u00e9dios \u00e0 base de ervas, ch\u00e1s e prepara\u00e7\u00f5es culin\u00e1rias. Conhecidas pelo seu distinto sabor doce e ligeiramente picante, d\u00e3o um toque delicioso \u00e0s suas bebidas e receitas favoritas. East End's Liquorice Roots Maluthi traz-lhe o sabor aut\u00eantico e os benef\u00edcios desta erva popular. Aproveite a conveni\u00eancia da compra online e explore o mundo dos sabores naturais com o Alca\u00e7uz Ra\u00edzes Maluthi da East End.<\/p>\n<\/div>\n<\/div>\n<\/div>\n<\/div>\n<\/div>\n<\/div>","protected":false},"excerpt":{"rendered":"<p>Delicie-se com a do\u00e7ura natural e o sabor \u00fanico das Ra\u00edzes de Alca\u00e7uz Maluthi da East End. Este pacote de 100g oferece ra\u00edzes de alca\u00e7uz de alta qualidade, tamb\u00e9m conhecidas como maluthi, cuidadosamente seleccionadas pelo seu sabor rico e propriedades arom\u00e1ticas. As ra\u00edzes de alca\u00e7uz s\u00e3o frequentemente utilizadas em rem\u00e9dios \u00e0 base de ervas, ch\u00e1s e prepara\u00e7\u00f5es culin\u00e1rias. Conhecidas pelo seu sabor doce e ligeiramente picante...<\/p>","protected":false},"featured_media":2264,"comment_status":"closed","ping_status":"closed","template":"","meta":{"_kad_blocks_custom_css":"","_kad_blocks_head_custom_js":"","_kad_blocks_body_custom_js":"","_kad_blocks_footer_custom_js":"","_kadence_starter_templates_imported_post":false,"_kad_post_transparent":"","_kad_post_title":"","_kad_post_layout":"","_kad_post_sidebar_id":"","_kad_post_content_style":"","_kad_post_vertical_padding":"","_kad_post_feature":"","_kad_post_feature_position":"","_kad_post_header":false,"_kad_post_footer":false,"_kad_post_classname":""},"product_brand":[],"product_cat":[15,50],"product_tag":[],"class_list":{"0":"post-3049","1":"product","2":"type-product","3":"status-publish","4":"has-post-thumbnail","6":"product_cat-indian-items","7":"product_cat-spices","9":"first","10":"outofstock","11":"sold-individually","12":"shipping-taxable","13":"purchasable","14":"product-type-simple","15":"entry","16":"content-bg","17":"loop-entry"},"taxonomy_info":{"product_cat":[{"value":15,"label":"Other Indian Items"},{"value":50,"label":"Spices"}]},"featured_image_src_large":["https:\/\/sultanspices.es\/wp-content\/uploads\/2023\/07\/east-end-liquorice-roots-100g-.jpg",800,800,false],"author_info":[],"comment_info":0,"jetpack_sharing_enabled":true,"_links":{"self":[{"href":"https:\/\/sultanspices.es\/pt\/wp-json\/wp\/v2\/product\/3049","targetHints":{"allow":["GET"]}}],"collection":[{"href":"https:\/\/sultanspices.es\/pt\/wp-json\/wp\/v2\/product"}],"about":[{"href":"https:\/\/sultanspices.es\/pt\/wp-json\/wp\/v2\/types\/product"}],"replies":[{"embeddable":true,"href":"https:\/\/sultanspices.es\/pt\/wp-json\/wp\/v2\/comments?post=3049"}],"wp:featuredmedia":[{"embeddable":true,"href":"https:\/\/sultanspices.es\/pt\/wp-json\/wp\/v2\/media\/2264"}],"wp:attachment":[{"href":"https:\/\/sultanspices.es\/pt\/wp-json\/wp\/v2\/media?parent=3049"}],"wp:term":[{"taxonomy":"product_brand","embeddable":true,"href":"https:\/\/sultanspices.es\/pt\/wp-json\/wp\/v2\/product_brand?post=3049"},{"taxonomy":"product_cat","embeddable":true,"href":"https:\/\/sultanspices.es\/pt\/wp-json\/wp\/v2\/product_cat?post=3049"},{"taxonomy":"product_tag","embeddable":true,"href":"https:\/\/sultanspices.es\/pt\/wp-json\/wp\/v2\/product_tag?post=3049"}],"curies":[{"name":"wp","href":"https:\/\/api.w.org\/{rel}","templated":true}]}}