{"id":3048,"date":"2023-09-22T21:37:27","date_gmt":"2023-09-22T19:37:27","guid":{"rendered":"https:\/\/sultanspices.es\/?post_type=product&#038;p=3048"},"modified":"2025-07-19T10:59:37","modified_gmt":"2025-07-19T08:59:37","slug":"laziza-rasmalai","status":"publish","type":"product","link":"https:\/\/sultanspices.es\/pt\/produto\/laziza-rasmalai\/","title":{"rendered":"LAZIZA RASMALAI"},"content":{"rendered":"<div class=\"group w-full text-gray-800 dark:text-gray-100 border-b border-black\/10 dark:border-gray-900\/50 bg-gray-50 dark:bg-[#444654]\">\n<div class=\"flex p-4 gap-4 text-base md:gap-6 md:max-w-2xl lg:max-w-[38rem] xl:max-w-3xl md:py-6 lg:px-0 m-auto\">\n<div class=\"relative flex w-[calc(100%-50px)] flex-col gap-1 md:gap-3 lg:w-[calc(100%-115px)]\">\n<div class=\"flex flex-grow flex-col gap-3\">\n<div class=\"min-h-[20px] flex items-start overflow-x-auto whitespace-pre-wrap break-words flex-col gap-4\">\n<div class=\"markdown prose w-full break-words dark:prose-invert light\">\n<p>Delicie-se com a do\u00e7ura aveludada do Laziza Rasmalai. Esta deliciosa sobremesa \u00e9 feita de bolinhos de queijo cottage macios e esponjosos, embebidos num xarope de leite cremoso e perfumado. O Laziza Rasmalai oferece uma deliciosa combina\u00e7\u00e3o de sabores, com uma pitada de cardamomo e ess\u00eancia de rosas que tentam as suas papilas gustativas. Cada dentada \u00e9 uma experi\u00eancia divinal, \u00e0 medida que os bolinhos se derretem na boca e o rico xarope de leite envolve o paladar. Perfeito para ocasi\u00f5es especiais ou como um doce deleite, o Laziza Rasmalai ir\u00e1 certamente satisfazer os seus desejos por uma sobremesa tradicional e aut\u00eantica. Encomende online e saboreie a del\u00edcia de Laziza Rasmalai no conforto da sua casa.<\/p>\n<\/div>\n<\/div>\n<\/div>\n<\/div>\n<\/div>\n<\/div>","protected":false},"excerpt":{"rendered":"<p>Delicie-se com a do\u00e7ura aveludada do Laziza Rasmalai. Esta deliciosa sobremesa \u00e9 feita de bolinhos de queijo cottage macios e esponjosos, embebidos num xarope de leite cremoso e perfumado. O Laziza Rasmalai oferece uma deliciosa combina\u00e7\u00e3o de sabores, com um toque de cardamomo e ess\u00eancia de rosas que tentam o seu paladar. Cada dentada \u00e9 uma experi\u00eancia divinal,...<\/p>","protected":false},"featured_media":2266,"comment_status":"closed","ping_status":"closed","template":"","meta":{"_kad_blocks_custom_css":"","_kad_blocks_head_custom_js":"","_kad_blocks_body_custom_js":"","_kad_blocks_footer_custom_js":"","_kadence_starter_templates_imported_post":false,"_kad_post_transparent":"","_kad_post_title":"","_kad_post_layout":"","_kad_post_sidebar_id":"","_kad_post_content_style":"","_kad_post_vertical_padding":"","_kad_post_feature":"","_kad_post_feature_position":"","_kad_post_header":false,"_kad_post_footer":false,"_kad_post_classname":""},"product_brand":[],"product_cat":[48],"product_tag":[],"class_list":{"0":"post-3048","1":"product","2":"type-product","3":"status-publish","4":"has-post-thumbnail","6":"product_cat-dessert-mixes-for-indian-sweets","8":"first","9":"outofstock","10":"sold-individually","11":"shipping-taxable","12":"purchasable","13":"product-type-simple","14":"entry","15":"content-bg","16":"loop-entry"},"taxonomy_info":{"product_cat":[{"value":48,"label":"Dessert Mixes for Indian Sweets"}]},"featured_image_src_large":["https:\/\/sultanspices.es\/wp-content\/uploads\/2023\/07\/LAZIZA-RASMALAI.jpg",1000,1000,false],"author_info":[],"comment_info":0,"jetpack_sharing_enabled":true,"_links":{"self":[{"href":"https:\/\/sultanspices.es\/pt\/wp-json\/wp\/v2\/product\/3048","targetHints":{"allow":["GET"]}}],"collection":[{"href":"https:\/\/sultanspices.es\/pt\/wp-json\/wp\/v2\/product"}],"about":[{"href":"https:\/\/sultanspices.es\/pt\/wp-json\/wp\/v2\/types\/product"}],"replies":[{"embeddable":true,"href":"https:\/\/sultanspices.es\/pt\/wp-json\/wp\/v2\/comments?post=3048"}],"wp:featuredmedia":[{"embeddable":true,"href":"https:\/\/sultanspices.es\/pt\/wp-json\/wp\/v2\/media\/2266"}],"wp:attachment":[{"href":"https:\/\/sultanspices.es\/pt\/wp-json\/wp\/v2\/media?parent=3048"}],"wp:term":[{"taxonomy":"product_brand","embeddable":true,"href":"https:\/\/sultanspices.es\/pt\/wp-json\/wp\/v2\/product_brand?post=3048"},{"taxonomy":"product_cat","embeddable":true,"href":"https:\/\/sultanspices.es\/pt\/wp-json\/wp\/v2\/product_cat?post=3048"},{"taxonomy":"product_tag","embeddable":true,"href":"https:\/\/sultanspices.es\/pt\/wp-json\/wp\/v2\/product_tag?post=3048"}],"curies":[{"name":"wp","href":"https:\/\/api.w.org\/{rel}","templated":true}]}}