{"id":3039,"date":"2023-09-22T21:37:27","date_gmt":"2023-09-22T19:37:27","guid":{"rendered":"https:\/\/sultanspices.es\/?post_type=product&#038;p=3039"},"modified":"2026-02-23T12:40:49","modified_gmt":"2026-02-23T11:40:49","slug":"jeera-powder-1-kg-trs","status":"publish","type":"product","link":"https:\/\/sultanspices.es\/pt\/produto\/jeera-powder-1-kg-trs\/","title":{"rendered":"JEERA EM P\u00d3 1 KG TRS"},"content":{"rendered":"<div class=\"group w-full text-gray-800 dark:text-gray-100 border-b border-black\/10 dark:border-gray-900\/50 bg-gray-50 dark:bg-[#444654]\">\n<div class=\"flex p-4 gap-4 text-base md:gap-6 md:max-w-2xl lg:max-w-[38rem] xl:max-w-3xl md:py-6 lg:px-0 m-auto\">\n<div class=\"relative flex w-[calc(100%-50px)] flex-col gap-1 md:gap-3 lg:w-[calc(100%-115px)]\">\n<div class=\"flex flex-grow flex-col gap-3\">\n<div class=\"min-h-[20px] flex items-start overflow-x-auto whitespace-pre-wrap break-words flex-col gap-4\">\n<div class=\"markdown prose w-full break-words dark:prose-invert light\">\n<p>Adicione uma explos\u00e3o de sabor arom\u00e1tico \u00e0s suas cria\u00e7\u00f5es culin\u00e1rias com TRS Jeera Powder. Esta embalagem de 1 kg oferece cominhos em p\u00f3 de qualidade superior, conhecidos pelo seu sabor e aroma caracter\u00edsticos. O TRS Jeera Powder \u00e9 feito a partir de sementes de cominho cuidadosamente seleccionadas que s\u00e3o mo\u00eddas na perfei\u00e7\u00e3o, garantindo a mais elevada qualidade e frescura. O cominho, tamb\u00e9m conhecido como jeera, \u00e9 uma especiaria vers\u00e1til muito utilizada na cozinha indiana. D\u00e1 um sabor quente e terroso aos caris, pratos de arroz, legumes assados e muito mais. Repleto de nutrientes essenciais, o TRS Jeera em p\u00f3 n\u00e3o s\u00f3 real\u00e7a o sabor dos seus pratos como tamb\u00e9m oferece potenciais benef\u00edcios para a sa\u00fade. Eleve os seus cozinhados com o sabor e o aroma aut\u00eanticos do p\u00f3 de TRS Jeera, um alimento b\u00e1sico em todas as cozinhas. Experimente os ricos sabores da cozinha indiana com TRS Jeera em p\u00f3 e saboreie a ess\u00eancia dos cominhos nas suas receitas favoritas.<\/p>\n<\/div>\n<\/div>\n<\/div>\n<\/div>\n<\/div>\n<\/div>","protected":false},"excerpt":{"rendered":"<p>Adicione uma explos\u00e3o de sabor arom\u00e1tico \u00e0s suas cria\u00e7\u00f5es culin\u00e1rias com TRS Jeera Powder. Esta embalagem de 1 kg oferece cominhos em p\u00f3 de qualidade superior, conhecidos pelo seu sabor e aroma carater\u00edsticos. O TRS Jeera Powder \u00e9 feito a partir de sementes de cominho cuidadosamente selecionadas que s\u00e3o mo\u00eddas na perfei\u00e7\u00e3o, garantindo a mais alta qualidade e frescura. O cominho, tamb\u00e9m conhecido como jeera,...<\/p>","protected":false},"featured_media":2287,"comment_status":"closed","ping_status":"closed","template":"","meta":{"_kad_blocks_custom_css":"","_kad_blocks_head_custom_js":"","_kad_blocks_body_custom_js":"","_kad_blocks_footer_custom_js":"","_kadence_starter_templates_imported_post":false,"_kad_post_transparent":"","_kad_post_title":"","_kad_post_layout":"","_kad_post_sidebar_id":"","_kad_post_content_style":"","_kad_post_vertical_padding":"","_kad_post_feature":"","_kad_post_feature_position":"","_kad_post_header":false,"_kad_post_footer":false,"_kad_post_classname":""},"product_brand":[],"product_cat":[50],"product_tag":[],"class_list":{"0":"post-3039","1":"product","2":"type-product","3":"status-publish","4":"has-post-thumbnail","6":"product_cat-spices","8":"first","9":"outofstock","10":"sold-individually","11":"shipping-taxable","12":"purchasable","13":"product-type-simple","14":"entry","15":"content-bg","16":"loop-entry"},"taxonomy_info":{"product_cat":[{"value":50,"label":"Spices"}]},"featured_image_src_large":["https:\/\/sultanspices.es\/wp-content\/uploads\/2023\/07\/Jeera-powder-1kg.jpeg",204,248,false],"author_info":[],"comment_info":0,"jetpack_sharing_enabled":true,"_links":{"self":[{"href":"https:\/\/sultanspices.es\/pt\/wp-json\/wp\/v2\/product\/3039","targetHints":{"allow":["GET"]}}],"collection":[{"href":"https:\/\/sultanspices.es\/pt\/wp-json\/wp\/v2\/product"}],"about":[{"href":"https:\/\/sultanspices.es\/pt\/wp-json\/wp\/v2\/types\/product"}],"replies":[{"embeddable":true,"href":"https:\/\/sultanspices.es\/pt\/wp-json\/wp\/v2\/comments?post=3039"}],"wp:featuredmedia":[{"embeddable":true,"href":"https:\/\/sultanspices.es\/pt\/wp-json\/wp\/v2\/media\/2287"}],"wp:attachment":[{"href":"https:\/\/sultanspices.es\/pt\/wp-json\/wp\/v2\/media?parent=3039"}],"wp:term":[{"taxonomy":"product_brand","embeddable":true,"href":"https:\/\/sultanspices.es\/pt\/wp-json\/wp\/v2\/product_brand?post=3039"},{"taxonomy":"product_cat","embeddable":true,"href":"https:\/\/sultanspices.es\/pt\/wp-json\/wp\/v2\/product_cat?post=3039"},{"taxonomy":"product_tag","embeddable":true,"href":"https:\/\/sultanspices.es\/pt\/wp-json\/wp\/v2\/product_tag?post=3039"}],"curies":[{"name":"wp","href":"https:\/\/api.w.org\/{rel}","templated":true}]}}