{"id":3027,"date":"2023-09-22T21:37:24","date_gmt":"2023-09-22T19:37:24","guid":{"rendered":"https:\/\/sultanspices.es\/?post_type=product&#038;p=3027"},"modified":"2025-07-19T10:59:36","modified_gmt":"2025-07-19T08:59:36","slug":"everest-kitchen-king","status":"publish","type":"product","link":"https:\/\/sultanspices.es\/pt\/produto\/cozinha-rei-everest\/","title":{"rendered":"COZINHA EVEREST KING"},"content":{"rendered":"<div class=\"group w-full text-gray-800 dark:text-gray-100 border-b border-black\/10 dark:border-gray-900\/50 bg-gray-50 dark:bg-[#444654]\">\n<div class=\"flex p-4 gap-4 text-base md:gap-6 md:max-w-2xl lg:max-w-[38rem] xl:max-w-3xl md:py-6 lg:px-0 m-auto\">\n<div class=\"relative flex w-[calc(100%-50px)] flex-col gap-1 md:gap-3 lg:w-[calc(100%-115px)]\">\n<div class=\"flex flex-grow flex-col gap-3\">\n<div class=\"min-h-[20px] flex items-start overflow-x-auto whitespace-pre-wrap break-words flex-col gap-4\">\n<div class=\"markdown prose w-full break-words dark:prose-invert light\">\n<p>Realce os sabores dos seus pratos favoritos com o Everest Kitchen King. Esta embalagem de 100 g oferece uma mistura \u00fanica de especiarias arom\u00e1ticas, cuidadosamente elaborada para real\u00e7ar o sabor aut\u00eantico da cozinha indiana. O Everest Kitchen King \u00e9 uma mistura de especiarias vers\u00e1til que acrescenta um equil\u00edbrio perfeito de sabores a caris, salteados e outros pratos salgados. Com uma combina\u00e7\u00e3o harmoniosa de especiarias, incluindo coentros, cominhos, curcuma e muito mais, proporciona uma forma pr\u00e1tica de obter os sabores caracter\u00edsticos da cozinha indiana. Eleve as suas cria\u00e7\u00f5es culin\u00e1rias com o sabor e o aroma requintados do Everest Kitchen King. Experimente a ess\u00eancia das especiarias indianas e crie refei\u00e7\u00f5es saborosas que ir\u00e3o deliciar as suas papilas gustativas.<\/p>\n<\/div>\n<\/div>\n<\/div>\n<\/div>\n<\/div>\n<\/div>","protected":false},"excerpt":{"rendered":"<p>Realce os sabores dos seus pratos favoritos com o Everest Kitchen King. Esta embalagem de 100 g oferece uma mistura \u00fanica de especiarias arom\u00e1ticas, cuidadosamente elaborada para real\u00e7ar o sabor aut\u00eantico da cozinha indiana. O Everest Kitchen King \u00e9 uma mistura de especiarias vers\u00e1til que acrescenta um equil\u00edbrio perfeito de sabores a caris, salteados e outros pratos salgados. Com...<\/p>","protected":false},"featured_media":2300,"comment_status":"closed","ping_status":"closed","template":"","meta":{"_kad_blocks_custom_css":"","_kad_blocks_head_custom_js":"","_kad_blocks_body_custom_js":"","_kad_blocks_footer_custom_js":"","_kadence_starter_templates_imported_post":false,"_kad_post_transparent":"","_kad_post_title":"","_kad_post_layout":"","_kad_post_sidebar_id":"","_kad_post_content_style":"","_kad_post_vertical_padding":"","_kad_post_feature":"","_kad_post_feature_position":"","_kad_post_header":false,"_kad_post_footer":false,"_kad_post_classname":""},"product_brand":[],"product_cat":[49],"product_tag":[],"class_list":{"0":"post-3027","1":"product","2":"type-product","3":"status-publish","4":"has-post-thumbnail","6":"product_cat-mix-spices-seasoning","8":"first","9":"outofstock","10":"sold-individually","11":"shipping-taxable","12":"purchasable","13":"product-type-simple","14":"entry","15":"content-bg","16":"loop-entry"},"taxonomy_info":{"product_cat":[{"value":49,"label":"Mix Spices &amp; Seasoning"}]},"featured_image_src_large":["https:\/\/sultanspices.es\/wp-content\/uploads\/2023\/07\/everest-kitchen-king-100g-1024x643.jpg",1024,643,true],"author_info":[],"comment_info":0,"jetpack_sharing_enabled":true,"_links":{"self":[{"href":"https:\/\/sultanspices.es\/pt\/wp-json\/wp\/v2\/product\/3027","targetHints":{"allow":["GET"]}}],"collection":[{"href":"https:\/\/sultanspices.es\/pt\/wp-json\/wp\/v2\/product"}],"about":[{"href":"https:\/\/sultanspices.es\/pt\/wp-json\/wp\/v2\/types\/product"}],"replies":[{"embeddable":true,"href":"https:\/\/sultanspices.es\/pt\/wp-json\/wp\/v2\/comments?post=3027"}],"wp:featuredmedia":[{"embeddable":true,"href":"https:\/\/sultanspices.es\/pt\/wp-json\/wp\/v2\/media\/2300"}],"wp:attachment":[{"href":"https:\/\/sultanspices.es\/pt\/wp-json\/wp\/v2\/media?parent=3027"}],"wp:term":[{"taxonomy":"product_brand","embeddable":true,"href":"https:\/\/sultanspices.es\/pt\/wp-json\/wp\/v2\/product_brand?post=3027"},{"taxonomy":"product_cat","embeddable":true,"href":"https:\/\/sultanspices.es\/pt\/wp-json\/wp\/v2\/product_cat?post=3027"},{"taxonomy":"product_tag","embeddable":true,"href":"https:\/\/sultanspices.es\/pt\/wp-json\/wp\/v2\/product_tag?post=3027"}],"curies":[{"name":"wp","href":"https:\/\/api.w.org\/{rel}","templated":true}]}}