{"id":3025,"date":"2023-09-22T21:37:24","date_gmt":"2023-09-22T19:37:24","guid":{"rendered":"https:\/\/sultanspices.es\/?post_type=product&#038;p=3025"},"modified":"2025-07-19T10:59:36","modified_gmt":"2025-07-19T08:59:36","slug":"eastend-kesar-mango-plup-850g","status":"publish","type":"product","link":"https:\/\/sultanspices.es\/pt\/produto\/eastend-kesar-manga-plup-850g\/","title":{"rendered":"KESAR MANGO PLUP 850G"},"content":{"rendered":"<div class=\"group w-full text-gray-800 dark:text-gray-100 border-b border-black\/10 dark:border-gray-900\/50 bg-gray-50 dark:bg-[#444654]\">\n<div class=\"flex p-4 gap-4 text-base md:gap-6 md:max-w-2xl lg:max-w-[38rem] xl:max-w-3xl md:py-6 lg:px-0 m-auto\">\n<div class=\"relative flex w-[calc(100%-50px)] flex-col gap-1 md:gap-3 lg:w-[calc(100%-115px)]\">\n<div class=\"flex flex-grow flex-col gap-3\">\n<div class=\"min-h-[20px] flex items-start overflow-x-auto whitespace-pre-wrap break-words flex-col gap-4\">\n<div class=\"markdown prose w-full break-words dark:prose-invert light\">\n<p>Delicie-se com o sabor delicioso e tropical da polpa de manga Kesar da East End. Esta embalagem de 850g oferece polpa de manga da melhor qualidade, feita a partir de suculentas mangas Kesar. A Polpa de Manga Kesar da East End \u00e9 cuidadosamente processada para captar a do\u00e7ura natural e o sabor vibrante das mangas frescas. \u00c9 um ingrediente perfeito para criar uma variedade de sobremesas, bebidas e batidos. Aprecie a textura aveludada e a ess\u00eancia arom\u00e1tica das mangas Kesar em cada colherada. Quer esteja a fazer lassi de manga, gelado de manga ou simplesmente a apreci\u00e1-la como cobertura de fruta, a Polpa de Manga Kesar da East End traz o sabor aut\u00eantico das mangas \u00e0s suas cria\u00e7\u00f5es culin\u00e1rias. Mime-se com uma del\u00edcia tropical com a Polpa de Manga Kesar da East End e sinta a alegria do ver\u00e3o durante todo o ano.<\/p>\n<\/div>\n<\/div>\n<\/div>\n<\/div>\n<\/div>\n<\/div>","protected":false},"excerpt":{"rendered":"<p>Delicie-se com o sabor delicioso e tropical da polpa de manga Kesar da East End. Esta embalagem de 850g oferece polpa de manga da melhor qualidade, feita a partir de suculentas mangas Kesar. A Polpa de Manga Kesar da East End \u00e9 cuidadosamente processada para captar a do\u00e7ura natural e o sabor vibrante das mangas frescas. \u00c9 um ingrediente perfeito para criar uma variedade de...<\/p>","protected":false},"featured_media":2304,"comment_status":"closed","ping_status":"closed","template":"","meta":{"_kad_blocks_custom_css":"","_kad_blocks_head_custom_js":"","_kad_blocks_body_custom_js":"","_kad_blocks_footer_custom_js":"","_kadence_starter_templates_imported_post":false,"_kad_post_transparent":"","_kad_post_title":"","_kad_post_layout":"","_kad_post_sidebar_id":"","_kad_post_content_style":"","_kad_post_vertical_padding":"","_kad_post_feature":"","_kad_post_feature_position":"","_kad_post_header":false,"_kad_post_footer":false,"_kad_post_classname":""},"product_brand":[],"product_cat":[15,58,51,55],"product_tag":[],"class_list":{"0":"post-3025","1":"product","2":"type-product","3":"status-publish","4":"has-post-thumbnail","6":"product_cat-indian-items","7":"product_cat-beverages","8":"product_cat-desserts-sweets","9":"product_cat-pastes","11":"first","12":"outofstock","13":"sold-individually","14":"shipping-taxable","15":"purchasable","16":"product-type-simple","17":"entry","18":"content-bg","19":"loop-entry"},"taxonomy_info":{"product_cat":[{"value":15,"label":"Other Indian Items"},{"value":58,"label":"Beverages"},{"value":51,"label":"Desserts and Sweets"},{"value":55,"label":"Pastes, Pickles &amp; Sauces"}]},"featured_image_src_large":["https:\/\/sultanspices.es\/wp-content\/uploads\/2023\/07\/Kesar-Mango-Pulp-EE.jpeg",225,225,false],"author_info":[],"comment_info":0,"jetpack_sharing_enabled":true,"_links":{"self":[{"href":"https:\/\/sultanspices.es\/pt\/wp-json\/wp\/v2\/product\/3025","targetHints":{"allow":["GET"]}}],"collection":[{"href":"https:\/\/sultanspices.es\/pt\/wp-json\/wp\/v2\/product"}],"about":[{"href":"https:\/\/sultanspices.es\/pt\/wp-json\/wp\/v2\/types\/product"}],"replies":[{"embeddable":true,"href":"https:\/\/sultanspices.es\/pt\/wp-json\/wp\/v2\/comments?post=3025"}],"wp:featuredmedia":[{"embeddable":true,"href":"https:\/\/sultanspices.es\/pt\/wp-json\/wp\/v2\/media\/2304"}],"wp:attachment":[{"href":"https:\/\/sultanspices.es\/pt\/wp-json\/wp\/v2\/media?parent=3025"}],"wp:term":[{"taxonomy":"product_brand","embeddable":true,"href":"https:\/\/sultanspices.es\/pt\/wp-json\/wp\/v2\/product_brand?post=3025"},{"taxonomy":"product_cat","embeddable":true,"href":"https:\/\/sultanspices.es\/pt\/wp-json\/wp\/v2\/product_cat?post=3025"},{"taxonomy":"product_tag","embeddable":true,"href":"https:\/\/sultanspices.es\/pt\/wp-json\/wp\/v2\/product_tag?post=3025"}],"curies":[{"name":"wp","href":"https:\/\/api.w.org\/{rel}","templated":true}]}}