{"id":3023,"date":"2023-09-22T21:37:23","date_gmt":"2023-09-22T19:37:23","guid":{"rendered":"https:\/\/sultanspices.es\/?post_type=product&#038;p=3023"},"modified":"2025-07-19T10:59:36","modified_gmt":"2025-07-19T08:59:36","slug":"east-end-urid-dall-500g","status":"publish","type":"product","link":"https:\/\/sultanspices.es\/pt\/produto\/east-end-urid-dall-500g\/","title":{"rendered":"EAST END URID DALL 500G"},"content":{"rendered":"<div class=\"group w-full text-gray-800 dark:text-gray-100 border-b border-black\/10 dark:border-gray-900\/50 bg-gray-50 dark:bg-[#444654]\">\n<div class=\"flex p-4 gap-4 text-base md:gap-6 md:max-w-2xl lg:max-w-[38rem] xl:max-w-3xl md:py-6 lg:px-0 m-auto\">\n<div class=\"relative flex w-[calc(100%-50px)] flex-col gap-1 md:gap-3 lg:w-[calc(100%-115px)]\">\n<div class=\"flex flex-grow flex-col gap-3\">\n<div class=\"min-h-[20px] flex items-start overflow-x-auto whitespace-pre-wrap break-words flex-col gap-4\">\n<div class=\"markdown prose w-full break-words dark:prose-invert light\">\n<p>Desfrute do sabor rico e a nozes do East End Urid Dal. Esta embalagem de 500 g oferece urid dal de alta qualidade, tamb\u00e9m conhecido como grama preta, conhecido pela sua versatilidade e valor nutricional. O East End Urid Dal \u00e9 cuidadosamente obtido e processado para garantir a mais elevada qualidade e sabor. Cozinha-se facilmente e tem uma textura cremosa, o que o torna perfeito para dals, sopas e uma variedade de pratos indianos. Repleto de prote\u00ednas, fibras e nutrientes essenciais, o Urid Dal \u00e9 uma adi\u00e7\u00e3o saud\u00e1vel \u00e0 sua dieta equilibrada. Com o compromisso da East End para com a qualidade, pode confiar que est\u00e1 a obter o melhor urid dal para as suas cria\u00e7\u00f5es culin\u00e1rias. Encomende online e desfrute dos sabores aut\u00eanticos e da nutri\u00e7\u00e3o do Urid Dal da East End na sua cozinha quotidiana.<\/p>\n<\/div>\n<\/div>\n<\/div>\n<\/div>\n<\/div>\n<\/div>","protected":false},"excerpt":{"rendered":"<p>Desfrute do sabor rico e a nozes do East End Urid Dal. Este pacote de 500 g oferece urid dal de alta qualidade, tamb\u00e9m conhecido como grama preta, conhecido pela sua versatilidade e valor nutricional. O East End Urid Dal \u00e9 cuidadosamente obtido e processado para garantir a mais elevada qualidade e sabor. Cozinha-se facilmente e tem uma textura cremosa, o que o torna...<\/p>","protected":false},"featured_media":2297,"comment_status":"closed","ping_status":"closed","template":"","meta":{"_kad_blocks_custom_css":"","_kad_blocks_head_custom_js":"","_kad_blocks_body_custom_js":"","_kad_blocks_footer_custom_js":"","_kadence_starter_templates_imported_post":false,"_kad_post_transparent":"","_kad_post_title":"","_kad_post_layout":"","_kad_post_sidebar_id":"","_kad_post_content_style":"","_kad_post_vertical_padding":"","_kad_post_feature":"","_kad_post_feature_position":"","_kad_post_header":false,"_kad_post_footer":false,"_kad_post_classname":""},"product_brand":[],"product_cat":[47],"product_tag":[],"class_list":{"0":"post-3023","1":"product","2":"type-product","3":"status-publish","4":"has-post-thumbnail","6":"product_cat-lentils","8":"first","9":"outofstock","10":"sold-individually","11":"shipping-taxable","12":"purchasable","13":"product-type-simple","14":"entry","15":"content-bg","16":"loop-entry"},"taxonomy_info":{"product_cat":[{"value":47,"label":"Lentils"}]},"featured_image_src_large":["https:\/\/sultanspices.es\/wp-content\/uploads\/2023\/07\/east-end-500g-urid-dall-washed-.png",800,800,false],"author_info":[],"comment_info":0,"jetpack_sharing_enabled":true,"_links":{"self":[{"href":"https:\/\/sultanspices.es\/pt\/wp-json\/wp\/v2\/product\/3023","targetHints":{"allow":["GET"]}}],"collection":[{"href":"https:\/\/sultanspices.es\/pt\/wp-json\/wp\/v2\/product"}],"about":[{"href":"https:\/\/sultanspices.es\/pt\/wp-json\/wp\/v2\/types\/product"}],"replies":[{"embeddable":true,"href":"https:\/\/sultanspices.es\/pt\/wp-json\/wp\/v2\/comments?post=3023"}],"wp:featuredmedia":[{"embeddable":true,"href":"https:\/\/sultanspices.es\/pt\/wp-json\/wp\/v2\/media\/2297"}],"wp:attachment":[{"href":"https:\/\/sultanspices.es\/pt\/wp-json\/wp\/v2\/media?parent=3023"}],"wp:term":[{"taxonomy":"product_brand","embeddable":true,"href":"https:\/\/sultanspices.es\/pt\/wp-json\/wp\/v2\/product_brand?post=3023"},{"taxonomy":"product_cat","embeddable":true,"href":"https:\/\/sultanspices.es\/pt\/wp-json\/wp\/v2\/product_cat?post=3023"},{"taxonomy":"product_tag","embeddable":true,"href":"https:\/\/sultanspices.es\/pt\/wp-json\/wp\/v2\/product_tag?post=3023"}],"curies":[{"name":"wp","href":"https:\/\/api.w.org\/{rel}","templated":true}]}}