{"id":3022,"date":"2023-09-22T21:37:23","date_gmt":"2023-09-22T19:37:23","guid":{"rendered":"https:\/\/sultanspices.es\/?post_type=product&#038;p=3022"},"modified":"2025-07-19T10:59:36","modified_gmt":"2025-07-19T08:59:36","slug":"east-end-moong-whole-beans-1-kg","status":"publish","type":"product","link":"https:\/\/sultanspices.es\/pt\/produto\/feijoes-inteiros-de-east-end-moong-1-kg\/","title":{"rendered":"FEIJ\u00c3O MOONG DO LESTE 1 KG"},"content":{"rendered":"<div class=\"group w-full text-gray-800 dark:text-gray-100 border-b border-black\/10 dark:border-gray-900\/50 bg-gray-50 dark:bg-[#444654]\">\n<div class=\"flex p-4 gap-4 text-base md:gap-6 md:max-w-2xl lg:max-w-[38rem] xl:max-w-3xl md:py-6 lg:px-0 m-auto\">\n<div class=\"relative flex w-[calc(100%-50px)] flex-col gap-1 md:gap-3 lg:w-[calc(100%-115px)]\">\n<div class=\"flex flex-grow flex-col gap-3\">\n<div class=\"min-h-[20px] flex items-start overflow-x-auto whitespace-pre-wrap break-words flex-col gap-4\">\n<div class=\"markdown prose w-full break-words dark:prose-invert light\">\n<p>Experimente os benef\u00edcios nutricionais e a versatilidade dos feij\u00f5es inteiros Moong da East End. Esta embalagem de 1 kg oferece feij\u00f5es moong inteiros de qualidade superior, conhecidos pelo seu rico teor de prote\u00ednas e sabor delicioso. Os feij\u00f5es inteiros Moong da East End s\u00e3o cuidadosamente seleccionados e embalados para garantir a sua frescura e qualidade. Estes feij\u00f5es s\u00e3o um ingrediente popular numa variedade de pratos indianos, incluindo caril, saladas e rebentos. Com o seu sabor suave e terroso, acrescentam uma textura deliciosa e uma bondade saud\u00e1vel \u00e0s suas cria\u00e7\u00f5es culin\u00e1rias. Repleto de nutrientes essenciais e fibras alimentares, o feij\u00e3o moong \u00e9 uma adi\u00e7\u00e3o saud\u00e1vel \u00e0 sua dieta equilibrada. Descubra o sabor aut\u00eantico e os benef\u00edcios nutritivos dos feij\u00f5es inteiros Moong da East End e eleve os seus cozinhados a novos patamares.<\/p>\n<\/div>\n<\/div>\n<\/div>\n<\/div>\n<\/div>\n<\/div>","protected":false},"excerpt":{"rendered":"<p>Experimente os benef\u00edcios nutricionais e a versatilidade dos feij\u00f5es inteiros Moong da East End. Esta embalagem de 1 kg oferece feij\u00f5es moong inteiros de qualidade superior, conhecidos pelo seu rico teor de prote\u00ednas e sabor delicioso. Os feij\u00f5es inteiros Moong da East End s\u00e3o cuidadosamente seleccionados e embalados para garantir a sua frescura e qualidade. Estes feij\u00f5es s\u00e3o um ingrediente popular numa variedade de pratos indianos...<\/p>","protected":false},"featured_media":2306,"comment_status":"closed","ping_status":"closed","template":"","meta":{"_kad_blocks_custom_css":"","_kad_blocks_head_custom_js":"","_kad_blocks_body_custom_js":"","_kad_blocks_footer_custom_js":"","_kadence_starter_templates_imported_post":false,"_kad_post_transparent":"","_kad_post_title":"","_kad_post_layout":"","_kad_post_sidebar_id":"","_kad_post_content_style":"","_kad_post_vertical_padding":"","_kad_post_feature":"","_kad_post_feature_position":"","_kad_post_header":false,"_kad_post_footer":false,"_kad_post_classname":""},"product_brand":[],"product_cat":[47],"product_tag":[],"class_list":{"0":"post-3022","1":"product","2":"type-product","3":"status-publish","4":"has-post-thumbnail","6":"product_cat-lentils","8":"first","9":"outofstock","10":"sold-individually","11":"shipping-taxable","12":"purchasable","13":"product-type-simple","14":"entry","15":"content-bg","16":"loop-entry"},"taxonomy_info":{"product_cat":[{"value":47,"label":"Lentils"}]},"featured_image_src_large":["https:\/\/sultanspices.es\/wp-content\/uploads\/2023\/07\/EE-MOONG-WHOLE-1KGX12PC.jpg",600,600,false],"author_info":[],"comment_info":0,"jetpack_sharing_enabled":true,"_links":{"self":[{"href":"https:\/\/sultanspices.es\/pt\/wp-json\/wp\/v2\/product\/3022","targetHints":{"allow":["GET"]}}],"collection":[{"href":"https:\/\/sultanspices.es\/pt\/wp-json\/wp\/v2\/product"}],"about":[{"href":"https:\/\/sultanspices.es\/pt\/wp-json\/wp\/v2\/types\/product"}],"replies":[{"embeddable":true,"href":"https:\/\/sultanspices.es\/pt\/wp-json\/wp\/v2\/comments?post=3022"}],"wp:featuredmedia":[{"embeddable":true,"href":"https:\/\/sultanspices.es\/pt\/wp-json\/wp\/v2\/media\/2306"}],"wp:attachment":[{"href":"https:\/\/sultanspices.es\/pt\/wp-json\/wp\/v2\/media?parent=3022"}],"wp:term":[{"taxonomy":"product_brand","embeddable":true,"href":"https:\/\/sultanspices.es\/pt\/wp-json\/wp\/v2\/product_brand?post=3022"},{"taxonomy":"product_cat","embeddable":true,"href":"https:\/\/sultanspices.es\/pt\/wp-json\/wp\/v2\/product_cat?post=3022"},{"taxonomy":"product_tag","embeddable":true,"href":"https:\/\/sultanspices.es\/pt\/wp-json\/wp\/v2\/product_tag?post=3022"}],"curies":[{"name":"wp","href":"https:\/\/api.w.org\/{rel}","templated":true}]}}