{"id":3020,"date":"2023-09-22T21:37:23","date_gmt":"2023-09-22T19:37:23","guid":{"rendered":"https:\/\/sultanspices.es\/?post_type=product&#038;p=3020"},"modified":"2025-07-19T10:59:36","modified_gmt":"2025-07-19T08:59:36","slug":"east-end-klowunji-seeds-black-100g","status":"publish","type":"product","link":"https:\/\/sultanspices.es\/pt\/produto\/east-end-klowunji-sementes-pretas-100g\/","title":{"rendered":"SEMENTES DE KLOWUNJI PRETO DE EAST END 100G"},"content":{"rendered":"<div class=\"group w-full text-gray-800 dark:text-gray-100 border-b border-black\/10 dark:border-gray-900\/50 bg-gray-50 dark:bg-[#444654]\">\n<div class=\"flex p-4 gap-4 text-base md:gap-6 md:max-w-2xl lg:max-w-[38rem] xl:max-w-3xl md:py-6 lg:px-0 m-auto\">\n<div class=\"relative flex w-[calc(100%-50px)] flex-col gap-1 md:gap-3 lg:w-[calc(100%-115px)]\">\n<div class=\"flex flex-grow flex-col gap-3\">\n<div class=\"min-h-[20px] flex items-start overflow-x-auto whitespace-pre-wrap break-words flex-col gap-4\">\n<div class=\"result-streaming markdown prose w-full break-words dark:prose-invert light\">\n<p>Descubra o sabor distinto e arom\u00e1tico das sementes de Kalonji da East End. Este pacote de 100g oferece sementes de cominho preto de qualidade superior, tamb\u00e9m conhecidas como sementes de kalonji ou nigella. As sementes de Kalonji da East End s\u00e3o cuidadosamente seleccionadas e embaladas para garantir frescura e sabor. Conhecidas pelo seu sabor \u00fanico e in\u00fameros benef\u00edcios para a sa\u00fade, as sementes de kalonji s\u00e3o amplamente utilizadas na cozinha indiana e do M\u00e9dio Oriente. Acrescentam uma croc\u00e2ncia deliciosa e um toque de sabor apimentado e a nozes a uma variedade de pratos, incluindo p\u00e3o, caril, pickles e saladas. Com a sua versatilidade e rica hist\u00f3ria culin\u00e1ria, as sementes de kalonji s\u00e3o uma especiaria imprescind\u00edvel para qualquer cozinha. Experimente o sabor aut\u00eantico das sementes de Kalonji de East End e eleve as suas cria\u00e7\u00f5es culin\u00e1rias com este ingrediente saboroso.<\/p>\n<\/div>\n<\/div>\n<\/div>\n<\/div>\n<\/div>\n<\/div>","protected":false},"excerpt":{"rendered":"<p>Descubra o sabor distinto e arom\u00e1tico das sementes de Kalonji da East End. Este pacote de 100g oferece sementes de cominho preto de qualidade superior, tamb\u00e9m conhecidas como sementes de kalonji ou nigella. As sementes de Kalonji da East End s\u00e3o cuidadosamente seleccionadas e embaladas para garantir frescura e sabor. Conhecidas pelo seu sabor \u00fanico e numerosos benef\u00edcios para a sa\u00fade, as sementes de kalonji s\u00e3o...<\/p>","protected":false},"featured_media":2299,"comment_status":"closed","ping_status":"closed","template":"","meta":{"_kad_blocks_custom_css":"","_kad_blocks_head_custom_js":"","_kad_blocks_body_custom_js":"","_kad_blocks_footer_custom_js":"","_kadence_starter_templates_imported_post":false,"_kad_post_transparent":"","_kad_post_title":"","_kad_post_layout":"","_kad_post_sidebar_id":"","_kad_post_content_style":"","_kad_post_vertical_padding":"","_kad_post_feature":"","_kad_post_feature_position":"","_kad_post_header":false,"_kad_post_footer":false,"_kad_post_classname":""},"product_brand":[],"product_cat":[50],"product_tag":[],"class_list":{"0":"post-3020","1":"product","2":"type-product","3":"status-publish","4":"has-post-thumbnail","6":"product_cat-spices","8":"first","9":"outofstock","10":"sold-individually","11":"shipping-taxable","12":"purchasable","13":"product-type-simple","14":"entry","15":"content-bg","16":"loop-entry"},"taxonomy_info":{"product_cat":[{"value":50,"label":"Spices"}]},"featured_image_src_large":["https:\/\/sultanspices.es\/wp-content\/uploads\/2023\/07\/Klowunji-Seeds-Black-EE.jpg",640,640,false],"author_info":[],"comment_info":0,"jetpack_sharing_enabled":true,"_links":{"self":[{"href":"https:\/\/sultanspices.es\/pt\/wp-json\/wp\/v2\/product\/3020","targetHints":{"allow":["GET"]}}],"collection":[{"href":"https:\/\/sultanspices.es\/pt\/wp-json\/wp\/v2\/product"}],"about":[{"href":"https:\/\/sultanspices.es\/pt\/wp-json\/wp\/v2\/types\/product"}],"replies":[{"embeddable":true,"href":"https:\/\/sultanspices.es\/pt\/wp-json\/wp\/v2\/comments?post=3020"}],"wp:featuredmedia":[{"embeddable":true,"href":"https:\/\/sultanspices.es\/pt\/wp-json\/wp\/v2\/media\/2299"}],"wp:attachment":[{"href":"https:\/\/sultanspices.es\/pt\/wp-json\/wp\/v2\/media?parent=3020"}],"wp:term":[{"taxonomy":"product_brand","embeddable":true,"href":"https:\/\/sultanspices.es\/pt\/wp-json\/wp\/v2\/product_brand?post=3020"},{"taxonomy":"product_cat","embeddable":true,"href":"https:\/\/sultanspices.es\/pt\/wp-json\/wp\/v2\/product_cat?post=3020"},{"taxonomy":"product_tag","embeddable":true,"href":"https:\/\/sultanspices.es\/pt\/wp-json\/wp\/v2\/product_tag?post=3020"}],"curies":[{"name":"wp","href":"https:\/\/api.w.org\/{rel}","templated":true}]}}