{"id":3019,"date":"2023-09-22T21:37:23","date_gmt":"2023-09-22T19:37:23","guid":{"rendered":"https:\/\/sultanspices.es\/?post_type=product&#038;p=3019"},"modified":"2025-07-19T10:59:36","modified_gmt":"2025-07-19T08:59:36","slug":"east-end-kashmiri-masala-curry-paste-24kg","status":"publish","type":"product","link":"https:\/\/sultanspices.es\/pt\/produto\/pasta-de-caril-de-caxemira-24kg\/","title":{"rendered":"PASTA DE CARIL MASALA DE CAXEMIRA 2,4 KG"},"content":{"rendered":"<div class=\"group w-full text-gray-800 dark:text-gray-100 border-b border-black\/10 dark:border-gray-900\/50 bg-gray-50 dark:bg-[#444654]\">\n<div class=\"flex p-4 gap-4 text-base md:gap-6 md:max-w-2xl lg:max-w-[38rem] xl:max-w-3xl md:py-6 lg:px-0 m-auto\">\n<div class=\"relative flex w-[calc(100%-50px)] flex-col gap-1 md:gap-3 lg:w-[calc(100%-115px)]\">\n<div class=\"flex flex-grow flex-col gap-3\">\n<div class=\"min-h-[20px] flex items-start overflow-x-auto whitespace-pre-wrap break-words flex-col gap-4\">\n<div class=\"markdown prose w-full break-words dark:prose-invert light\">\n<p>Experimente os sabores vibrantes da cozinha de Caxemira com a pasta de caril East End Kashmiri Masala. Esta embalagem de 2,4 kg oferece uma generosa quantidade de pasta de caril aut\u00eantica da Caxemira, cuidadosamente elaborada com uma mistura de especiarias e ingredientes arom\u00e1ticos. A pasta de caril East End Kashmiri Masala capta a ess\u00eancia da cozinha da Caxemira, conhecida pelos seus caris ricos e perfumados. Acrescenta uma deliciosa profundidade de sabor e um calor suave, mas distinto, aos seus pratos favoritos. Quer esteja a preparar um Rogan Josh tradicional, um caril de vegetais saboroso ou a experimentar receitas de fus\u00e3o, esta vers\u00e1til pasta de caril ir\u00e1 certamente impressionar. Com a sua embalagem pr\u00e1tica, pode facilmente distribuir a quantidade desejada para as suas cria\u00e7\u00f5es culin\u00e1rias. Eleve os seus cozinhados com o sabor aut\u00eantico da pasta de caril East End Kashmiri Masala e embarque numa deliciosa viagem pelos sabores de Caxemira.<\/p>\n<\/div>\n<\/div>\n<\/div>\n<\/div>\n<\/div>\n<\/div>","protected":false},"excerpt":{"rendered":"<p>Experimente os sabores vibrantes da cozinha de Caxemira com a pasta de caril East End Kashmiri Masala. Esta embalagem de 2,4 kg oferece uma generosa quantidade de pasta de caril aut\u00eantica da Caxemira, cuidadosamente elaborada com uma mistura de especiarias e ingredientes arom\u00e1ticos. A pasta de caril East End Kashmiri Masala capta a ess\u00eancia da cozinha da Caxemira, conhecida pelos seus caris ricos e perfumados....<\/p>","protected":false},"featured_media":2296,"comment_status":"closed","ping_status":"closed","template":"","meta":{"_kad_blocks_custom_css":"","_kad_blocks_head_custom_js":"","_kad_blocks_body_custom_js":"","_kad_blocks_footer_custom_js":"","_kadence_starter_templates_imported_post":false,"_kad_post_transparent":"","_kad_post_title":"","_kad_post_layout":"","_kad_post_sidebar_id":"","_kad_post_content_style":"","_kad_post_vertical_padding":"","_kad_post_feature":"","_kad_post_feature_position":"","_kad_post_header":false,"_kad_post_footer":false,"_kad_post_classname":""},"product_brand":[],"product_cat":[55],"product_tag":[],"class_list":{"0":"post-3019","1":"product","2":"type-product","3":"status-publish","4":"has-post-thumbnail","6":"product_cat-pastes","8":"first","9":"outofstock","10":"sold-individually","11":"shipping-taxable","12":"purchasable","13":"product-type-simple","14":"entry","15":"content-bg","16":"loop-entry"},"taxonomy_info":{"product_cat":[{"value":55,"label":"Pastes, Pickles &amp; Sauces"}]},"featured_image_src_large":["https:\/\/sultanspices.es\/wp-content\/uploads\/2023\/07\/Eastend-Kashmiri-masala-paste.jpg",416,416,false],"author_info":[],"comment_info":0,"jetpack_sharing_enabled":true,"_links":{"self":[{"href":"https:\/\/sultanspices.es\/pt\/wp-json\/wp\/v2\/product\/3019","targetHints":{"allow":["GET"]}}],"collection":[{"href":"https:\/\/sultanspices.es\/pt\/wp-json\/wp\/v2\/product"}],"about":[{"href":"https:\/\/sultanspices.es\/pt\/wp-json\/wp\/v2\/types\/product"}],"replies":[{"embeddable":true,"href":"https:\/\/sultanspices.es\/pt\/wp-json\/wp\/v2\/comments?post=3019"}],"wp:featuredmedia":[{"embeddable":true,"href":"https:\/\/sultanspices.es\/pt\/wp-json\/wp\/v2\/media\/2296"}],"wp:attachment":[{"href":"https:\/\/sultanspices.es\/pt\/wp-json\/wp\/v2\/media?parent=3019"}],"wp:term":[{"taxonomy":"product_brand","embeddable":true,"href":"https:\/\/sultanspices.es\/pt\/wp-json\/wp\/v2\/product_brand?post=3019"},{"taxonomy":"product_cat","embeddable":true,"href":"https:\/\/sultanspices.es\/pt\/wp-json\/wp\/v2\/product_cat?post=3019"},{"taxonomy":"product_tag","embeddable":true,"href":"https:\/\/sultanspices.es\/pt\/wp-json\/wp\/v2\/product_tag?post=3019"}],"curies":[{"name":"wp","href":"https:\/\/api.w.org\/{rel}","templated":true}]}}