{"id":3017,"date":"2023-09-22T21:37:23","date_gmt":"2023-09-22T19:37:23","guid":{"rendered":"https:\/\/sultanspices.es\/?post_type=product&#038;p=3017"},"modified":"2026-02-23T12:40:43","modified_gmt":"2026-02-23T11:40:43","slug":"didilo-salsa-de-soja-1l","status":"publish","type":"product","link":"https:\/\/sultanspices.es\/pt\/produto\/didilo-salsa-de-soja-1l\/","title":{"rendered":"DIDILO SALSA DE SOJA 1L"},"content":{"rendered":"<div class=\"group w-full text-gray-800 dark:text-gray-100 border-b border-black\/10 dark:border-gray-900\/50 bg-gray-50 dark:bg-[#444654]\">\n<div class=\"flex p-4 gap-4 text-base md:gap-6 md:max-w-2xl lg:max-w-[38rem] xl:max-w-3xl md:py-6 lg:px-0 m-auto\">\n<div class=\"relative flex w-[calc(100%-50px)] flex-col gap-1 md:gap-3 lg:w-[calc(100%-115px)]\">\n<div class=\"flex flex-grow flex-col gap-3\">\n<div class=\"min-h-[20px] flex items-start overflow-x-auto whitespace-pre-wrap break-words flex-col gap-4\">\n<div class=\"markdown prose w-full break-words dark:prose-invert light\">\n<p>Eleve os seus pratos com o sabor rico e saboroso da Didilo Salsa de Soja. Esta garrafa de 1L oferece um molho de soja de qualidade superior que acrescenta profundidade e umami \u00e0s suas receitas favoritas. Feito a partir de gr\u00e3os de soja cuidadosamente seleccionados e envelhecidos at\u00e9 \u00e0 perfei\u00e7\u00e3o, Didilo Salsa de Soja oferece um equil\u00edbrio perfeito de notas salgadas e saborosas. Quer esteja a marinar carne, a fritar vegetais, ou a real\u00e7ar o sabor de sopas e molhos, este molho de soja \u00e9 um condimento vers\u00e1til que real\u00e7a o melhor das suas cria\u00e7\u00f5es culin\u00e1rias. Experimente o sabor aut\u00eantico de Didilo Salsa de Soja e eleve os seus pratos a novos n\u00edveis de delicadeza.<\/p>\n<\/div>\n<\/div>\n<\/div>\n<\/div>\n<\/div>\n<\/div>","protected":false},"excerpt":{"rendered":"<p>Eleve os seus pratos com o sabor rico e saboroso da Didilo Salsa de Soja. Esta garrafa de 1L oferece um molho de soja de qualidade superior que adiciona profundidade e umami \u00e0s suas receitas favoritas. Feito a partir de gr\u00e3os de soja cuidadosamente seleccionados e envelhecidos at\u00e9 \u00e0 perfei\u00e7\u00e3o, Didilo Salsa de Soja oferece um equil\u00edbrio perfeito de notas salgadas e saborosas. Quer...<\/p>","protected":false},"featured_media":2289,"comment_status":"closed","ping_status":"closed","template":"","meta":{"_kad_blocks_custom_css":"","_kad_blocks_head_custom_js":"","_kad_blocks_body_custom_js":"","_kad_blocks_footer_custom_js":"","_kadence_starter_templates_imported_post":false,"_kad_post_transparent":"","_kad_post_title":"","_kad_post_layout":"","_kad_post_sidebar_id":"","_kad_post_content_style":"","_kad_post_vertical_padding":"","_kad_post_feature":"","_kad_post_feature_position":"","_kad_post_header":false,"_kad_post_footer":false,"_kad_post_classname":""},"product_brand":[],"product_cat":[58],"product_tag":[],"class_list":{"0":"post-3017","1":"product","2":"type-product","3":"status-publish","4":"has-post-thumbnail","6":"product_cat-beverages","8":"first","9":"outofstock","10":"sold-individually","11":"shipping-taxable","12":"purchasable","13":"product-type-simple","14":"entry","15":"content-bg","16":"loop-entry"},"taxonomy_info":{"product_cat":[{"value":58,"label":"Beverages"}]},"featured_image_src_large":["https:\/\/sultanspices.es\/wp-content\/uploads\/2023\/07\/salsa-de-soja-dark-didilo-1-l.jpg",799,1024,false],"author_info":[],"comment_info":0,"jetpack_sharing_enabled":true,"_links":{"self":[{"href":"https:\/\/sultanspices.es\/pt\/wp-json\/wp\/v2\/product\/3017","targetHints":{"allow":["GET"]}}],"collection":[{"href":"https:\/\/sultanspices.es\/pt\/wp-json\/wp\/v2\/product"}],"about":[{"href":"https:\/\/sultanspices.es\/pt\/wp-json\/wp\/v2\/types\/product"}],"replies":[{"embeddable":true,"href":"https:\/\/sultanspices.es\/pt\/wp-json\/wp\/v2\/comments?post=3017"}],"wp:featuredmedia":[{"embeddable":true,"href":"https:\/\/sultanspices.es\/pt\/wp-json\/wp\/v2\/media\/2289"}],"wp:attachment":[{"href":"https:\/\/sultanspices.es\/pt\/wp-json\/wp\/v2\/media?parent=3017"}],"wp:term":[{"taxonomy":"product_brand","embeddable":true,"href":"https:\/\/sultanspices.es\/pt\/wp-json\/wp\/v2\/product_brand?post=3017"},{"taxonomy":"product_cat","embeddable":true,"href":"https:\/\/sultanspices.es\/pt\/wp-json\/wp\/v2\/product_cat?post=3017"},{"taxonomy":"product_tag","embeddable":true,"href":"https:\/\/sultanspices.es\/pt\/wp-json\/wp\/v2\/product_tag?post=3017"}],"curies":[{"name":"wp","href":"https:\/\/api.w.org\/{rel}","templated":true}]}}