{"id":3015,"date":"2023-09-22T21:37:23","date_gmt":"2023-09-22T19:37:23","guid":{"rendered":"https:\/\/sultanspices.es\/?post_type=product&#038;p=3015"},"modified":"2025-07-19T10:59:36","modified_gmt":"2025-07-19T08:59:36","slug":"dairy-valley-gulab-jamun-1kg","status":"publish","type":"product","link":"https:\/\/sultanspices.es\/pt\/produto\/leite-valley-gulab-jamun-1kg\/","title":{"rendered":"LEITE VALLEY GULAB JAMUN 1KG"},"content":{"rendered":"<div class=\"group w-full text-gray-800 dark:text-gray-100 border-b border-black\/10 dark:border-gray-900\/50 bg-gray-50 dark:bg-[#444654]\">\n<div class=\"flex p-4 gap-4 text-base md:gap-6 md:max-w-2xl lg:max-w-[38rem] xl:max-w-3xl md:py-6 lg:px-0 m-auto\">\n<div class=\"relative flex w-[calc(100%-50px)] flex-col gap-1 md:gap-3 lg:w-[calc(100%-115px)]\">\n<div class=\"flex flex-grow flex-col gap-3\">\n<div class=\"min-h-[20px] flex items-start overflow-x-auto whitespace-pre-wrap break-words flex-col gap-4\">\n<div class=\"markdown prose w-full break-words dark:prose-invert light\">\n<p>Delicie-se com o doce e decadente prazer de Dairy Valley Gulab Jamun. Esta embalagem de 1 kg oferece uma generosa por\u00e7\u00e3o de bolinhos macios e esponjosos \u00e0 base de leite, embebidos numa calda deliciosa. O Dairy Valley Gulab Jamun \u00e9 confeccionado com os melhores ingredientes, garantindo uma experi\u00eancia de derreter na boca a cada dentada. O xarope rico e arom\u00e1tico complementa na perfei\u00e7\u00e3o a textura delicada do gulab jamun, criando uma sobremesa verdadeiramente deliciosa. Quer seja apreciado em ocasi\u00f5es especiais, celebra\u00e7\u00f5es festivas ou como um doce deleite em qualquer altura do ano, o Gulab Jamun de Dairy Valley \u00e9 um favorito entre os entusiastas de sobremesas. Ofere\u00e7a a si e aos seus entes queridos o sabor aut\u00eantico e a indulg\u00eancia de Dairy Valley Gulab Jamun.<\/p>\n<\/div>\n<\/div>\n<\/div>\n<\/div>\n<\/div>\n<\/div>","protected":false},"excerpt":{"rendered":"<p>Delicie-se com o doce e decadente prazer de Dairy Valley Gulab Jamun. Esta embalagem de 1 kg oferece uma generosa por\u00e7\u00e3o de bolinhos macios e esponjosos \u00e0 base de leite, embebidos numa calda deliciosa. O Dairy Valley Gulab Jamun \u00e9 confeccionado com os melhores ingredientes, garantindo uma experi\u00eancia de derreter na boca a cada dentada. O xarope rico e arom\u00e1tico complementa na perfei\u00e7\u00e3o o...<\/p>","protected":false},"featured_media":2290,"comment_status":"closed","ping_status":"closed","template":"","meta":{"_kad_blocks_custom_css":"","_kad_blocks_head_custom_js":"","_kad_blocks_body_custom_js":"","_kad_blocks_footer_custom_js":"","_kadence_starter_templates_imported_post":false,"_kad_post_transparent":"","_kad_post_title":"","_kad_post_layout":"","_kad_post_sidebar_id":"","_kad_post_content_style":"","_kad_post_vertical_padding":"","_kad_post_feature":"","_kad_post_feature_position":"","_kad_post_header":false,"_kad_post_footer":false,"_kad_post_classname":""},"product_brand":[],"product_cat":[51],"product_tag":[],"class_list":{"0":"post-3015","1":"product","2":"type-product","3":"status-publish","4":"has-post-thumbnail","6":"product_cat-desserts-sweets","8":"first","9":"outofstock","10":"sold-individually","11":"shipping-taxable","12":"purchasable","13":"product-type-simple","14":"entry","15":"content-bg","16":"loop-entry"},"taxonomy_info":{"product_cat":[{"value":51,"label":"Desserts and Sweets"}]},"featured_image_src_large":["https:\/\/sultanspices.es\/wp-content\/uploads\/2023\/07\/Ghulab-Jamun.jpg",800,800,false],"author_info":[],"comment_info":0,"jetpack_sharing_enabled":true,"_links":{"self":[{"href":"https:\/\/sultanspices.es\/pt\/wp-json\/wp\/v2\/product\/3015","targetHints":{"allow":["GET"]}}],"collection":[{"href":"https:\/\/sultanspices.es\/pt\/wp-json\/wp\/v2\/product"}],"about":[{"href":"https:\/\/sultanspices.es\/pt\/wp-json\/wp\/v2\/types\/product"}],"replies":[{"embeddable":true,"href":"https:\/\/sultanspices.es\/pt\/wp-json\/wp\/v2\/comments?post=3015"}],"wp:featuredmedia":[{"embeddable":true,"href":"https:\/\/sultanspices.es\/pt\/wp-json\/wp\/v2\/media\/2290"}],"wp:attachment":[{"href":"https:\/\/sultanspices.es\/pt\/wp-json\/wp\/v2\/media?parent=3015"}],"wp:term":[{"taxonomy":"product_brand","embeddable":true,"href":"https:\/\/sultanspices.es\/pt\/wp-json\/wp\/v2\/product_brand?post=3015"},{"taxonomy":"product_cat","embeddable":true,"href":"https:\/\/sultanspices.es\/pt\/wp-json\/wp\/v2\/product_cat?post=3015"},{"taxonomy":"product_tag","embeddable":true,"href":"https:\/\/sultanspices.es\/pt\/wp-json\/wp\/v2\/product_tag?post=3015"}],"curies":[{"name":"wp","href":"https:\/\/api.w.org\/{rel}","templated":true}]}}