{"id":3011,"date":"2023-09-22T21:37:23","date_gmt":"2023-09-22T19:37:23","guid":{"rendered":"https:\/\/sultanspices.es\/?post_type=product&#038;p=3011"},"modified":"2026-02-23T12:40:39","modified_gmt":"2026-02-23T11:40:39","slug":"coconut-milk-aroy-d-500-ml","status":"publish","type":"product","link":"https:\/\/sultanspices.es\/pt\/produto\/coconut-milk-aroy-d-500-ml\/","title":{"rendered":"LEITE DE COCO AROY-D 500 ML"},"content":{"rendered":"<div class=\"group w-full text-gray-800 dark:text-gray-100 border-b border-black\/10 dark:border-gray-900\/50 bg-gray-50 dark:bg-[#444654]\">\n<div class=\"flex p-4 gap-4 text-base md:gap-6 md:max-w-2xl lg:max-w-[38rem] xl:max-w-3xl md:py-6 lg:px-0 m-auto\">\n<div class=\"relative flex w-[calc(100%-50px)] flex-col gap-1 md:gap-3 lg:w-[calc(100%-115px)]\">\n<div class=\"flex flex-grow flex-col gap-3\">\n<div class=\"min-h-[20px] flex items-start overflow-x-auto whitespace-pre-wrap break-words flex-col gap-4\">\n<div class=\"markdown prose w-full break-words dark:prose-invert light\">\n<p>Experimente o sabor cremoso e rico do leite de coco Aroy-D. Esta embalagem de 500 ml oferece leite de coco de alta qualidade, feito a partir dos melhores cocos para lhe proporcionar o aut\u00eantico sabor dos tr\u00f3picos. O leite de coco Aroy-D \u00e9 um ingrediente vers\u00e1til que acrescenta uma cremosidade deliciosa e um aroma tropical aos seus pratos favoritos. Perfeito para caril, sopas, sobremesas e bebidas, proporciona uma base deliciosa para criar cria\u00e7\u00f5es culin\u00e1rias saborosas e ex\u00f3ticas. Feito sem adi\u00e7\u00e3o de conservantes ou sabores artificiais, o leite de coco Aroy-D garante um sabor puro e natural a coco. Eleve os seus cozinhados com a textura aveludada e a ess\u00eancia arom\u00e1tica do Leite de Coco Aroy-D e saboreie os sabores tropicais em cada dentada.<\/p>\n<\/div>\n<\/div>\n<\/div>\n<\/div>\n<\/div>\n<\/div>","protected":false},"excerpt":{"rendered":"<p>Experimente o sabor cremoso e rico do leite de coco Aroy-D. Esta embalagem de 500 ml oferece leite de coco de alta qualidade, feito a partir dos melhores cocos para lhe proporcionar o aut\u00eantico sabor dos tr\u00f3picos. O leite de coco Aroy-D \u00e9 um ingrediente vers\u00e1til que acrescenta uma cremosidade deliciosa e um aroma tropical aos seus pratos favoritos. Perfeito para caril, sopas, sobremesas,...<\/p>","protected":false},"featured_media":2308,"comment_status":"closed","ping_status":"closed","template":"","meta":{"_kad_blocks_custom_css":"","_kad_blocks_head_custom_js":"","_kad_blocks_body_custom_js":"","_kad_blocks_footer_custom_js":"","_kadence_starter_templates_imported_post":false,"_kad_post_transparent":"","_kad_post_title":"","_kad_post_layout":"","_kad_post_sidebar_id":"","_kad_post_content_style":"","_kad_post_vertical_padding":"","_kad_post_feature":"","_kad_post_feature_position":"","_kad_post_header":false,"_kad_post_footer":false,"_kad_post_classname":""},"product_brand":[],"product_cat":[15,58],"product_tag":[],"class_list":{"0":"post-3011","1":"product","2":"type-product","3":"status-publish","4":"has-post-thumbnail","6":"product_cat-indian-items","7":"product_cat-beverages","9":"first","10":"outofstock","11":"sold-individually","12":"shipping-taxable","13":"purchasable","14":"product-type-simple","15":"entry","16":"content-bg","17":"loop-entry"},"taxonomy_info":{"product_cat":[{"value":15,"label":"Other Indian Items"},{"value":58,"label":"Beverages"}]},"featured_image_src_large":["https:\/\/sultanspices.es\/wp-content\/uploads\/2023\/07\/Aroy-D-Coconut-Milk-500ml.png",1000,1000,false],"author_info":[],"comment_info":0,"jetpack_sharing_enabled":true,"_links":{"self":[{"href":"https:\/\/sultanspices.es\/pt\/wp-json\/wp\/v2\/product\/3011","targetHints":{"allow":["GET"]}}],"collection":[{"href":"https:\/\/sultanspices.es\/pt\/wp-json\/wp\/v2\/product"}],"about":[{"href":"https:\/\/sultanspices.es\/pt\/wp-json\/wp\/v2\/types\/product"}],"replies":[{"embeddable":true,"href":"https:\/\/sultanspices.es\/pt\/wp-json\/wp\/v2\/comments?post=3011"}],"wp:featuredmedia":[{"embeddable":true,"href":"https:\/\/sultanspices.es\/pt\/wp-json\/wp\/v2\/media\/2308"}],"wp:attachment":[{"href":"https:\/\/sultanspices.es\/pt\/wp-json\/wp\/v2\/media?parent=3011"}],"wp:term":[{"taxonomy":"product_brand","embeddable":true,"href":"https:\/\/sultanspices.es\/pt\/wp-json\/wp\/v2\/product_brand?post=3011"},{"taxonomy":"product_cat","embeddable":true,"href":"https:\/\/sultanspices.es\/pt\/wp-json\/wp\/v2\/product_cat?post=3011"},{"taxonomy":"product_tag","embeddable":true,"href":"https:\/\/sultanspices.es\/pt\/wp-json\/wp\/v2\/product_tag?post=3011"}],"curies":[{"name":"wp","href":"https:\/\/api.w.org\/{rel}","templated":true}]}}