{"id":3005,"date":"2023-09-22T21:37:23","date_gmt":"2023-09-22T19:37:23","guid":{"rendered":"https:\/\/sultanspices.es\/?post_type=product&#038;p=3005"},"modified":"2025-07-19T10:59:36","modified_gmt":"2025-07-19T08:59:36","slug":"bajra-flour-harina-de-mijo-1-kg-hf","status":"publish","type":"product","link":"https:\/\/sultanspices.es\/pt\/produto\/farinha-de-bajra-harina-de-mijo-1-kg-hf\/","title":{"rendered":"FARINHA DE BAJRA HARINA DE MIJO 1 KG HF"},"content":{"rendered":"<div class=\"group w-full text-gray-800 dark:text-gray-100 border-b border-black\/10 dark:border-gray-900\/50 bg-gray-50 dark:bg-[#444654]\">\n<div class=\"flex p-4 gap-4 text-base md:gap-6 md:max-w-2xl lg:max-w-[38rem] xl:max-w-3xl md:py-6 lg:px-0 m-auto\">\n<div class=\"relative flex w-[calc(100%-50px)] flex-col gap-1 md:gap-3 lg:w-[calc(100%-115px)]\">\n<div class=\"flex flex-grow flex-col gap-3\">\n<div class=\"min-h-[20px] flex items-start overflow-x-auto whitespace-pre-wrap break-words flex-col gap-4\">\n<div class=\"markdown prose w-full break-words dark:prose-invert light\">\n<p>Experimente a bondade saud\u00e1vel da Farinha Bajra com a Farinha Bajra Harina de Mijo da Hindustani Foods. Este pacote de 1 kg oferece farinha de bajra de alta qualidade, tamb\u00e9m conhecida como farinha de milheto, conhecida pelos seus benef\u00edcios nutricionais e sabor \u00fanico. A farinha de bajra da Hindustani Foods \u00e9 cuidadosamente mo\u00edda na pedra para preservar a sua bondade e sabor naturais. \u00c9 um ingrediente popular na cozinha indiana, utilizado para fazer rotis tradicionais, p\u00e3es achatados e v\u00e1rias outras iguarias. A farinha Bajra n\u00e3o cont\u00e9m gl\u00faten e \u00e9 rica em fibras, o que a torna uma escolha saud\u00e1vel para quem tem restri\u00e7\u00f5es alimentares. Com o seu sabor a terra e a nozes, acrescenta um sabor distinto aos seus pratos. Incorpore a Farinha de Bajra Harina de Mijo da Hindustani Foods nos seus cozinhados e saboreie o sabor saud\u00e1vel e os benef\u00edcios nutricionais desta farinha vers\u00e1til.<\/p>\n<\/div>\n<\/div>\n<\/div>\n<\/div>\n<\/div>\n<\/div>","protected":false},"excerpt":{"rendered":"<p>Experimente a bondade saud\u00e1vel da Farinha Bajra com a Farinha Bajra Harina de Mijo da Hindustani Foods. Este pacote de 1 kg oferece farinha de bajra de alta qualidade, tamb\u00e9m conhecida como farinha de milheto, conhecida pelos seus benef\u00edcios nutricionais e sabor \u00fanico. A farinha de bajra da Hindustani Foods \u00e9 cuidadosamente mo\u00edda na pedra para preservar a sua bondade e sabor naturais. \u00c9 um ingrediente popular...<\/p>","protected":false},"featured_media":0,"comment_status":"closed","ping_status":"closed","template":"","meta":{"_kad_blocks_custom_css":"","_kad_blocks_head_custom_js":"","_kad_blocks_body_custom_js":"","_kad_blocks_footer_custom_js":"","_kadence_starter_templates_imported_post":false,"_kad_post_transparent":"","_kad_post_title":"","_kad_post_layout":"","_kad_post_sidebar_id":"","_kad_post_content_style":"","_kad_post_vertical_padding":"","_kad_post_feature":"","_kad_post_feature_position":"","_kad_post_header":false,"_kad_post_footer":false,"_kad_post_classname":""},"product_brand":[],"product_cat":[52],"product_tag":[],"class_list":{"0":"post-3005","1":"product","2":"type-product","3":"status-publish","5":"product_cat-flour","7":"first","8":"outofstock","9":"sold-individually","10":"shipping-taxable","11":"purchasable","12":"product-type-simple","13":"entry","14":"content-bg","15":"loop-entry"},"taxonomy_info":{"product_cat":[{"value":52,"label":"Flour"}]},"featured_image_src_large":false,"author_info":[],"comment_info":0,"jetpack_sharing_enabled":true,"_links":{"self":[{"href":"https:\/\/sultanspices.es\/pt\/wp-json\/wp\/v2\/product\/3005","targetHints":{"allow":["GET"]}}],"collection":[{"href":"https:\/\/sultanspices.es\/pt\/wp-json\/wp\/v2\/product"}],"about":[{"href":"https:\/\/sultanspices.es\/pt\/wp-json\/wp\/v2\/types\/product"}],"replies":[{"embeddable":true,"href":"https:\/\/sultanspices.es\/pt\/wp-json\/wp\/v2\/comments?post=3005"}],"wp:attachment":[{"href":"https:\/\/sultanspices.es\/pt\/wp-json\/wp\/v2\/media?parent=3005"}],"wp:term":[{"taxonomy":"product_brand","embeddable":true,"href":"https:\/\/sultanspices.es\/pt\/wp-json\/wp\/v2\/product_brand?post=3005"},{"taxonomy":"product_cat","embeddable":true,"href":"https:\/\/sultanspices.es\/pt\/wp-json\/wp\/v2\/product_cat?post=3005"},{"taxonomy":"product_tag","embeddable":true,"href":"https:\/\/sultanspices.es\/pt\/wp-json\/wp\/v2\/product_tag?post=3005"}],"curies":[{"name":"wp","href":"https:\/\/api.w.org\/{rel}","templated":true}]}}