{"id":2999,"date":"2023-09-22T21:37:18","date_gmt":"2023-09-22T19:37:18","guid":{"rendered":"https:\/\/sultanspices.es\/?post_type=product&#038;p=2999"},"modified":"2026-02-23T12:41:28","modified_gmt":"2026-02-23T11:41:28","slug":"ali-baba-urid-daal-whole-500-g","status":"publish","type":"product","link":"https:\/\/sultanspices.es\/pt\/produto\/ali-baba-urid-daal-whole-500-g\/","title":{"rendered":"URID INTEIRO (FEIJ\u00c3O) ALI BABA 500G"},"content":{"rendered":"<div class=\"flex flex-grow flex-col gap-3\">\n<div class=\"min-h-[20px] flex items-start overflow-x-auto whitespace-pre-wrap break-words flex-col gap-4\">\n<div class=\"markdown prose w-full break-words dark:prose-invert light\">\n<p>Descubra o sabor aut\u00eantico e a versatilidade do Ali Baba Urid Daal Inteiro. Esta embalagem de 500 g oferece urid daal inteiro de alta qualidade, tamb\u00e9m conhecido como grama preta, conhecido pelo seu sabor rico e valor nutricional. O Ali Baba Urid Daal Inteiro \u00e9 cuidadosamente obtido e embalado para garantir uma \u00f3ptima qualidade e frescura. Estas pequenas lentilhas pretas est\u00e3o repletas de prote\u00ednas, fibras e minerais essenciais, o que as torna uma adi\u00e7\u00e3o nutritiva \u00e0s suas refei\u00e7\u00f5es. Podem ser utilizadas numa variedade de pratos, incluindo os tradicionais daals indianos, sopas, guisados e at\u00e9 panquecas saborosas. Com a sua textura saud\u00e1vel e sabor a terra, Ali Baba Urid Daal Whole acrescenta profundidade e riqueza \u00e0s suas cria\u00e7\u00f5es culin\u00e1rias. Quer seja um cozinheiro experiente ou um entusiasta da comida, Ali Baba Urid Daal Inteiro \u00e9 um ingrediente indispens\u00e1vel na despensa da sua cozinha. Experimente o sabor rico e os benef\u00edcios nutricionais de Ali Baba Urid Daal Inteiro e eleve os seus cozinhados a novos patamares de sabor e nutri\u00e7\u00e3o.<\/p>\n<\/div>\n<\/div>\n<\/div>","protected":false},"excerpt":{"rendered":"<p>Descubra o sabor aut\u00eantico e a versatilidade do Ali Baba Urid Daal Inteiro. Esta embalagem de 500 g oferece urid daal inteiro de alta qualidade, tamb\u00e9m conhecido como grama preta, conhecido pelo seu sabor rico e valor nutricional. O Ali Baba Urid Daal Inteiro \u00e9 cuidadosamente obtido e embalado para garantir uma \u00f3ptima qualidade e frescura. Estas pequenas lentilhas pretas s\u00e3o embaladas...<\/p>","protected":false},"featured_media":3654,"comment_status":"closed","ping_status":"closed","template":"","meta":{"_kad_blocks_custom_css":"","_kad_blocks_head_custom_js":"","_kad_blocks_body_custom_js":"","_kad_blocks_footer_custom_js":"","_kadence_starter_templates_imported_post":false,"_kad_post_transparent":"default","_kad_post_title":"","_kad_post_layout":"default","_kad_post_sidebar_id":"","_kad_post_content_style":"default","_kad_post_vertical_padding":"default","_kad_post_feature":"","_kad_post_feature_position":"","_kad_post_header":false,"_kad_post_footer":false,"_kad_post_classname":""},"product_brand":[],"product_cat":[47],"product_tag":[],"class_list":{"0":"post-2999","1":"product","2":"type-product","3":"status-publish","4":"has-post-thumbnail","6":"product_cat-lentils","8":"first","9":"instock","10":"sale","11":"sold-individually","12":"shipping-taxable","13":"purchasable","14":"product-type-simple","15":"entry","16":"content-bg","17":"loop-entry"},"taxonomy_info":{"product_cat":[{"value":47,"label":"Lentils"}]},"featured_image_src_large":["https:\/\/sultanspices.es\/wp-content\/uploads\/2023\/09\/ProductsPIX-2023-11-04T174524.843-1024x1024.png",1024,1024,true],"author_info":[],"comment_info":0,"jetpack_sharing_enabled":true,"_links":{"self":[{"href":"https:\/\/sultanspices.es\/pt\/wp-json\/wp\/v2\/product\/2999","targetHints":{"allow":["GET"]}}],"collection":[{"href":"https:\/\/sultanspices.es\/pt\/wp-json\/wp\/v2\/product"}],"about":[{"href":"https:\/\/sultanspices.es\/pt\/wp-json\/wp\/v2\/types\/product"}],"replies":[{"embeddable":true,"href":"https:\/\/sultanspices.es\/pt\/wp-json\/wp\/v2\/comments?post=2999"}],"wp:featuredmedia":[{"embeddable":true,"href":"https:\/\/sultanspices.es\/pt\/wp-json\/wp\/v2\/media\/3654"}],"wp:attachment":[{"href":"https:\/\/sultanspices.es\/pt\/wp-json\/wp\/v2\/media?parent=2999"}],"wp:term":[{"taxonomy":"product_brand","embeddable":true,"href":"https:\/\/sultanspices.es\/pt\/wp-json\/wp\/v2\/product_brand?post=2999"},{"taxonomy":"product_cat","embeddable":true,"href":"https:\/\/sultanspices.es\/pt\/wp-json\/wp\/v2\/product_cat?post=2999"},{"taxonomy":"product_tag","embeddable":true,"href":"https:\/\/sultanspices.es\/pt\/wp-json\/wp\/v2\/product_tag?post=2999"}],"curies":[{"name":"wp","href":"https:\/\/api.w.org\/{rel}","templated":true}]}}