{"id":2998,"date":"2023-09-22T21:37:18","date_gmt":"2023-09-22T19:37:18","guid":{"rendered":"https:\/\/sultanspices.es\/?post_type=product&#038;p=2998"},"modified":"2026-03-31T18:37:41","modified_gmt":"2026-03-31T16:37:41","slug":"ali-baba-soonf-100-g","status":"publish","type":"product","link":"https:\/\/sultanspices.es\/pt\/produto\/ali-baba-soonf-100-g\/","title":{"rendered":"SOONF (SEMENTES DE FUNCHO) ALI BABA 100G"},"content":{"rendered":"<div class=\"group w-full text-gray-800 dark:text-gray-100 border-b border-black\/10 dark:border-gray-900\/50 bg-gray-50 dark:bg-[#444654]\">\n<div class=\"flex p-4 gap-4 text-base md:gap-6 md:max-w-2xl lg:max-w-[38rem] xl:max-w-3xl md:py-6 lg:px-0 m-auto\">\n<div class=\"relative flex w-[calc(100%-50px)] flex-col gap-1 md:gap-3 lg:w-[calc(100%-115px)]\">\n<div class=\"flex flex-grow flex-col gap-3\">\n<div class=\"min-h-[20px] flex items-start overflow-x-auto whitespace-pre-wrap break-words flex-col gap-4\">\n<div class=\"markdown prose w-full break-words dark:prose-invert light\">\n<p>Experimente o arom\u00e1tico e saboroso Ali Baba Soonf. Este pacote de 100 g oferece sementes de funcho de qualidade superior, tamb\u00e9m conhecidas como soonf, conhecidas pelo seu sabor distinto e pelas suas in\u00fameras utiliza\u00e7\u00f5es culin\u00e1rias. O Ali Baba Soonf d\u00e1 um toque delicioso aos seus pratos, quer sejam utilizados inteiros, mo\u00eddos ou como guarni\u00e7\u00e3o. Conhecidas pelo seu sabor a alca\u00e7uz, as sementes de funcho s\u00e3o normalmente utilizadas na cozinha indiana pelas suas propriedades digestivas e sabor refrescante. Podem ser adicionadas a caril, misturas de especiarias, ch\u00e1s e at\u00e9 a produtos de pastelaria, oferecendo um aroma subtil e refrescante. Com a sua natureza vers\u00e1til, o Ali Baba Soonf \u00e9 um ingrediente indispens\u00e1vel para qualquer entusiasta de especiarias ou de culin\u00e1ria que procure dar um toque \u00fanico \u00e0s suas cria\u00e7\u00f5es. Experimente o sabor e o aroma aut\u00eanticos de Ali Baba Soonf e eleve os seus pratos a um novo n\u00edvel de sabor.<\/p>\n<\/div>\n<\/div>\n<\/div>\n<\/div>\n<\/div>\n<\/div>","protected":false},"excerpt":{"rendered":"<p>Experimente o arom\u00e1tico e saboroso Ali Baba Soonf. Este pacote de 100 g oferece sementes de funcho de qualidade superior, tamb\u00e9m conhecidas como soonf, conhecidas pelo seu sabor distinto e pelas suas in\u00fameras utiliza\u00e7\u00f5es culin\u00e1rias. O Ali Baba Soonf d\u00e1 um toque delicioso aos seus pratos, quer sejam utilizados inteiros, mo\u00eddos ou como guarni\u00e7\u00e3o. Conhecidas pelo seu sabor a alca\u00e7uz, as sementes de funcho s\u00e3o normalmente...<\/p>","protected":false},"featured_media":2333,"comment_status":"closed","ping_status":"closed","template":"","meta":{"_kad_blocks_custom_css":"","_kad_blocks_head_custom_js":"","_kad_blocks_body_custom_js":"","_kad_blocks_footer_custom_js":"","_kadence_starter_templates_imported_post":false,"_kad_post_transparent":"","_kad_post_title":"","_kad_post_layout":"","_kad_post_sidebar_id":"","_kad_post_content_style":"","_kad_post_vertical_padding":"","_kad_post_feature":"","_kad_post_feature_position":"","_kad_post_header":false,"_kad_post_footer":false,"_kad_post_classname":""},"product_brand":[],"product_cat":[50],"product_tag":[],"class_list":{"0":"post-2998","1":"product","2":"type-product","3":"status-publish","4":"has-post-thumbnail","6":"product_cat-spices","8":"first","9":"instock","10":"sale","11":"sold-individually","12":"shipping-taxable","13":"purchasable","14":"product-type-simple","15":"entry","16":"content-bg","17":"loop-entry"},"taxonomy_info":{"product_cat":[{"value":50,"label":"Spices"}]},"featured_image_src_large":["https:\/\/sultanspices.es\/wp-content\/uploads\/2023\/07\/Soonf-Alibaba-1024x1024.jpg",1024,1024,true],"author_info":[],"comment_info":0,"jetpack_sharing_enabled":true,"_links":{"self":[{"href":"https:\/\/sultanspices.es\/pt\/wp-json\/wp\/v2\/product\/2998","targetHints":{"allow":["GET"]}}],"collection":[{"href":"https:\/\/sultanspices.es\/pt\/wp-json\/wp\/v2\/product"}],"about":[{"href":"https:\/\/sultanspices.es\/pt\/wp-json\/wp\/v2\/types\/product"}],"replies":[{"embeddable":true,"href":"https:\/\/sultanspices.es\/pt\/wp-json\/wp\/v2\/comments?post=2998"}],"wp:featuredmedia":[{"embeddable":true,"href":"https:\/\/sultanspices.es\/pt\/wp-json\/wp\/v2\/media\/2333"}],"wp:attachment":[{"href":"https:\/\/sultanspices.es\/pt\/wp-json\/wp\/v2\/media?parent=2998"}],"wp:term":[{"taxonomy":"product_brand","embeddable":true,"href":"https:\/\/sultanspices.es\/pt\/wp-json\/wp\/v2\/product_brand?post=2998"},{"taxonomy":"product_cat","embeddable":true,"href":"https:\/\/sultanspices.es\/pt\/wp-json\/wp\/v2\/product_cat?post=2998"},{"taxonomy":"product_tag","embeddable":true,"href":"https:\/\/sultanspices.es\/pt\/wp-json\/wp\/v2\/product_tag?post=2998"}],"curies":[{"name":"wp","href":"https:\/\/api.w.org\/{rel}","templated":true}]}}