{"id":2997,"date":"2023-09-22T21:37:18","date_gmt":"2023-09-22T19:37:18","guid":{"rendered":"https:\/\/sultanspices.es\/?post_type=product&#038;p=2997"},"modified":"2026-04-08T00:00:30","modified_gmt":"2026-04-07T22:00:30","slug":"lintils-red-split-ali-baba-1kg","status":"publish","type":"product","link":"https:\/\/sultanspices.es\/pt\/produto\/lintils-red-split-ali-baba-1kg\/","title":{"rendered":"LENTILHAS VERMELHAS SPLIT ALI BABA 1KG"},"content":{"rendered":"<div class=\"group w-full text-gray-800 dark:text-gray-100 border-b border-black\/10 dark:border-gray-900\/50 bg-gray-50 dark:bg-[#444654]\">\n<div class=\"flex p-4 gap-4 text-base md:gap-6 md:max-w-2xl lg:max-w-[38rem] xl:max-w-3xl md:py-6 lg:px-0 m-auto\">\n<div class=\"relative flex w-[calc(100%-50px)] flex-col gap-1 md:gap-3 lg:w-[calc(100%-115px)]\">\n<div class=\"flex flex-grow flex-col gap-3\">\n<div class=\"min-h-[20px] flex items-start overflow-x-auto whitespace-pre-wrap break-words flex-col gap-4\">\n<div class=\"markdown prose w-full break-words dark:prose-invert light\">\n<p>Delicie-se com o sabor rico e saud\u00e1vel do Ali Baba Red Masoor Dal. Este pacote de 1 kg oferece lentilhas vermelhas de alta qualidade, tamb\u00e9m conhecidas como masoor dal, conhecidas pelo seu sabor a nozes e tempo de cozedura r\u00e1pido. O Ali Baba Red Masoor Dal \u00e9 cuidadosamente selecionado e embalado para garantir uma \u00f3ptima qualidade e frescura. Estas lentilhas s\u00e3o um ingrediente vers\u00e1til, perfeito para criar deliciosas sopas, guisados, caris e at\u00e9 saladas. Est\u00e3o repletas de prote\u00ednas, fibras e nutrientes essenciais, o que as torna uma adi\u00e7\u00e3o nutritiva \u00e0 sua dieta. Com a sua cor vermelha vibrante e textura cremosa quando cozinhado, o Ali Baba Red Masoor Dal acrescenta sabor e atra\u00e7\u00e3o visual \u00e0s suas cria\u00e7\u00f5es culin\u00e1rias. Quer seja um cozinheiro experiente ou um cozinheiro caseiro, Ali Baba Red Masoor Dal \u00e9 um alimento b\u00e1sico da despensa que traz calor e conforto \u00e0s suas refei\u00e7\u00f5es. Experimente o sabor rico e a bondade saud\u00e1vel de Ali Baba Red Masoor Dal e eleve os seus cozinhados a novos patamares de sabor e nutri\u00e7\u00e3o.<\/p>\n<\/div>\n<\/div>\n<\/div>\n<\/div>\n<\/div>\n<\/div>","protected":false},"excerpt":{"rendered":"<p>Delicie-se com o sabor rico e saud\u00e1vel do Ali Baba Red Masoor Dal. Este pacote de 1 kg oferece lentilhas vermelhas de alta qualidade, tamb\u00e9m conhecidas como masoor dal, conhecidas pelo seu sabor a nozes e tempo de cozedura r\u00e1pido. O Ali Baba Red Masoor Dal \u00e9 cuidadosamente selecionado e embalado para garantir uma \u00f3ptima qualidade e frescura. Estas lentilhas s\u00e3o um produto vers\u00e1til...<\/p>","protected":false},"featured_media":2337,"comment_status":"closed","ping_status":"closed","template":"","meta":{"_kad_blocks_custom_css":"","_kad_blocks_head_custom_js":"","_kad_blocks_body_custom_js":"","_kad_blocks_footer_custom_js":"","_kadence_starter_templates_imported_post":false,"_kad_post_transparent":"","_kad_post_title":"","_kad_post_layout":"","_kad_post_sidebar_id":"","_kad_post_content_style":"","_kad_post_vertical_padding":"","_kad_post_feature":"","_kad_post_feature_position":"","_kad_post_header":false,"_kad_post_footer":false,"_kad_post_classname":""},"product_brand":[],"product_cat":[47],"product_tag":[],"class_list":{"0":"post-2997","1":"product","2":"type-product","3":"status-publish","4":"has-post-thumbnail","6":"product_cat-lentils","8":"first","9":"instock","10":"sold-individually","11":"shipping-taxable","12":"purchasable","13":"product-type-simple","14":"entry","15":"content-bg","16":"loop-entry"},"taxonomy_info":{"product_cat":[{"value":47,"label":"Lentils"}]},"featured_image_src_large":["https:\/\/sultanspices.es\/wp-content\/uploads\/2023\/07\/Red-Masoor-ali-baba-1kg.jpg",800,800,false],"author_info":[],"comment_info":0,"jetpack_sharing_enabled":true,"_links":{"self":[{"href":"https:\/\/sultanspices.es\/pt\/wp-json\/wp\/v2\/product\/2997","targetHints":{"allow":["GET"]}}],"collection":[{"href":"https:\/\/sultanspices.es\/pt\/wp-json\/wp\/v2\/product"}],"about":[{"href":"https:\/\/sultanspices.es\/pt\/wp-json\/wp\/v2\/types\/product"}],"replies":[{"embeddable":true,"href":"https:\/\/sultanspices.es\/pt\/wp-json\/wp\/v2\/comments?post=2997"}],"wp:featuredmedia":[{"embeddable":true,"href":"https:\/\/sultanspices.es\/pt\/wp-json\/wp\/v2\/media\/2337"}],"wp:attachment":[{"href":"https:\/\/sultanspices.es\/pt\/wp-json\/wp\/v2\/media?parent=2997"}],"wp:term":[{"taxonomy":"product_brand","embeddable":true,"href":"https:\/\/sultanspices.es\/pt\/wp-json\/wp\/v2\/product_brand?post=2997"},{"taxonomy":"product_cat","embeddable":true,"href":"https:\/\/sultanspices.es\/pt\/wp-json\/wp\/v2\/product_cat?post=2997"},{"taxonomy":"product_tag","embeddable":true,"href":"https:\/\/sultanspices.es\/pt\/wp-json\/wp\/v2\/product_tag?post=2997"}],"curies":[{"name":"wp","href":"https:\/\/api.w.org\/{rel}","templated":true}]}}