{"id":2996,"date":"2023-09-22T21:37:18","date_gmt":"2023-09-22T19:37:18","guid":{"rendered":"https:\/\/sultanspices.es\/?post_type=product&#038;p=2996"},"modified":"2026-02-23T12:41:12","modified_gmt":"2026-02-23T11:41:12","slug":"ali-baba-red-kidney-beans-rojo-2-kg","status":"publish","type":"product","link":"https:\/\/sultanspices.es\/pt\/produto\/ali-baba-vermelha-crianca-feijao-rojo-2-kg\/","title":{"rendered":"FEIJ\u00c3O VERMELHO ALI BABA 2KG"},"content":{"rendered":"<div class=\"group w-full text-gray-800 dark:text-gray-100 border-b border-black\/10 dark:border-gray-900\/50 bg-gray-50 dark:bg-[#444654]\">\n<div class=\"flex p-4 gap-4 text-base md:gap-6 md:max-w-2xl lg:max-w-[38rem] xl:max-w-3xl md:py-6 lg:px-0 m-auto\">\n<div class=\"relative flex w-[calc(100%-50px)] flex-col gap-1 md:gap-3 lg:w-[calc(100%-115px)]\">\n<div class=\"flex flex-grow flex-col gap-3\">\n<div class=\"min-h-[20px] flex items-start overflow-x-auto whitespace-pre-wrap break-words flex-col gap-4\">\n<div class=\"markdown prose w-full break-words dark:prose-invert light\">\n<p>Experimente o sabor rico e saboroso do feij\u00e3o vermelho Ali Baba. Esta embalagem de 2 kg oferece uma quantidade generosa de feij\u00e3o vermelho de alta qualidade, conhecido pelo seu sabor robusto e versatilidade em v\u00e1rios pratos. O feij\u00e3o vermelho Ali Baba \u00e9 cuidadosamente selecionado e embalado para garantir uma \u00f3ptima qualidade e frescura. Estes feij\u00f5es s\u00e3o um ingrediente b\u00e1sico em muitas cozinhas, desde pimentas e guisados saud\u00e1veis a saladas e molhos saborosos. Est\u00e3o repletos de prote\u00ednas, fibras e nutrientes essenciais, o que os torna uma escolha nutritiva para dietas \u00e0 base de plantas. Com a sua cor vermelha vibrante e textura tenra, os feij\u00f5es vermelhos Ali Baba acrescentam profundidade e riqueza \u00e0s suas receitas favoritas. Quer esteja a cozinhar para uma reuni\u00e3o familiar ou a preparar refei\u00e7\u00f5es para a semana, o Feij\u00e3o Vermelho Ali Baba \u00e9 o alimento b\u00e1sico perfeito para a despensa. Desfrute da conveni\u00eancia e do sabor do Feij\u00e3o Vermelho Ali Baba e saboreie a satisfa\u00e7\u00e3o de criar refei\u00e7\u00f5es deliciosas e nutritivas.<\/p>\n<\/div>\n<\/div>\n<\/div>\n<\/div>\n<\/div>\n<\/div>","protected":false},"excerpt":{"rendered":"<p>Experimente o sabor rico e saboroso do feij\u00e3o vermelho Ali Baba. Este pacote de 2 kg oferece uma quantidade generosa de feij\u00e3o vermelho de alta qualidade, conhecido pelo seu sabor robusto e versatilidade em v\u00e1rios pratos. O feij\u00e3o vermelho Ali Baba \u00e9 cuidadosamente selecionado e embalado para garantir uma \u00f3ptima qualidade e frescura. Estes feij\u00f5es s\u00e3o um alimento b\u00e1sico...<\/p>","protected":false},"featured_media":2332,"comment_status":"closed","ping_status":"closed","template":"","meta":{"_kad_blocks_custom_css":"","_kad_blocks_head_custom_js":"","_kad_blocks_body_custom_js":"","_kad_blocks_footer_custom_js":"","_kadence_starter_templates_imported_post":false,"_kad_post_transparent":"","_kad_post_title":"","_kad_post_layout":"","_kad_post_sidebar_id":"","_kad_post_content_style":"","_kad_post_vertical_padding":"","_kad_post_feature":"","_kad_post_feature_position":"","_kad_post_header":false,"_kad_post_footer":false,"_kad_post_classname":""},"product_brand":[],"product_cat":[47],"product_tag":[],"class_list":{"0":"post-2996","1":"product","2":"type-product","3":"status-publish","4":"has-post-thumbnail","6":"product_cat-lentils","8":"first","9":"instock","10":"sold-individually","11":"shipping-taxable","12":"purchasable","13":"product-type-simple","14":"entry","15":"content-bg","16":"loop-entry"},"taxonomy_info":{"product_cat":[{"value":47,"label":"Lentils"}]},"featured_image_src_large":["https:\/\/sultanspices.es\/wp-content\/uploads\/2023\/07\/Alibaba-redkidney-2kg.webp",800,800,false],"author_info":[],"comment_info":0,"jetpack_sharing_enabled":true,"_links":{"self":[{"href":"https:\/\/sultanspices.es\/pt\/wp-json\/wp\/v2\/product\/2996","targetHints":{"allow":["GET"]}}],"collection":[{"href":"https:\/\/sultanspices.es\/pt\/wp-json\/wp\/v2\/product"}],"about":[{"href":"https:\/\/sultanspices.es\/pt\/wp-json\/wp\/v2\/types\/product"}],"replies":[{"embeddable":true,"href":"https:\/\/sultanspices.es\/pt\/wp-json\/wp\/v2\/comments?post=2996"}],"wp:featuredmedia":[{"embeddable":true,"href":"https:\/\/sultanspices.es\/pt\/wp-json\/wp\/v2\/media\/2332"}],"wp:attachment":[{"href":"https:\/\/sultanspices.es\/pt\/wp-json\/wp\/v2\/media?parent=2996"}],"wp:term":[{"taxonomy":"product_brand","embeddable":true,"href":"https:\/\/sultanspices.es\/pt\/wp-json\/wp\/v2\/product_brand?post=2996"},{"taxonomy":"product_cat","embeddable":true,"href":"https:\/\/sultanspices.es\/pt\/wp-json\/wp\/v2\/product_cat?post=2996"},{"taxonomy":"product_tag","embeddable":true,"href":"https:\/\/sultanspices.es\/pt\/wp-json\/wp\/v2\/product_tag?post=2996"}],"curies":[{"name":"wp","href":"https:\/\/api.w.org\/{rel}","templated":true}]}}