{"id":2988,"date":"2023-09-22T21:37:17","date_gmt":"2023-09-22T19:37:17","guid":{"rendered":"https:\/\/sultanspices.es\/?post_type=product&#038;p=2988"},"modified":"2026-02-23T12:40:46","modified_gmt":"2026-02-23T11:40:46","slug":"ali-baba-gram-masla-100-g","status":"publish","type":"product","link":"https:\/\/sultanspices.es\/pt\/produto\/ali-baba-gram-masla-100-g\/","title":{"rendered":"GARAM MASALA INTEIRO ALI BABA 100G"},"content":{"rendered":"<div class=\"group w-full text-gray-800 dark:text-gray-100 border-b border-black\/10 dark:border-gray-900\/50 bg-gray-50 dark:bg-[#444654]\">\n<div class=\"flex p-4 gap-4 text-base md:gap-6 md:max-w-2xl lg:max-w-[38rem] xl:max-w-3xl md:py-6 lg:px-0 m-auto\">\n<div class=\"relative flex w-[calc(100%-50px)] flex-col gap-1 md:gap-3 lg:w-[calc(100%-115px)]\">\n<div class=\"flex flex-grow flex-col gap-3\">\n<div class=\"min-h-[20px] flex items-start overflow-x-auto whitespace-pre-wrap break-words flex-col gap-4\">\n<div class=\"markdown prose w-full break-words dark:prose-invert light\">\n<p>Experimente o arom\u00e1tico e saboroso Ali Baba Garam Masala. Esta embalagem de 100 g oferece uma mistura de especiarias de qualidade superior, cuidadosamente elaborada na perfei\u00e7\u00e3o. Ali Baba Garam Masala \u00e9 uma mistura de especiarias vers\u00e1til, normalmente utilizada na cozinha indiana para dar profundidade e complexidade a uma variedade de pratos. Combina especiarias quentes e perfumadas como o cardamomo, a canela, o cravinho, entre outras, criando um perfil de sabor equilibrado e arom\u00e1tico. Ali Baba Garam Masala \u00e9 perfeito para real\u00e7ar o sabor de caril, pratos de arroz, marinadas e legumes assados. Com o seu aroma rico e convidativo, Ali Baba Garam Masala traz um calor delicioso \u00e0s suas cria\u00e7\u00f5es culin\u00e1rias. Quer seja um cozinheiro experiente ou um amante de comida aventureiro, Ali Baba Garam Masala \u00e9 uma mistura de especiarias indispens\u00e1vel na sua cozinha. Experimente os sabores aut\u00eanticos e eleve os seus pratos a um n\u00edvel totalmente novo de del\u00edcias com Ali Baba Garam Masala.<\/p>\n<\/div>\n<\/div>\n<\/div>\n<\/div>\n<\/div>\n<\/div>","protected":false},"excerpt":{"rendered":"<p>Experimente o arom\u00e1tico e saboroso Ali Baba Garam Masala. Esta embalagem de 100 g oferece uma mistura de especiarias de qualidade superior, cuidadosamente elaborada na perfei\u00e7\u00e3o. Ali Baba Garam Masala \u00e9 uma mistura de especiarias vers\u00e1til, normalmente utilizada na cozinha indiana para dar profundidade e complexidade a uma variedade de pratos. Combina especiarias quentes e perfumadas como o cardamomo, a canela,...<\/p>","protected":false},"featured_media":0,"comment_status":"closed","ping_status":"closed","template":"","meta":{"_kad_blocks_custom_css":"","_kad_blocks_head_custom_js":"","_kad_blocks_body_custom_js":"","_kad_blocks_footer_custom_js":"","_kadence_starter_templates_imported_post":false,"_kad_post_transparent":"default","_kad_post_title":"","_kad_post_layout":"default","_kad_post_sidebar_id":"","_kad_post_content_style":"default","_kad_post_vertical_padding":"default","_kad_post_feature":"","_kad_post_feature_position":"","_kad_post_header":false,"_kad_post_footer":false,"_kad_post_classname":""},"product_brand":[],"product_cat":[50],"product_tag":[],"class_list":{"0":"post-2988","1":"product","2":"type-product","3":"status-publish","5":"product_cat-spices","7":"first","8":"instock","9":"sale","10":"sold-individually","11":"shipping-taxable","12":"purchasable","13":"product-type-simple","14":"entry","15":"content-bg","16":"loop-entry"},"taxonomy_info":{"product_cat":[{"value":50,"label":"Spices"}]},"featured_image_src_large":false,"author_info":[],"comment_info":0,"jetpack_sharing_enabled":true,"_links":{"self":[{"href":"https:\/\/sultanspices.es\/pt\/wp-json\/wp\/v2\/product\/2988","targetHints":{"allow":["GET"]}}],"collection":[{"href":"https:\/\/sultanspices.es\/pt\/wp-json\/wp\/v2\/product"}],"about":[{"href":"https:\/\/sultanspices.es\/pt\/wp-json\/wp\/v2\/types\/product"}],"replies":[{"embeddable":true,"href":"https:\/\/sultanspices.es\/pt\/wp-json\/wp\/v2\/comments?post=2988"}],"wp:attachment":[{"href":"https:\/\/sultanspices.es\/pt\/wp-json\/wp\/v2\/media?parent=2988"}],"wp:term":[{"taxonomy":"product_brand","embeddable":true,"href":"https:\/\/sultanspices.es\/pt\/wp-json\/wp\/v2\/product_brand?post=2988"},{"taxonomy":"product_cat","embeddable":true,"href":"https:\/\/sultanspices.es\/pt\/wp-json\/wp\/v2\/product_cat?post=2988"},{"taxonomy":"product_tag","embeddable":true,"href":"https:\/\/sultanspices.es\/pt\/wp-json\/wp\/v2\/product_tag?post=2988"}],"curies":[{"name":"wp","href":"https:\/\/api.w.org\/{rel}","templated":true}]}}