{"id":2987,"date":"2023-09-22T21:37:17","date_gmt":"2023-09-22T19:37:17","guid":{"rendered":"https:\/\/sultanspices.es\/?post_type=product&#038;p=2987"},"modified":"2026-04-08T10:23:19","modified_gmt":"2026-04-08T08:23:19","slug":"ali-baba-dhania-powder-1-kg","status":"publish","type":"product","link":"https:\/\/sultanspices.es\/pt\/produto\/ali-baba-dhania-po-1-kg\/","title":{"rendered":"CORIANDER(DHANIA) PWD ALI BABA 1KG"},"content":{"rendered":"<div class=\"group w-full text-gray-800 dark:text-gray-100 border-b border-black\/10 dark:border-gray-900\/50 bg-gray-50 dark:bg-[#444654]\">\n<div class=\"flex p-4 gap-4 text-base md:gap-6 md:max-w-2xl lg:max-w-[38rem] xl:max-w-3xl md:py-6 lg:px-0 m-auto\">\n<div class=\"relative flex w-[calc(100%-50px)] flex-col gap-1 md:gap-3 lg:w-[calc(100%-115px)]\">\n<div class=\"flex flex-grow flex-col gap-3\">\n<div class=\"min-h-[20px] flex items-start overflow-x-auto whitespace-pre-wrap break-words flex-col gap-4\">\n<div class=\"markdown prose w-full break-words dark:prose-invert light\">\n<p>Realce os sabores dos seus pratos com o arom\u00e1tico Ali Baba Dhania em p\u00f3. Esta embalagem de 1 kg oferece coentros em p\u00f3 de alta qualidade, tamb\u00e9m conhecidos como p\u00f3 dhania, conhecidos pelo seu sabor terroso e c\u00edtrico. O p\u00f3 de Ali Baba Dhania \u00e9 cuidadosamente obtido e embalado para garantir uma \u00f3ptima qualidade e frescura. Esta especiaria vers\u00e1til \u00e9 um elemento b\u00e1sico da cozinha indiana, utilizada em caris, marinadas, chutneys e misturas de especiarias. Com o seu sabor e aroma distintos, o p\u00f3 de Ali Baba Dhania acrescenta profundidade e complexidade a uma variedade de receitas. O p\u00f3 finamente mo\u00eddo mistura-se facilmente nos seus pratos, libertando a sua ess\u00eancia rica e arom\u00e1tica. Quer esteja a cozinhar cozinha indiana tradicional ou a experimentar sabores globais, o p\u00f3 de Ali Baba Dhania \u00e9 um ingrediente indispens\u00e1vel na sua cozinha. Experimente o sabor e o aroma aut\u00eanticos de Ali Baba Dhania em p\u00f3 e eleve as suas cria\u00e7\u00f5es culin\u00e1rias a novos patamares de sabor.<\/p>\n<\/div>\n<\/div>\n<\/div>\n<\/div>\n<\/div>\n<\/div>","protected":false},"excerpt":{"rendered":"<p>Realce os sabores dos seus pratos com o arom\u00e1tico Ali Baba Dhania em p\u00f3. Esta embalagem de 1 kg oferece coentros em p\u00f3 de alta qualidade, tamb\u00e9m conhecidos como p\u00f3 dhania, conhecidos pelo seu sabor terroso e c\u00edtrico. O p\u00f3 de Ali Baba Dhania \u00e9 cuidadosamente obtido e embalado para garantir uma \u00f3ptima qualidade e frescura. Esta especiaria vers\u00e1til \u00e9 um alimento b\u00e1sico na cozinha indiana...<\/p>","protected":false},"featured_media":2358,"comment_status":"closed","ping_status":"closed","template":"","meta":{"_kad_blocks_custom_css":"","_kad_blocks_head_custom_js":"","_kad_blocks_body_custom_js":"","_kad_blocks_footer_custom_js":"","_kadence_starter_templates_imported_post":false,"_kad_post_transparent":"","_kad_post_title":"","_kad_post_layout":"","_kad_post_sidebar_id":"","_kad_post_content_style":"","_kad_post_vertical_padding":"","_kad_post_feature":"","_kad_post_feature_position":"","_kad_post_header":false,"_kad_post_footer":false,"_kad_post_classname":""},"product_brand":[],"product_cat":[50],"product_tag":[],"class_list":{"0":"post-2987","1":"product","2":"type-product","3":"status-publish","4":"has-post-thumbnail","6":"product_cat-spices","8":"first","9":"instock","10":"sold-individually","11":"shipping-taxable","12":"purchasable","13":"product-type-simple","14":"entry","15":"content-bg","16":"loop-entry"},"taxonomy_info":{"product_cat":[{"value":50,"label":"Spices"}]},"featured_image_src_large":["https:\/\/sultanspices.es\/wp-content\/uploads\/2023\/07\/Dhania-Powder-Alibaba.jpg",800,800,false],"author_info":[],"comment_info":0,"jetpack_sharing_enabled":true,"_links":{"self":[{"href":"https:\/\/sultanspices.es\/pt\/wp-json\/wp\/v2\/product\/2987","targetHints":{"allow":["GET"]}}],"collection":[{"href":"https:\/\/sultanspices.es\/pt\/wp-json\/wp\/v2\/product"}],"about":[{"href":"https:\/\/sultanspices.es\/pt\/wp-json\/wp\/v2\/types\/product"}],"replies":[{"embeddable":true,"href":"https:\/\/sultanspices.es\/pt\/wp-json\/wp\/v2\/comments?post=2987"}],"wp:featuredmedia":[{"embeddable":true,"href":"https:\/\/sultanspices.es\/pt\/wp-json\/wp\/v2\/media\/2358"}],"wp:attachment":[{"href":"https:\/\/sultanspices.es\/pt\/wp-json\/wp\/v2\/media?parent=2987"}],"wp:term":[{"taxonomy":"product_brand","embeddable":true,"href":"https:\/\/sultanspices.es\/pt\/wp-json\/wp\/v2\/product_brand?post=2987"},{"taxonomy":"product_cat","embeddable":true,"href":"https:\/\/sultanspices.es\/pt\/wp-json\/wp\/v2\/product_cat?post=2987"},{"taxonomy":"product_tag","embeddable":true,"href":"https:\/\/sultanspices.es\/pt\/wp-json\/wp\/v2\/product_tag?post=2987"}],"curies":[{"name":"wp","href":"https:\/\/api.w.org\/{rel}","templated":true}]}}