{"id":2986,"date":"2023-09-22T21:37:17","date_gmt":"2023-09-22T19:37:17","guid":{"rendered":"https:\/\/sultanspices.es\/?post_type=product&#038;p=2986"},"modified":"2026-02-23T12:40:43","modified_gmt":"2026-02-23T11:40:43","slug":"ali-baba-dhania-whole-750-g","status":"publish","type":"product","link":"https:\/\/sultanspices.es\/pt\/produto\/ali-baba-dhania-whole-750-g\/","title":{"rendered":"DHANIA(CORIANDER) WHOLE ALI BABA 750G"},"content":{"rendered":"<div class=\"group w-full text-gray-800 dark:text-gray-100 border-b border-black\/10 dark:border-gray-900\/50 bg-gray-50 dark:bg-[#444654]\">\n<div class=\"flex p-4 gap-4 text-base md:gap-6 md:max-w-2xl lg:max-w-[38rem] xl:max-w-3xl md:py-6 lg:px-0 m-auto\">\n<div class=\"relative flex w-[calc(100%-50px)] flex-col gap-1 md:gap-3 lg:w-[calc(100%-115px)]\">\n<div class=\"flex flex-grow flex-col gap-3\">\n<div class=\"min-h-[20px] flex items-start overflow-x-auto whitespace-pre-wrap break-words flex-col gap-4\">\n<div class=\"result-streaming markdown prose w-full break-words dark:prose-invert light\">\n<p>Experimente o sabor fresco e arom\u00e1tico de Ali Baba Dhania Whole. Este pacote de 750 g oferece sementes de coentros inteiras de alta qualidade, tamb\u00e9m conhecidas como sementes dhania, conhecidas pelo seu sabor e fragr\u00e2ncia \u00fanicos. O Ali Baba Dhania Inteiro \u00e9 cuidadosamente obtido e embalado para garantir uma \u00f3ptima qualidade e frescura. Estas sementes s\u00e3o normalmente utilizadas na cozinha indiana e do M\u00e9dio Oriente para dar um subtil sabor c\u00edtrico e terroso a caris, pickles, chutneys e misturas de especiarias. O Ali Baba Dhania Inteiro pode ser mo\u00eddo ou torrado para libertar todo o seu potencial de sabor. Com o seu sabor e aroma caracter\u00edsticos, estas sementes de coentros inteiras conferem uma frescura deliciosa \u00e0s suas cria\u00e7\u00f5es culin\u00e1rias. Quer seja um cozinheiro dom\u00e9stico ou um chefe profissional, Ali Baba Dhania Inteiro \u00e9 uma especiaria vers\u00e1til que acrescenta profundidade e complexidade \u00e0s suas receitas. Experimente o sabor e o aroma aut\u00eanticos de Ali Baba Dhania Whole e eleve os seus pratos a um novo n\u00edvel de sabor.<\/p>\n<\/div>\n<\/div>\n<\/div>\n<\/div>\n<\/div>\n<\/div>","protected":false},"excerpt":{"rendered":"<p>Experimente o sabor fresco e arom\u00e1tico de Ali Baba Dhania Whole. Esta embalagem de 750 g oferece sementes de coentros inteiras de alta qualidade, tamb\u00e9m conhecidas como sementes dhania, conhecidas pelo seu sabor e fragr\u00e2ncia \u00fanicos. O Ali Baba Dhania Inteiro \u00e9 cuidadosamente obtido e embalado para garantir uma \u00f3ptima qualidade e frescura. Estas sementes s\u00e3o normalmente utilizadas na cozinha indiana e...<\/p>","protected":false},"featured_media":2359,"comment_status":"closed","ping_status":"closed","template":"","meta":{"_kad_blocks_custom_css":"","_kad_blocks_head_custom_js":"","_kad_blocks_body_custom_js":"","_kad_blocks_footer_custom_js":"","_kadence_starter_templates_imported_post":false,"_kad_post_transparent":"","_kad_post_title":"","_kad_post_layout":"","_kad_post_sidebar_id":"","_kad_post_content_style":"","_kad_post_vertical_padding":"","_kad_post_feature":"","_kad_post_feature_position":"","_kad_post_header":false,"_kad_post_footer":false,"_kad_post_classname":""},"product_brand":[],"product_cat":[50],"product_tag":[],"class_list":{"0":"post-2986","1":"product","2":"type-product","3":"status-publish","4":"has-post-thumbnail","6":"product_cat-spices","8":"first","9":"instock","10":"sold-individually","11":"shipping-taxable","12":"purchasable","13":"product-type-simple","14":"entry","15":"content-bg","16":"loop-entry"},"taxonomy_info":{"product_cat":[{"value":50,"label":"Spices"}]},"featured_image_src_large":["https:\/\/sultanspices.es\/wp-content\/uploads\/2023\/07\/Alibaba-Dhania-Whole.jpeg",181,278,false],"author_info":[],"comment_info":0,"jetpack_sharing_enabled":true,"_links":{"self":[{"href":"https:\/\/sultanspices.es\/pt\/wp-json\/wp\/v2\/product\/2986","targetHints":{"allow":["GET"]}}],"collection":[{"href":"https:\/\/sultanspices.es\/pt\/wp-json\/wp\/v2\/product"}],"about":[{"href":"https:\/\/sultanspices.es\/pt\/wp-json\/wp\/v2\/types\/product"}],"replies":[{"embeddable":true,"href":"https:\/\/sultanspices.es\/pt\/wp-json\/wp\/v2\/comments?post=2986"}],"wp:featuredmedia":[{"embeddable":true,"href":"https:\/\/sultanspices.es\/pt\/wp-json\/wp\/v2\/media\/2359"}],"wp:attachment":[{"href":"https:\/\/sultanspices.es\/pt\/wp-json\/wp\/v2\/media?parent=2986"}],"wp:term":[{"taxonomy":"product_brand","embeddable":true,"href":"https:\/\/sultanspices.es\/pt\/wp-json\/wp\/v2\/product_brand?post=2986"},{"taxonomy":"product_cat","embeddable":true,"href":"https:\/\/sultanspices.es\/pt\/wp-json\/wp\/v2\/product_cat?post=2986"},{"taxonomy":"product_tag","embeddable":true,"href":"https:\/\/sultanspices.es\/pt\/wp-json\/wp\/v2\/product_tag?post=2986"}],"curies":[{"name":"wp","href":"https:\/\/api.w.org\/{rel}","templated":true}]}}