{"id":2981,"date":"2023-09-22T21:37:17","date_gmt":"2023-09-22T19:37:17","guid":{"rendered":"https:\/\/sultanspices.es\/?post_type=product&#038;p=2981"},"modified":"2026-03-10T11:48:24","modified_gmt":"2026-03-10T10:48:24","slug":"ali-baba-chana-daal-500-g","status":"publish","type":"product","link":"https:\/\/sultanspices.es\/pt\/produto\/ali-baba-chana-daal-500-g\/","title":{"rendered":"CHANA DALL ALI BABA 500G"},"content":{"rendered":"<div class=\"group w-full text-gray-800 dark:text-gray-100 border-b border-black\/10 dark:border-gray-900\/50 bg-gray-50 dark:bg-[#444654]\">\n<div class=\"flex p-4 gap-4 text-base md:gap-6 md:max-w-2xl lg:max-w-[38rem] xl:max-w-3xl md:py-6 lg:px-0 m-auto\">\n<div class=\"relative flex w-[calc(100%-50px)] flex-col gap-1 md:gap-3 lg:w-[calc(100%-115px)]\">\n<div class=\"flex flex-grow flex-col gap-3\">\n<div class=\"min-h-[20px] flex items-start overflow-x-auto whitespace-pre-wrap break-words flex-col gap-4\">\n<div class=\"result-streaming markdown prose w-full break-words dark:prose-invert light\">\n<p>Descubra o sabor rico e aveludado do Ali Baba Chana Daal. Esta embalagem de 500 g oferece gr\u00e3o-de-bico dividido de alta qualidade, tamb\u00e9m conhecido como chana daal, conhecido pela sua versatilidade e valor nutricional. O Ali Baba Chana Daal \u00e9 cuidadosamente selecionado e embalado para garantir uma \u00f3ptima qualidade e frescura. Estas lentilhas s\u00e3o ricas em prote\u00ednas, fibras e minerais essenciais, o que as torna um complemento saud\u00e1vel e delicioso para as suas refei\u00e7\u00f5es. O Chana daal pode ser cozinhado at\u00e9 obter uma consist\u00eancia cremosa ou utilizado numa variedade de pratos, incluindo caris, sopas, saladas e snacks salgados. Com a sua textura saud\u00e1vel e sabor a terra, o Ali Baba Chana Daal acrescenta profundidade e sabor \u00e0s suas cria\u00e7\u00f5es culin\u00e1rias. Quer seja um cozinheiro dom\u00e9stico ou um chefe de cozinha profissional, Ali Baba Chana Daal \u00e9 um ingrediente vers\u00e1til que confere sabor e nutri\u00e7\u00e3o \u00e0s suas receitas. Experimente a qualidade e o sabor excepcionais de Ali Baba Chana Daal e eleve os seus cozinhados a novos patamares de del\u00edcias.<\/p>\n<\/div>\n<\/div>\n<\/div>\n<\/div>\n<\/div>\n<\/div>","protected":false},"excerpt":{"rendered":"<p>Descubra o sabor rico e aveludado do Ali Baba Chana Daal. Esta embalagem de 500 g oferece gr\u00e3o-de-bico dividido de alta qualidade, tamb\u00e9m conhecido como chana daal, conhecido pela sua versatilidade e valor nutricional. O Ali Baba Chana Daal \u00e9 cuidadosamente selecionado e embalado para garantir uma \u00f3ptima qualidade e frescura. Estas lentilhas s\u00e3o ricas em prote\u00ednas, fibras e minerais essenciais,...<\/p>","protected":false},"featured_media":2356,"comment_status":"closed","ping_status":"closed","template":"","meta":{"_kad_blocks_custom_css":"","_kad_blocks_head_custom_js":"","_kad_blocks_body_custom_js":"","_kad_blocks_footer_custom_js":"","_kadence_starter_templates_imported_post":false,"_kad_post_transparent":"","_kad_post_title":"","_kad_post_layout":"","_kad_post_sidebar_id":"","_kad_post_content_style":"","_kad_post_vertical_padding":"","_kad_post_feature":"","_kad_post_feature_position":"","_kad_post_header":false,"_kad_post_footer":false,"_kad_post_classname":""},"product_brand":[],"product_cat":[47],"product_tag":[],"class_list":{"0":"post-2981","1":"product","2":"type-product","3":"status-publish","4":"has-post-thumbnail","6":"product_cat-lentils","8":"first","9":"instock","10":"sale","11":"sold-individually","12":"shipping-taxable","13":"purchasable","14":"product-type-simple","15":"entry","16":"content-bg","17":"loop-entry"},"taxonomy_info":{"product_cat":[{"value":47,"label":"Lentils"}]},"featured_image_src_large":["https:\/\/sultanspices.es\/wp-content\/uploads\/2023\/07\/alibaba_chanadal500g.webp",1000,1000,false],"author_info":[],"comment_info":0,"jetpack_sharing_enabled":true,"_links":{"self":[{"href":"https:\/\/sultanspices.es\/pt\/wp-json\/wp\/v2\/product\/2981","targetHints":{"allow":["GET"]}}],"collection":[{"href":"https:\/\/sultanspices.es\/pt\/wp-json\/wp\/v2\/product"}],"about":[{"href":"https:\/\/sultanspices.es\/pt\/wp-json\/wp\/v2\/types\/product"}],"replies":[{"embeddable":true,"href":"https:\/\/sultanspices.es\/pt\/wp-json\/wp\/v2\/comments?post=2981"}],"wp:featuredmedia":[{"embeddable":true,"href":"https:\/\/sultanspices.es\/pt\/wp-json\/wp\/v2\/media\/2356"}],"wp:attachment":[{"href":"https:\/\/sultanspices.es\/pt\/wp-json\/wp\/v2\/media?parent=2981"}],"wp:term":[{"taxonomy":"product_brand","embeddable":true,"href":"https:\/\/sultanspices.es\/pt\/wp-json\/wp\/v2\/product_brand?post=2981"},{"taxonomy":"product_cat","embeddable":true,"href":"https:\/\/sultanspices.es\/pt\/wp-json\/wp\/v2\/product_cat?post=2981"},{"taxonomy":"product_tag","embeddable":true,"href":"https:\/\/sultanspices.es\/pt\/wp-json\/wp\/v2\/product_tag?post=2981"}],"curies":[{"name":"wp","href":"https:\/\/api.w.org\/{rel}","templated":true}]}}