{"id":2980,"date":"2023-09-22T21:37:17","date_gmt":"2023-09-22T19:37:17","guid":{"rendered":"https:\/\/sultanspices.es\/?post_type=product&#038;p=2980"},"modified":"2026-02-23T12:40:52","modified_gmt":"2026-02-23T11:40:52","slug":"ali-baba-brown-masoor-1-kg","status":"publish","type":"product","link":"https:\/\/sultanspices.es\/pt\/produto\/ali-baba-castanho-masoor-1-kg\/","title":{"rendered":"LENTILHAS CASTANHAS ALI BABA 1KG"},"content":{"rendered":"<div class=\"group w-full text-gray-800 dark:text-gray-100 border-b border-black\/10 dark:border-gray-900\/50 bg-gray-50 dark:bg-[#444654]\">\n<div class=\"flex p-4 gap-4 text-base md:gap-6 md:max-w-2xl lg:max-w-[38rem] xl:max-w-3xl md:py-6 lg:px-0 m-auto\">\n<div class=\"relative flex w-[calc(100%-50px)] flex-col gap-1 md:gap-3 lg:w-[calc(100%-115px)]\">\n<div class=\"flex flex-grow flex-col gap-3\">\n<div class=\"min-h-[20px] flex items-start overflow-x-auto whitespace-pre-wrap break-words flex-col gap-4\">\n<div class=\"result-streaming markdown prose w-full break-words dark:prose-invert light\">\n<p>Delicie-se com o saud\u00e1vel e nutritivo Ali Baba Brown Masoor. Este pacote de 1 kg oferece lentilhas castanhas de alta qualidade, tamb\u00e9m conhecidas como brown masoor dal, conhecidas pelo seu sabor a terra e benef\u00edcios nutricionais. O Ali Baba Brown Masoor \u00e9 cuidadosamente selecionado e embalado para garantir uma \u00f3ptima qualidade e frescura. Estas lentilhas s\u00e3o ricas em prote\u00ednas, fibras e minerais essenciais, o que as torna um complemento saud\u00e1vel para as suas refei\u00e7\u00f5es. O masoor dal castanho cozinha rapidamente e tem uma textura tenra, o que o torna vers\u00e1til para v\u00e1rias receitas, como sopas, guisados, caris e saladas. Com o seu sabor a nozes e a terra, o Ali Baba Brown Masoor acrescenta profundidade e riqueza \u00e0s suas cria\u00e7\u00f5es culin\u00e1rias. Quer seja um cozinheiro experiente ou um amante de alimentos preocupados com a sa\u00fade, o Ali Baba Brown Masoor \u00e9 um ingrediente essencial da despensa que confere sabor e nutri\u00e7\u00e3o aos seus pratos. Experimente a bondade saud\u00e1vel de Ali Baba Brown Masoor e eleve os seus cozinhados a novos patamares de sabor e bem-estar.<\/p>\n<\/div>\n<\/div>\n<\/div>\n<\/div>\n<\/div>\n<\/div>","protected":false},"excerpt":{"rendered":"<p>Delicie-se com o saud\u00e1vel e nutritivo Ali Baba Brown Masoor. Este pacote de 1 kg oferece lentilhas castanhas de alta qualidade, tamb\u00e9m conhecidas como brown masoor dal, conhecidas pelo seu sabor a terra e benef\u00edcios nutricionais. O Ali Baba Brown Masoor \u00e9 cuidadosamente selecionado e embalado para garantir uma \u00f3ptima qualidade e frescura. Estas lentilhas s\u00e3o ricas em prote\u00ednas, fibras e nutrientes essenciais...<\/p>","protected":false},"featured_media":2354,"comment_status":"closed","ping_status":"closed","template":"","meta":{"_kad_blocks_custom_css":"","_kad_blocks_head_custom_js":"","_kad_blocks_body_custom_js":"","_kad_blocks_footer_custom_js":"","_kadence_starter_templates_imported_post":false,"_kad_post_transparent":"","_kad_post_title":"","_kad_post_layout":"","_kad_post_sidebar_id":"","_kad_post_content_style":"","_kad_post_vertical_padding":"","_kad_post_feature":"","_kad_post_feature_position":"","_kad_post_header":false,"_kad_post_footer":false,"_kad_post_classname":""},"product_brand":[],"product_cat":[47],"product_tag":[],"class_list":{"0":"post-2980","1":"product","2":"type-product","3":"status-publish","4":"has-post-thumbnail","6":"product_cat-lentils","8":"first","9":"instock","10":"sold-individually","11":"shipping-taxable","12":"purchasable","13":"product-type-simple","14":"entry","15":"content-bg","16":"loop-entry"},"taxonomy_info":{"product_cat":[{"value":47,"label":"Lentils"}]},"featured_image_src_large":["https:\/\/sultanspices.es\/wp-content\/uploads\/2023\/07\/ALI-BABA-BROWN-LENTILS-1-KG.jpg",349,476,false],"author_info":[],"comment_info":0,"jetpack_sharing_enabled":true,"_links":{"self":[{"href":"https:\/\/sultanspices.es\/pt\/wp-json\/wp\/v2\/product\/2980","targetHints":{"allow":["GET"]}}],"collection":[{"href":"https:\/\/sultanspices.es\/pt\/wp-json\/wp\/v2\/product"}],"about":[{"href":"https:\/\/sultanspices.es\/pt\/wp-json\/wp\/v2\/types\/product"}],"replies":[{"embeddable":true,"href":"https:\/\/sultanspices.es\/pt\/wp-json\/wp\/v2\/comments?post=2980"}],"wp:featuredmedia":[{"embeddable":true,"href":"https:\/\/sultanspices.es\/pt\/wp-json\/wp\/v2\/media\/2354"}],"wp:attachment":[{"href":"https:\/\/sultanspices.es\/pt\/wp-json\/wp\/v2\/media?parent=2980"}],"wp:term":[{"taxonomy":"product_brand","embeddable":true,"href":"https:\/\/sultanspices.es\/pt\/wp-json\/wp\/v2\/product_brand?post=2980"},{"taxonomy":"product_cat","embeddable":true,"href":"https:\/\/sultanspices.es\/pt\/wp-json\/wp\/v2\/product_cat?post=2980"},{"taxonomy":"product_tag","embeddable":true,"href":"https:\/\/sultanspices.es\/pt\/wp-json\/wp\/v2\/product_tag?post=2980"}],"curies":[{"name":"wp","href":"https:\/\/api.w.org\/{rel}","templated":true}]}}