{"id":2976,"date":"2023-09-22T21:37:17","date_gmt":"2023-09-22T19:37:17","guid":{"rendered":"https:\/\/sultanspices.es\/?post_type=product&#038;p=2976"},"modified":"2026-03-14T13:06:18","modified_gmt":"2026-03-14T12:06:18","slug":"ali-baba-anardana","status":"publish","type":"product","link":"https:\/\/sultanspices.es\/pt\/produto\/ali-baba-anardana\/","title":{"rendered":"ANARDANA WHOLE ALI BABA 100G"},"content":{"rendered":"<div class=\"group w-full text-gray-800 dark:text-gray-100 border-b border-black\/10 dark:border-gray-900\/50 bg-gray-50 dark:bg-[#444654]\">\n<div class=\"flex p-4 gap-4 text-base md:gap-6 md:max-w-2xl lg:max-w-[38rem] xl:max-w-3xl md:py-6 lg:px-0 m-auto\">\n<div class=\"relative flex w-[calc(100%-50px)] flex-col gap-1 md:gap-3 lg:w-[calc(100%-115px)]\">\n<div class=\"flex flex-grow flex-col gap-3\">\n<div class=\"min-h-[20px] flex items-start overflow-x-auto whitespace-pre-wrap break-words flex-col gap-4\">\n<div class=\"markdown prose w-full break-words dark:prose-invert light\">\n<p>Descubra o picante e saboroso Ali Baba Anardana, tamb\u00e9m conhecido como sementes de rom\u00e3 secas. Este pacote oferece anardana de alta qualidade, cuidadosamente obtida e embalada para garantir uma \u00f3ptima qualidade e frescura. A Ali Baba Anardana acrescenta uma explos\u00e3o de picante aos seus pratos, quer seja utilizada como tempero, cobertura ou intensificador de sabor. Estas sementes de rom\u00e3 secas s\u00e3o normalmente utilizadas nas cozinhas indiana e do M\u00e9dio Oriente pelo seu sabor e textura \u00fanicos. Podem ser adicionadas a saladas, chutneys, marinadas ou mesmo polvilhadas sobre iogurte para um toque refrescante. Com o seu sabor vibrante e benef\u00edcios nutricionais, Ali Baba Anardana \u00e9 um ingrediente vers\u00e1til que acrescenta um toque delicioso \u00e0s suas cria\u00e7\u00f5es culin\u00e1rias. Experimente o sabor picante de Ali Baba Anardana e eleve os seus pratos a um n\u00edvel totalmente novo de sabor e emo\u00e7\u00e3o.<\/p>\n<\/div>\n<\/div>\n<\/div>\n<\/div>\n<\/div>\n<\/div>","protected":false},"excerpt":{"rendered":"<p>Descubra o picante e saboroso Ali Baba Anardana, tamb\u00e9m conhecido como sementes de rom\u00e3 secas. Esta embalagem oferece anardana de alta qualidade, cuidadosamente obtida e embalada para garantir uma \u00f3ptima qualidade e frescura. A Ali Baba Anardana acrescenta uma explos\u00e3o de picante aos seus pratos, quer seja utilizada como tempero, cobertura ou intensificador de sabor. Estas sementes de rom\u00e3 secas...<\/p>","protected":false},"featured_media":2343,"comment_status":"closed","ping_status":"closed","template":"","meta":{"_kad_blocks_custom_css":"","_kad_blocks_head_custom_js":"","_kad_blocks_body_custom_js":"","_kad_blocks_footer_custom_js":"","_kadence_starter_templates_imported_post":false,"_kad_post_transparent":"default","_kad_post_title":"","_kad_post_layout":"default","_kad_post_sidebar_id":"","_kad_post_content_style":"default","_kad_post_vertical_padding":"default","_kad_post_feature":"","_kad_post_feature_position":"","_kad_post_header":false,"_kad_post_footer":false,"_kad_post_classname":""},"product_brand":[],"product_cat":[50],"product_tag":[],"class_list":{"0":"post-2976","1":"product","2":"type-product","3":"status-publish","4":"has-post-thumbnail","6":"product_cat-spices","8":"first","9":"instock","10":"sold-individually","11":"shipping-taxable","12":"purchasable","13":"product-type-simple","14":"entry","15":"content-bg","16":"loop-entry"},"taxonomy_info":{"product_cat":[{"value":50,"label":"Spices"}]},"featured_image_src_large":["https:\/\/sultanspices.es\/wp-content\/uploads\/2023\/07\/Anardana-Ali-baba.webp",800,800,false],"author_info":[],"comment_info":0,"jetpack_sharing_enabled":true,"_links":{"self":[{"href":"https:\/\/sultanspices.es\/pt\/wp-json\/wp\/v2\/product\/2976","targetHints":{"allow":["GET"]}}],"collection":[{"href":"https:\/\/sultanspices.es\/pt\/wp-json\/wp\/v2\/product"}],"about":[{"href":"https:\/\/sultanspices.es\/pt\/wp-json\/wp\/v2\/types\/product"}],"replies":[{"embeddable":true,"href":"https:\/\/sultanspices.es\/pt\/wp-json\/wp\/v2\/comments?post=2976"}],"wp:featuredmedia":[{"embeddable":true,"href":"https:\/\/sultanspices.es\/pt\/wp-json\/wp\/v2\/media\/2343"}],"wp:attachment":[{"href":"https:\/\/sultanspices.es\/pt\/wp-json\/wp\/v2\/media?parent=2976"}],"wp:term":[{"taxonomy":"product_brand","embeddable":true,"href":"https:\/\/sultanspices.es\/pt\/wp-json\/wp\/v2\/product_brand?post=2976"},{"taxonomy":"product_cat","embeddable":true,"href":"https:\/\/sultanspices.es\/pt\/wp-json\/wp\/v2\/product_cat?post=2976"},{"taxonomy":"product_tag","embeddable":true,"href":"https:\/\/sultanspices.es\/pt\/wp-json\/wp\/v2\/product_tag?post=2976"}],"curies":[{"name":"wp","href":"https:\/\/api.w.org\/{rel}","templated":true}]}}