{"id":2975,"date":"2023-09-22T21:37:17","date_gmt":"2023-09-22T19:37:17","guid":{"rendered":"https:\/\/sultanspices.es\/?post_type=product&#038;p=2975"},"modified":"2026-04-07T23:51:37","modified_gmt":"2026-04-07T21:51:37","slug":"ali-baba-alubias-500-g","status":"publish","type":"product","link":"https:\/\/sultanspices.es\/pt\/produto\/ali-baba-alubias-500-g\/","title":{"rendered":"FEIJ\u00c3O PRETO ALI BABA 500G"},"content":{"rendered":"<div class=\"group w-full text-gray-800 dark:text-gray-100 border-b border-black\/10 dark:border-gray-900\/50 bg-gray-50 dark:bg-[#444654]\">\n<div class=\"flex p-4 gap-4 text-base md:gap-6 md:max-w-2xl lg:max-w-[38rem] xl:max-w-3xl md:py-6 lg:px-0 m-auto\">\n<div class=\"relative flex w-[calc(100%-50px)] flex-col gap-1 md:gap-3 lg:w-[calc(100%-115px)]\">\n<div class=\"flex flex-grow flex-col gap-3\">\n<div class=\"min-h-[20px] flex items-start overflow-x-auto whitespace-pre-wrap break-words flex-col gap-4\">\n<div class=\"markdown prose w-full break-words dark:prose-invert light\">\n<p>Delicie-se com o sabor rico e cremoso das Alubias Ali Baba. Esta embalagem de 500 g oferece alubias de alta qualidade, tamb\u00e9m conhecidas como feij\u00e3o branco ou feij\u00e3o cannellini, conhecidas pela sua versatilidade e valor nutricional. As Alubias Ali Baba s\u00e3o cuidadosamente seleccionadas e embaladas para garantir uma qualidade e frescura \u00f3ptimas. Estes feij\u00f5es tenros e cremosos s\u00e3o um ingrediente b\u00e1sico em muitas cozinhas, desde sopas e guisados saud\u00e1veis a saladas e molhos satisfat\u00f3rios. S\u00e3o uma excelente fonte de prote\u00ednas vegetais, fibras e minerais essenciais, o que os torna uma adi\u00e7\u00e3o nutritiva \u00e0s suas refei\u00e7\u00f5es. Com o seu sabor suave e textura delicada, as Alubias Ali Baba s\u00e3o perfeitas para criar pratos saud\u00e1veis e deliciosos. Quer seja um cozinheiro experiente ou um entusiasta da comida, as Alubias Ali Baba s\u00e3o um ingrediente indispens\u00e1vel na sua despensa. Experimente a bondade cremosa e os benef\u00edcios nutricionais das Alubias Ali Baba e eleve os seus cozinhados a novos patamares de sabor e nutri\u00e7\u00e3o.<\/p>\n<\/div>\n<\/div>\n<\/div>\n<\/div>\n<\/div>\n<\/div>","protected":false},"excerpt":{"rendered":"<p>Delicie-se com o sabor rico e cremoso das Alubias Ali Baba. Esta embalagem de 500 g oferece alubias de alta qualidade, tamb\u00e9m conhecidas como feij\u00e3o branco ou feij\u00e3o cannellini, conhecidas pela sua versatilidade e valor nutricional. As Alubias Ali Baba s\u00e3o cuidadosamente seleccionadas e embaladas para garantir uma qualidade e frescura \u00f3ptimas. Estes feij\u00f5es tenros e cremosos s\u00e3o um alimento b\u00e1sico...<\/p>","protected":false},"featured_media":2345,"comment_status":"closed","ping_status":"closed","template":"","meta":{"_kad_blocks_custom_css":"","_kad_blocks_head_custom_js":"","_kad_blocks_body_custom_js":"","_kad_blocks_footer_custom_js":"","_kadence_starter_templates_imported_post":false,"_kad_post_transparent":"","_kad_post_title":"","_kad_post_layout":"","_kad_post_sidebar_id":"","_kad_post_content_style":"","_kad_post_vertical_padding":"","_kad_post_feature":"","_kad_post_feature_position":"","_kad_post_header":false,"_kad_post_footer":false,"_kad_post_classname":""},"product_brand":[],"product_cat":[47],"product_tag":[],"class_list":{"0":"post-2975","1":"product","2":"type-product","3":"status-publish","4":"has-post-thumbnail","6":"product_cat-lentils","8":"first","9":"instock","10":"sold-individually","11":"shipping-taxable","12":"purchasable","13":"product-type-simple","14":"entry","15":"content-bg","16":"loop-entry"},"taxonomy_info":{"product_cat":[{"value":47,"label":"Lentils"}]},"featured_image_src_large":["https:\/\/sultanspices.es\/wp-content\/uploads\/2023\/07\/Black-eye-beans-Ali-baba.jpeg",192,262,false],"author_info":[],"comment_info":0,"jetpack_sharing_enabled":true,"_links":{"self":[{"href":"https:\/\/sultanspices.es\/pt\/wp-json\/wp\/v2\/product\/2975","targetHints":{"allow":["GET"]}}],"collection":[{"href":"https:\/\/sultanspices.es\/pt\/wp-json\/wp\/v2\/product"}],"about":[{"href":"https:\/\/sultanspices.es\/pt\/wp-json\/wp\/v2\/types\/product"}],"replies":[{"embeddable":true,"href":"https:\/\/sultanspices.es\/pt\/wp-json\/wp\/v2\/comments?post=2975"}],"wp:featuredmedia":[{"embeddable":true,"href":"https:\/\/sultanspices.es\/pt\/wp-json\/wp\/v2\/media\/2345"}],"wp:attachment":[{"href":"https:\/\/sultanspices.es\/pt\/wp-json\/wp\/v2\/media?parent=2975"}],"wp:term":[{"taxonomy":"product_brand","embeddable":true,"href":"https:\/\/sultanspices.es\/pt\/wp-json\/wp\/v2\/product_brand?post=2975"},{"taxonomy":"product_cat","embeddable":true,"href":"https:\/\/sultanspices.es\/pt\/wp-json\/wp\/v2\/product_cat?post=2975"},{"taxonomy":"product_tag","embeddable":true,"href":"https:\/\/sultanspices.es\/pt\/wp-json\/wp\/v2\/product_tag?post=2975"}],"curies":[{"name":"wp","href":"https:\/\/api.w.org\/{rel}","templated":true}]}}