{"id":2974,"date":"2023-09-22T21:37:17","date_gmt":"2023-09-22T19:37:17","guid":{"rendered":"https:\/\/sultanspices.es\/?post_type=product&#038;p=2974"},"modified":"2026-02-23T12:40:39","modified_gmt":"2026-02-23T11:40:39","slug":"ali-baba-dalchani-400g","status":"publish","type":"product","link":"https:\/\/sultanspices.es\/pt\/produto\/ali-baba-dalchani-400g\/","title":{"rendered":"DALCHINI INTEIRO ALI BABA 400G"},"content":{"rendered":"<div class=\"flex flex-grow flex-col gap-3\">\n<div class=\"min-h-[20px] flex items-start overflow-x-auto whitespace-pre-wrap break-words flex-col gap-4\">\n<div class=\"markdown prose w-full break-words dark:prose-invert light\">\n<p>Experimente o arom\u00e1tico e saboroso Ali Baba Dalchini, tamb\u00e9m conhecido como paus de canela. Este pacote de 400g oferece paus de canela de alta qualidade, conhecidos pelo seu sabor quente e doce. A Ali Baba Dalchini \u00e9 cuidadosamente obtida e embalada para garantir uma \u00f3ptima qualidade e frescura. Estes paus de canela s\u00e3o normalmente utilizados na culin\u00e1ria e na pastelaria para acrescentar um aroma e um sabor deliciosos a uma variedade de pratos. Podem ser utilizados tanto em receitas salgadas como doces, como caril, pratos de arroz, sobremesas e bebidas quentes. Com a sua fragr\u00e2ncia distinta e reconfortante, o Ali Baba Dalchini d\u00e1 um toque de calor e riqueza \u00e0s suas cria\u00e7\u00f5es culin\u00e1rias. Quer seja um cozinheiro profissional ou um cozinheiro dom\u00e9stico, Ali Baba Dalchini \u00e9 uma especiaria vers\u00e1til que acrescenta profundidade e complexidade \u00e0s suas receitas. Experimente o sabor e o aroma aut\u00eanticos de Ali Baba Dalchini e eleve os seus pratos a um novo n\u00edvel de sabor.<\/p>\n<\/div>\n<\/div>\n<\/div>","protected":false},"excerpt":{"rendered":"<p>Experimente o arom\u00e1tico e saboroso Ali Baba Dalchini, tamb\u00e9m conhecido como paus de canela. Este pacote de 400g oferece paus de canela de alta qualidade, conhecidos pelo seu sabor quente e doce. A Ali Baba Dalchini \u00e9 cuidadosamente obtida e embalada para garantir uma \u00f3ptima qualidade e frescura. Estes paus de canela s\u00e3o normalmente utilizados na culin\u00e1ria e na pastelaria para...<\/p>","protected":false},"featured_media":2348,"comment_status":"closed","ping_status":"closed","template":"","meta":{"_kad_blocks_custom_css":"","_kad_blocks_head_custom_js":"","_kad_blocks_body_custom_js":"","_kad_blocks_footer_custom_js":"","_kadence_starter_templates_imported_post":false,"_kad_post_transparent":"","_kad_post_title":"","_kad_post_layout":"","_kad_post_sidebar_id":"","_kad_post_content_style":"","_kad_post_vertical_padding":"","_kad_post_feature":"","_kad_post_feature_position":"","_kad_post_header":false,"_kad_post_footer":false,"_kad_post_classname":""},"product_brand":[],"product_cat":[50],"product_tag":[],"class_list":{"0":"post-2974","1":"product","2":"type-product","3":"status-publish","4":"has-post-thumbnail","6":"product_cat-spices","8":"first","9":"instock","10":"sold-individually","11":"shipping-taxable","12":"purchasable","13":"product-type-simple","14":"entry","15":"content-bg","16":"loop-entry"},"taxonomy_info":{"product_cat":[{"value":50,"label":"Spices"}]},"featured_image_src_large":["https:\/\/sultanspices.es\/wp-content\/uploads\/2023\/07\/AlibabaDalchini400g-1024x1024.webp",1024,1024,true],"author_info":[],"comment_info":0,"jetpack_sharing_enabled":true,"_links":{"self":[{"href":"https:\/\/sultanspices.es\/pt\/wp-json\/wp\/v2\/product\/2974","targetHints":{"allow":["GET"]}}],"collection":[{"href":"https:\/\/sultanspices.es\/pt\/wp-json\/wp\/v2\/product"}],"about":[{"href":"https:\/\/sultanspices.es\/pt\/wp-json\/wp\/v2\/types\/product"}],"replies":[{"embeddable":true,"href":"https:\/\/sultanspices.es\/pt\/wp-json\/wp\/v2\/comments?post=2974"}],"wp:featuredmedia":[{"embeddable":true,"href":"https:\/\/sultanspices.es\/pt\/wp-json\/wp\/v2\/media\/2348"}],"wp:attachment":[{"href":"https:\/\/sultanspices.es\/pt\/wp-json\/wp\/v2\/media?parent=2974"}],"wp:term":[{"taxonomy":"product_brand","embeddable":true,"href":"https:\/\/sultanspices.es\/pt\/wp-json\/wp\/v2\/product_brand?post=2974"},{"taxonomy":"product_cat","embeddable":true,"href":"https:\/\/sultanspices.es\/pt\/wp-json\/wp\/v2\/product_cat?post=2974"},{"taxonomy":"product_tag","embeddable":true,"href":"https:\/\/sultanspices.es\/pt\/wp-json\/wp\/v2\/product_tag?post=2974"}],"curies":[{"name":"wp","href":"https:\/\/api.w.org\/{rel}","templated":true}]}}