{"id":2973,"date":"2023-09-22T21:37:16","date_gmt":"2023-09-22T19:37:16","guid":{"rendered":"https:\/\/sultanspices.es\/?post_type=product&#038;p=2973"},"modified":"2025-07-19T10:59:34","modified_gmt":"2025-07-19T08:59:34","slug":"albadia-luxury-butter-ghee-400-g","status":"publish","type":"product","link":"https:\/\/sultanspices.es\/pt\/produto\/albadia-luxury-butter-ghee-400-g\/","title":{"rendered":"MANTEIGA GHEE DE LUXO ALBADIA 400 G"},"content":{"rendered":"<div class=\"group w-full text-gray-800 dark:text-gray-100 border-b border-black\/10 dark:border-gray-900\/50 bg-gray-50 dark:bg-[#444654]\">\n<div class=\"flex p-4 gap-4 text-base md:gap-6 md:max-w-2xl lg:max-w-[38rem] xl:max-w-3xl md:py-6 lg:px-0 m-auto\">\n<div class=\"relative flex w-[calc(100%-50px)] flex-col gap-1 md:gap-3 lg:w-[calc(100%-115px)]\">\n<div class=\"flex flex-grow flex-col gap-3\">\n<div class=\"min-h-[20px] flex items-start overflow-x-auto whitespace-pre-wrap break-words flex-col gap-4\">\n<div class=\"result-streaming markdown prose w-full break-words dark:prose-invert light\">\n<p>Delicie-se com o sabor rico e luxuoso de Albadia Luxury Butter Ghee. Esta embalagem de 400g oferece manteiga ghee de alta qualidade, conhecida pelo seu sabor rico e a nozes. Albadia Luxury Butter Ghee \u00e9 cuidadosamente fabricada e embalada para garantir uma \u00f3ptima qualidade e frescura. Feita a partir de manteiga pura, esta manteiga clarificada tem um ponto de fumo elevado, o que a torna ideal para cozinhar, fritar e saltear. Acrescenta uma riqueza e um aroma deliciosos aos seus pratos, quer seja utilizada na cozinha tradicional indiana, na pastelaria ou como cobertura saborosa. Albadia Luxury Butter Ghee \u00e9 um ingrediente vers\u00e1til que confere um sabor delicioso e distinto \u00e0s suas cria\u00e7\u00f5es culin\u00e1rias. Quer esteja a preparar um caril saboroso ou uma sobremesa de fazer crescer \u00e1gua na boca, Albadia Luxury Butter Ghee d\u00e1 um toque de luxo e real\u00e7a os sabores dos seus pratos. Experimente a qualidade premium e o sabor inigual\u00e1vel de Albadia Luxury Butter Ghee e eleve os seus cozinhados a novos patamares de indulg\u00eancia.<\/p>\n<\/div>\n<\/div>\n<\/div>\n<\/div>\n<\/div>\n<\/div>","protected":false},"excerpt":{"rendered":"<p>Delicie-se com o sabor rico e luxuoso de Albadia Luxury Butter Ghee. Esta embalagem de 400g oferece manteiga ghee de alta qualidade, conhecida pelo seu sabor rico e a nozes. Albadia Luxury Butter Ghee \u00e9 cuidadosamente fabricada e embalada para garantir uma \u00f3ptima qualidade e frescura. Feita a partir de manteiga pura, esta manteiga clarificada tem um elevado ponto de fumo, o que a torna...<\/p>","protected":false},"featured_media":2350,"comment_status":"closed","ping_status":"closed","template":"","meta":{"_kad_blocks_custom_css":"","_kad_blocks_head_custom_js":"","_kad_blocks_body_custom_js":"","_kad_blocks_footer_custom_js":"","_kadence_starter_templates_imported_post":false,"_kad_post_transparent":"","_kad_post_title":"","_kad_post_layout":"","_kad_post_sidebar_id":"","_kad_post_content_style":"","_kad_post_vertical_padding":"","_kad_post_feature":"","_kad_post_feature_position":"","_kad_post_header":false,"_kad_post_footer":false,"_kad_post_classname":""},"product_brand":[],"product_cat":[61],"product_tag":[],"class_list":{"0":"post-2973","1":"product","2":"type-product","3":"status-publish","4":"has-post-thumbnail","6":"product_cat-dairy-productsghee","8":"first","9":"outofstock","10":"sold-individually","11":"shipping-taxable","12":"purchasable","13":"product-type-simple","14":"entry","15":"content-bg","16":"loop-entry"},"taxonomy_info":{"product_cat":[{"value":61,"label":"Dairy Products(ghee)"}]},"featured_image_src_large":["https:\/\/sultanspices.es\/wp-content\/uploads\/2023\/07\/ALBADIA-Butter-Ghee-400gF-819x1024.webp",819,1024,true],"author_info":[],"comment_info":0,"jetpack_sharing_enabled":true,"_links":{"self":[{"href":"https:\/\/sultanspices.es\/pt\/wp-json\/wp\/v2\/product\/2973","targetHints":{"allow":["GET"]}}],"collection":[{"href":"https:\/\/sultanspices.es\/pt\/wp-json\/wp\/v2\/product"}],"about":[{"href":"https:\/\/sultanspices.es\/pt\/wp-json\/wp\/v2\/types\/product"}],"replies":[{"embeddable":true,"href":"https:\/\/sultanspices.es\/pt\/wp-json\/wp\/v2\/comments?post=2973"}],"wp:featuredmedia":[{"embeddable":true,"href":"https:\/\/sultanspices.es\/pt\/wp-json\/wp\/v2\/media\/2350"}],"wp:attachment":[{"href":"https:\/\/sultanspices.es\/pt\/wp-json\/wp\/v2\/media?parent=2973"}],"wp:term":[{"taxonomy":"product_brand","embeddable":true,"href":"https:\/\/sultanspices.es\/pt\/wp-json\/wp\/v2\/product_brand?post=2973"},{"taxonomy":"product_cat","embeddable":true,"href":"https:\/\/sultanspices.es\/pt\/wp-json\/wp\/v2\/product_cat?post=2973"},{"taxonomy":"product_tag","embeddable":true,"href":"https:\/\/sultanspices.es\/pt\/wp-json\/wp\/v2\/product_tag?post=2973"}],"curies":[{"name":"wp","href":"https:\/\/api.w.org\/{rel}","templated":true}]}}