{"id":2971,"date":"2023-09-22T21:37:16","date_gmt":"2023-09-22T19:37:16","guid":{"rendered":"https:\/\/sultanspices.es\/?post_type=product&#038;p=2971"},"modified":"2026-02-23T12:40:30","modified_gmt":"2026-02-23T11:40:30","slug":"ajinomoto-100g","status":"publish","type":"product","link":"https:\/\/sultanspices.es\/pt\/produto\/ajinomoto-100g\/","title":{"rendered":"AJINOMOTO MONOSODIO GLUTAM. 100G"},"content":{"rendered":"<div class=\"group w-full text-gray-800 dark:text-gray-100 border-b border-black\/10 dark:border-gray-900\/50 bg-gray-50 dark:bg-[#444654]\">\n<div class=\"flex p-4 gap-4 text-base md:gap-6 md:max-w-2xl lg:max-w-[38rem] xl:max-w-3xl md:py-6 lg:px-0 m-auto\">\n<div class=\"relative flex w-[calc(100%-50px)] flex-col gap-1 md:gap-3 lg:w-[calc(100%-115px)]\">\n<div class=\"flex flex-grow flex-col gap-3\">\n<div class=\"min-h-[20px] flex items-start overflow-x-auto whitespace-pre-wrap break-words flex-col gap-4\">\n<div class=\"markdown prose w-full break-words dark:prose-invert light\">\n<p>Realce os sabores dos seus pratos com Ajinomoto. Esta embalagem de 100 g oferece glutamato monoss\u00f3dico de alta qualidade, vulgarmente conhecido como Ajinomoto, conhecido pela sua capacidade de real\u00e7ar o sabor salgado de v\u00e1rias cozinhas. O Ajinomoto \u00e9 cuidadosamente processado e embalado para garantir uma qualidade e frescura \u00f3ptimas. \u00c9 um tempero vers\u00e1til utilizado na cozinha asi\u00e1tica para real\u00e7ar o sabor umami dos pratos. Com os seus finos cristais brancos, o Ajinomoto pode ser polvilhado em salteados, sopas, noodles ou em qualquer prato que necessite de um impulso saboroso. Experimente as propriedades \u00fanicas de realce do sabor de Ajinomoto e leve as suas cria\u00e7\u00f5es culin\u00e1rias a novos patamares de del\u00edcias. Quer seja um cozinheiro dom\u00e9stico ou um chef profissional, Ajinomoto \u00e9 um tempero indispens\u00e1vel no seu arsenal de cozinha. Eleve os sabores dos seus pratos favoritos com Ajinomoto e desfrute de uma deliciosa viagem culin\u00e1ria.<\/p>\n<\/div>\n<\/div>\n<\/div>\n<\/div>\n<\/div>\n<\/div>","protected":false},"excerpt":{"rendered":"<p>Realce os sabores dos seus pratos com Ajinomoto. Esta embalagem de 100 g oferece glutamato monoss\u00f3dico de alta qualidade, vulgarmente conhecido como Ajinomoto, conhecido pela sua capacidade de real\u00e7ar o sabor salgado de v\u00e1rias cozinhas. O Ajinomoto \u00e9 cuidadosamente processado e embalado para garantir uma qualidade e frescura \u00f3ptimas. \u00c9 um tempero vers\u00e1til utilizado na cozinha asi\u00e1tica para real\u00e7ar...<\/p>","protected":false},"featured_media":2366,"comment_status":"closed","ping_status":"closed","template":"","meta":{"_kad_blocks_custom_css":"","_kad_blocks_head_custom_js":"","_kad_blocks_body_custom_js":"","_kad_blocks_footer_custom_js":"","_kadence_starter_templates_imported_post":false,"_kad_post_transparent":"","_kad_post_title":"","_kad_post_layout":"","_kad_post_sidebar_id":"","_kad_post_content_style":"","_kad_post_vertical_padding":"","_kad_post_feature":"","_kad_post_feature_position":"","_kad_post_header":false,"_kad_post_footer":false,"_kad_post_classname":""},"product_brand":[],"product_cat":[50],"product_tag":[],"class_list":{"0":"post-2971","1":"product","2":"type-product","3":"status-publish","4":"has-post-thumbnail","6":"product_cat-spices","8":"first","9":"outofstock","10":"sold-individually","11":"shipping-taxable","12":"purchasable","13":"product-type-simple","14":"entry","15":"content-bg","16":"loop-entry"},"taxonomy_info":{"product_cat":[{"value":50,"label":"Spices"}]},"featured_image_src_large":["https:\/\/sultanspices.es\/wp-content\/uploads\/2023\/07\/Ajinomoto-100g.png",276,355,false],"author_info":[],"comment_info":0,"jetpack_sharing_enabled":true,"_links":{"self":[{"href":"https:\/\/sultanspices.es\/pt\/wp-json\/wp\/v2\/product\/2971","targetHints":{"allow":["GET"]}}],"collection":[{"href":"https:\/\/sultanspices.es\/pt\/wp-json\/wp\/v2\/product"}],"about":[{"href":"https:\/\/sultanspices.es\/pt\/wp-json\/wp\/v2\/types\/product"}],"replies":[{"embeddable":true,"href":"https:\/\/sultanspices.es\/pt\/wp-json\/wp\/v2\/comments?post=2971"}],"wp:featuredmedia":[{"embeddable":true,"href":"https:\/\/sultanspices.es\/pt\/wp-json\/wp\/v2\/media\/2366"}],"wp:attachment":[{"href":"https:\/\/sultanspices.es\/pt\/wp-json\/wp\/v2\/media?parent=2971"}],"wp:term":[{"taxonomy":"product_brand","embeddable":true,"href":"https:\/\/sultanspices.es\/pt\/wp-json\/wp\/v2\/product_brand?post=2971"},{"taxonomy":"product_cat","embeddable":true,"href":"https:\/\/sultanspices.es\/pt\/wp-json\/wp\/v2\/product_cat?post=2971"},{"taxonomy":"product_tag","embeddable":true,"href":"https:\/\/sultanspices.es\/pt\/wp-json\/wp\/v2\/product_tag?post=2971"}],"curies":[{"name":"wp","href":"https:\/\/api.w.org\/{rel}","templated":true}]}}