{"id":5321,"date":"2025-07-17T20:00:42","date_gmt":"2025-07-17T18:00:42","guid":{"rendered":"https:\/\/sultanspices.es\/product\/wagh-bakri-premium-tea-100-g\/"},"modified":"2026-04-01T23:00:07","modified_gmt":"2026-04-01T21:00:07","slug":"wagh-bakri-premium-tea-100-g","status":"publish","type":"product","link":"https:\/\/sultanspices.es\/es\/producto\/wagh-bakri-premium-tea-100-g\/","title":{"rendered":"WAGH BAKRI T\u00c9 PREMIUM 100 G"},"content":{"rendered":"<div id=\"model-response-message-contentr_6b0a64a78c55ccad\" class=\"markdown markdown-main-panel enable-updated-hr-color\" dir=\"ltr\">\n<h2>WAGH BAKRI PREMIUM TEA 100G: Experimenta la Esencia del Chai Indio en Espa\u00f1a<\/h2>\n<p>En Sultan Spices and Supermarket, estamos orgullosos de presentar <b>Wagh Bakri T\u00e9 Premium 100g<\/b>un alimento b\u00e1sico muy apreciado en innumerables hogares indios y que ahora puedes descubrir en Espa\u00f1a. <span class=\"citation-21 citation-end-21\">Este exquisito t\u00e9 negro, conocido por su calidad constante y su sabor vigorizante, es m\u00e1s que una bebida: es una invitaci\u00f3n a una rica tradici\u00f3n cultural de calidez, hospitalidad y sabor aut\u00e9ntico.<sup class=\"superscript\" data-turn-source-index=\"1\">1<\/sup><\/span> Perfecta para quienes buscan una taza robusta y refrescante, ya sea sola o como base de una deliciosa receta casera. <i>chai<\/i>.<\/p>\n<p><span class=\"citation-20 citation-end-20\">Wagh Bakri, una marca con m\u00e1s de un siglo de herencia, selecciona meticulosamente sus hojas de t\u00e9 de los mejores jardines de la India, garantizando que cada gr\u00e1nulo de este paquete de 100 g ofrezca un sabor intenso, un hermoso y rico color y un aroma verdaderamente estimulante.<sup class=\"superscript\" data-turn-source-index=\"2\">2<\/sup><\/span> El tama\u00f1o compacto de 100 g es ideal para los amantes del t\u00e9 individual, para los que se inician en las delicias del t\u00e9 indio o como un pr\u00e1ctico recambio para su despensa. Promete despertar los sentidos y proporcionar el est\u00edmulo perfecto en cualquier momento del d\u00eda, encarnando la aut\u00e9ntica esencia de la cultura del t\u00e9 indio.<\/p>\n<p><span class=\"citation-19 citation-end-19\">M\u00e1s all\u00e1 de su cautivador sabor, el T\u00e9 Premium Wagh Bakri ofrece beneficios naturales que contribuyen al bienestar general.<sup class=\"superscript\" data-turn-source-index=\"3\">3<\/sup><\/span> <span class=\"citation-18 citation-end-18\">Como t\u00e9 negro de alta calidad, es naturalmente rico en antioxidantes, conocidos por ayudar a combatir los efectos del estr\u00e9s diario y la contaminaci\u00f3n.<sup class=\"superscript\" data-turn-source-index=\"4\">4<\/sup><\/span> Una taza caliente de este t\u00e9 tambi\u00e9n puede mejorar el estado de alerta y proporcionar un suave impulso de energ\u00eda, por lo que es una excelente opci\u00f3n para empezar el d\u00eda o para revitalizarse por la tarde. Es un placer sencillo y reconfortante que nutre el cuerpo y el alma.<\/p>\n<p>En Espa\u00f1a, donde el aprecio por las bebidas de calidad es profundo, el T\u00e9 Premium Wagh Bakri introduce un mundo de posibilidades arom\u00e1ticas. Aunque es popular como t\u00e9 negro fuerte por s\u00ed solo, brilla realmente cuando se prepara como t\u00e9 tradicional indio. <i>masala chai<\/i>. Imag\u00ednese hirviendo a fuego lento este t\u00e9 de primera calidad con leche, az\u00facar y una mezcla de especias arom\u00e1ticas como cardamomo, jengibre, canela y clavo: una experiencia realmente aut\u00e9ntica que le transporta directamente a las bulliciosas calles de la India. Es la base ideal para crear su t\u00e9 perfecto. <i>chai<\/i> en casa, lo que le permite personalizar la potencia y el nivel de picante a su gusto.<\/p>\n<p>Si usted es un \u00e1vido conocedor del t\u00e9, un cocinero casero aventurero, o simplemente busca a\u00f1adir un toque de aut\u00e9ntico sabor indio a su rutina diaria, Wagh Bakri Premium Tea 100g de Sultan Spices and Supermarket es una elecci\u00f3n imperdible. Adopte la tradici\u00f3n, saboree el sabor fuerte y refrescante, y deje que este t\u00e9 premium se convierta en una parte apreciada de su viaje culinario aqu\u00ed en Espa\u00f1a. Vis\u00edtenos en M\u00e1laga o compre online para llevarse a casa esta excepcional infusi\u00f3n y elevar su experiencia con el t\u00e9.<\/p>\n<\/div>","protected":false},"excerpt":{"rendered":"<p>WAGH BAKRI PREMIUM TEA 100G: Experimente la Esencia del Chai Indio en Espa\u00f1a En Sultan Spices and Supermarket, nos enorgullece presentar Wagh Bakri Premium Tea 100g, un alimento b\u00e1sico en innumerables hogares indios y ahora disponible para que lo descubra en Espa\u00f1a. Este exquisito t\u00e9 negro, conocido por su calidad constante y sabor vigorizante, es...<\/p>","protected":false},"featured_media":5323,"comment_status":"open","ping_status":"closed","template":"","meta":{"_kad_blocks_custom_css":"","_kad_blocks_head_custom_js":"","_kad_blocks_body_custom_js":"","_kad_blocks_footer_custom_js":"","_kadence_starter_templates_imported_post":false,"_kad_post_transparent":"default","_kad_post_title":"","_kad_post_layout":"default","_kad_post_sidebar_id":"","_kad_post_content_style":"default","_kad_post_vertical_padding":"default","_kad_post_feature":"","_kad_post_feature_position":"","_kad_post_header":false,"_kad_post_footer":false,"_kad_post_classname":""},"product_brand":[],"product_cat":[57],"product_tag":[],"class_list":{"0":"post-5321","1":"product","2":"type-product","3":"status-publish","4":"has-post-thumbnail","6":"product_cat-tea-chai-pati","8":"first","9":"instock","10":"shipping-taxable","11":"purchasable","12":"product-type-simple","13":"entry","14":"content-bg","15":"loop-entry"},"taxonomy_info":{"product_cat":[{"value":57,"label":"Tea (Chai Pati)"}]},"featured_image_src_large":["https:\/\/sultanspices.es\/wp-content\/uploads\/2025\/07\/ProductsPIX-67-1024x1024.png",1024,1024,true],"author_info":[],"comment_info":0,"jetpack_sharing_enabled":true,"_links":{"self":[{"href":"https:\/\/sultanspices.es\/es\/wp-json\/wp\/v2\/product\/5321","targetHints":{"allow":["GET"]}}],"collection":[{"href":"https:\/\/sultanspices.es\/es\/wp-json\/wp\/v2\/product"}],"about":[{"href":"https:\/\/sultanspices.es\/es\/wp-json\/wp\/v2\/types\/product"}],"replies":[{"embeddable":true,"href":"https:\/\/sultanspices.es\/es\/wp-json\/wp\/v2\/comments?post=5321"}],"wp:featuredmedia":[{"embeddable":true,"href":"https:\/\/sultanspices.es\/es\/wp-json\/wp\/v2\/media\/5323"}],"wp:attachment":[{"href":"https:\/\/sultanspices.es\/es\/wp-json\/wp\/v2\/media?parent=5321"}],"wp:term":[{"taxonomy":"product_brand","embeddable":true,"href":"https:\/\/sultanspices.es\/es\/wp-json\/wp\/v2\/product_brand?post=5321"},{"taxonomy":"product_cat","embeddable":true,"href":"https:\/\/sultanspices.es\/es\/wp-json\/wp\/v2\/product_cat?post=5321"},{"taxonomy":"product_tag","embeddable":true,"href":"https:\/\/sultanspices.es\/es\/wp-json\/wp\/v2\/product_tag?post=5321"}],"curies":[{"name":"wp","href":"https:\/\/api.w.org\/{rel}","templated":true}]}}