{"id":5320,"date":"2025-07-17T20:00:41","date_gmt":"2025-07-17T18:00:41","guid":{"rendered":"https:\/\/sultanspices.es\/product\/wagh-bakri-premium-tea-1-kg\/"},"modified":"2026-02-23T12:41:28","modified_gmt":"2026-02-23T11:41:28","slug":"wagh-bakri-premium-tea-1-kg","status":"publish","type":"product","link":"https:\/\/sultanspices.es\/es\/producto\/wagh-bakri-premium-tea-1-kg\/","title":{"rendered":"WAGH BAKRI PREMIUM TEA 1 KG"},"content":{"rendered":"<div id=\"model-response-message-contentr_384723285f85e953\" class=\"markdown markdown-main-panel enable-updated-hr-color\" dir=\"ltr\">\n<h2>WAGH BAKRI PREMIUM TEA 1 KG: La mejor experiencia de t\u00e9 indio para su hogar en Espa\u00f1a<\/h2>\n<p><span class=\"citation-33\">Para los entusiastas del t\u00e9 y los que aprecian de verdad el ritual diario de una taza perfecta, Sultan Spices and Supermarket se enorgullece de ofrecer <\/span><b><span class=\"citation-33\">Wagh Bakri T\u00e9 Premium 1 KG<\/span><\/b><span class=\"citation-33 citation-end-33\">.<sup class=\"superscript\" data-turn-source-index=\"1\">1<\/sup><\/span> Este sustancioso paquete le garantiza que siempre tendr\u00e1 a mano su t\u00e9 negro indio robusto y arom\u00e1tico favorito, listo para infundir sus ma\u00f1anas y tardes con su sabor distintivo. Es la elecci\u00f3n ideal para familias, \u00e1vidos bebedores de chai o cualquier persona en Espa\u00f1a que busque abrazar profundamente el aut\u00e9ntico sabor del t\u00e9 indio.<\/p>\n<p><span class=\"citation-32 citation-end-32\">Wagh Bakri ha cultivado un legado de excelencia durante m\u00e1s de un siglo, gan\u00e1ndose su reputaci\u00f3n como una de las marcas de t\u00e9 m\u00e1s fiables de la India.<sup class=\"superscript\" data-turn-source-index=\"2\">2<\/sup><\/span> <span class=\"citation-31 citation-end-31\">Este paquete de 1 KG encarna ese compromiso con la calidad, ya que contiene hojas de t\u00e9 cuidadosamente seleccionadas de las mejores plantaciones de t\u00e9 de la India.<sup class=\"superscript\" data-turn-source-index=\"3\">3<\/sup><\/span> <span class=\"citation-30 citation-end-30\">Cada gr\u00e1nulo se procesa para ofrecer un perfil de sabor fuerte y consistente, un color profundo y atractivo, y un aroma cautivador que define un t\u00e9 negro verdaderamente de primera calidad.<sup class=\"superscript\" data-turn-source-index=\"4\">4<\/sup><\/span> Este tama\u00f1o m\u00e1s grande ofrece un valor y una comodidad incre\u00edbles, garantizando que no se quede sin su querida infusi\u00f3n demasiado r\u00e1pido.<\/p>\n<p><span class=\"citation-29 citation-end-29\">Adem\u00e1s de su delicioso sabor, el T\u00e9 Premium Wagh Bakri est\u00e1 repleto de propiedades beneficiosas para la salud.<sup class=\"superscript\" data-turn-source-index=\"5\">5<\/sup><\/span> <span class=\"citation-28 citation-end-28\">Como t\u00e9 negro de alta calidad, es una rica fuente de antioxidantes, conocidos por favorecer el bienestar general y ayudar al organismo a combatir los factores estresantes cotidianos.<sup class=\"superscript\" data-turn-source-index=\"6\">6<\/sup><\/span> Una taza regular tambi\u00e9n puede contribuir a mejorar el estado de alerta y proporcionar un impulso de energ\u00eda natural y sostenido sin los nervios asociados a menudo con otros estimulantes. Incorporar el Wagh Bakri a su rutina diaria es una forma sencilla pero eficaz de a\u00f1adir un toque de placer saludable.<\/p>\n<p>En Espa\u00f1a, donde la curiosidad culinaria y el aprecio por los sabores globales van en aumento, Wagh Bakri Premium Tea 1 KG es su puerta de entrada a la aut\u00e9ntica experiencia del t\u00e9 indio. Aunque es excelente como t\u00e9 negro fuerte independiente, su verdadera magia se despliega cuando se prepara como t\u00e9 tradicional. <i>masala chai<\/i>. Imagine el reconfortante aroma que llenar\u00e1 su cocina mientras cocina a fuego lento este t\u00e9 de primera calidad con leche, az\u00facar y su mezcla preferida de c\u00e1lidas especias como jengibre, cardamomo, clavo y canela. Este generoso envase de 1 KG es perfecto para perfeccionar su receta personal de chai y compartir esta delicia cultural con amigos y familiares.<\/p>\n<p>Tanto si eres un viejo admirador del t\u00e9 indio como si acabas de empezar a explorarlo, el T\u00e9 Premium Wagh Bakri 1 KG de Especias y Supermercado Sult\u00e1n es un complemento indispensable para tu despensa en M\u00e1laga y en toda Espa\u00f1a. Representa una mezcla de herencia, calidad y el genuino sabor de la India, prometiendo innumerables momentos de vigorizante refresco y c\u00e1lida conexi\u00f3n. Abast\u00e9cete de este ingrediente esencial y transforma tus momentos de consumo de t\u00e9 en una experiencia aut\u00e9ntica y enriquecedora.<\/p>\n<\/div>","protected":false},"excerpt":{"rendered":"<p>WAGH BAKRI PREMIUM TEA 1 KG: La \u00faltima experiencia de t\u00e9 de la India para su hogar en Espa\u00f1a Para los entusiastas del t\u00e9 graves y los que realmente aprecian el ritual diario de una taza perfecta, Sultan Especias y Supermercado se enorgullece de ofrecer Wagh Bakri Premium Tea 1 KG.1 Este paquete sustancial asegura que siempre tendr\u00e1 su...<\/p>","protected":false},"featured_media":5325,"comment_status":"open","ping_status":"closed","template":"","meta":{"_kad_blocks_custom_css":"","_kad_blocks_head_custom_js":"","_kad_blocks_body_custom_js":"","_kad_blocks_footer_custom_js":"","_kadence_starter_templates_imported_post":false,"_kad_post_transparent":"default","_kad_post_title":"","_kad_post_layout":"default","_kad_post_sidebar_id":"","_kad_post_content_style":"default","_kad_post_vertical_padding":"default","_kad_post_feature":"","_kad_post_feature_position":"","_kad_post_header":false,"_kad_post_footer":false,"_kad_post_classname":""},"product_brand":[],"product_cat":[57],"product_tag":[],"class_list":{"0":"post-5320","1":"product","2":"type-product","3":"status-publish","4":"has-post-thumbnail","6":"product_cat-tea-chai-pati","8":"first","9":"outofstock","10":"shipping-taxable","11":"purchasable","12":"product-type-simple","13":"entry","14":"content-bg","15":"loop-entry"},"taxonomy_info":{"product_cat":[{"value":57,"label":"Tea (Chai Pati)"}]},"featured_image_src_large":["https:\/\/sultanspices.es\/wp-content\/uploads\/2025\/07\/ProductsPIX-68-1024x1024.png",1024,1024,true],"author_info":[],"comment_info":0,"jetpack_sharing_enabled":true,"_links":{"self":[{"href":"https:\/\/sultanspices.es\/es\/wp-json\/wp\/v2\/product\/5320","targetHints":{"allow":["GET"]}}],"collection":[{"href":"https:\/\/sultanspices.es\/es\/wp-json\/wp\/v2\/product"}],"about":[{"href":"https:\/\/sultanspices.es\/es\/wp-json\/wp\/v2\/types\/product"}],"replies":[{"embeddable":true,"href":"https:\/\/sultanspices.es\/es\/wp-json\/wp\/v2\/comments?post=5320"}],"wp:featuredmedia":[{"embeddable":true,"href":"https:\/\/sultanspices.es\/es\/wp-json\/wp\/v2\/media\/5325"}],"wp:attachment":[{"href":"https:\/\/sultanspices.es\/es\/wp-json\/wp\/v2\/media?parent=5320"}],"wp:term":[{"taxonomy":"product_brand","embeddable":true,"href":"https:\/\/sultanspices.es\/es\/wp-json\/wp\/v2\/product_brand?post=5320"},{"taxonomy":"product_cat","embeddable":true,"href":"https:\/\/sultanspices.es\/es\/wp-json\/wp\/v2\/product_cat?post=5320"},{"taxonomy":"product_tag","embeddable":true,"href":"https:\/\/sultanspices.es\/es\/wp-json\/wp\/v2\/product_tag?post=5320"}],"curies":[{"name":"wp","href":"https:\/\/api.w.org\/{rel}","templated":true}]}}