{"id":5315,"date":"2025-07-17T20:00:35","date_gmt":"2025-07-17T18:00:35","guid":{"rendered":"https:\/\/sultanspices.es\/product\/tata-kitchen-king-masala-100g\/"},"modified":"2026-02-23T12:41:22","modified_gmt":"2026-02-23T11:41:22","slug":"tata-kitchen-king-masala-100g","status":"publish","type":"product","link":"https:\/\/sultanspices.es\/es\/producto\/tata-cocina-rey-masala-100g\/","title":{"rendered":"TATA KITCHEN REY MASALA 100G"},"content":{"rendered":"<div id=\"model-response-message-contentr_0d441e0a47fd2e52\" class=\"markdown markdown-main-panel enable-updated-hr-color\" dir=\"ltr\">\n<h2>TATA KITCHEN KING MASALA 100G: El toque real para tus currys en Espa\u00f1a<\/h2>\n<p>Para aquellos en Espa\u00f1a que buscan desbloquear los aut\u00e9nticos y ricos sabores de la cocina india, Sult\u00e1n Especias y Supermercado presenta con orgullo <b>Tata Kitchen King Masala 100g<\/b>. <span class=\"citation-73 citation-end-73\">Esta ic\u00f3nica mezcla de especias, de la marca de confianza Tata Sampann, es un ingrediente vers\u00e1til e indispensable para elevar una amplia gama de platos.<\/span><span class=\"citation-72 citation-end-72\">A menudo aclamado como el \"rey\" de las masalas multiusos, ofrece una armoniosa mezcla de especias arom\u00e1ticas dise\u00f1adas para aportar profundidad y complejidad a sus creaciones vegetarianas y no vegetarianas por igual.<\/span><\/p>\n<p><span class=\"citation-71 citation-end-71\">Tata Kitchen King Masala se elabora meticulosamente a partir de una selecci\u00f3n de especias de primera calidad recogidas a mano, lo que garantiza que cada paquete de 100 g ofrezca una calidad constante y un sabor potente.<\/span> <span class=\"citation-70 citation-end-70\">Aunque la mezcla exacta puede variar ligeramente seg\u00fan la marca, los ingredientes t\u00edpicos suelen incluir cilantro, comino, c\u00farcuma, chile, hinojo, pimienta negra, jengibre y cardamomo, entre otros.<\/span><span class=\"citation-69 citation-end-69\">Esta cuidadosa combinaci\u00f3n da como resultado un perfil equilibrado y con cuerpo, robusto pero no abrumadoramente picante, lo que lo hace apto para un amplio espectro de paladares, incluidos los ne\u00f3fitos en la cocina india.<\/span><\/p>\n<p>La verdadera belleza de Kitchen King Masala reside en su incre\u00edble versatilidad. <span class=\"citation-68 citation-end-68\">Como su nombre indica, est\u00e1 dise\u00f1ado para ser un \"rey\" en su cocina, capaz de transformar las comidas cotidianas en delicias culinarias.<\/span> <span class=\"citation-67\">Es el ingrediente secreto de los currys cl\u00e1sicos del norte de la India, y a\u00f1ade una capa fundamental de sabor a platos como el paneer butter masala, los currys mixtos de verduras o los guisos de lentejas (<\/span><i><span class=\"citation-67\">dals<\/span><\/i><span class=\"citation-67 citation-end-67\">).<\/span> <span class=\"citation-66\">M\u00e1s all\u00e1 del curry, una pizca puede elevar platos de arroz como <\/span><i><span class=\"citation-66\">pulao<\/span><\/i><span class=\"citation-66\"> o <\/span><i><span class=\"citation-66\">biryani<\/span><\/i><span class=\"citation-66 citation-end-66\">Tambi\u00e9n se puede utilizar como condimento para carnes a la parrilla y tofu.<\/span><\/p>\n<p>En Espa\u00f1a, donde el inter\u00e9s por las diversas cocinas del mundo sigue creciendo, Tata Kitchen King Masala 100g proporciona un punto de entrada accesible al vibrante mundo de la cocina india. <span class=\"citation-65 citation-end-65\">Simplifica el proceso de creaci\u00f3n de complejos sabores indios, ahorr\u00e1ndole el tiempo y el esfuerzo de buscar y mezclar numerosas especias individuales.<\/span> Para la comunidad de expatriados y los conocedores de las tradiciones culinarias pakistan\u00ed e india, este particular masala ofrece un reconfortante sabor a hogar, un aroma familiar que evoca recuerdos entra\u00f1ables y comidas aut\u00e9nticas.<\/p>\n<p>Si usted es un chef experimentado experimentando con sabores globales o un cocinero casero que busca a\u00f1adir un toque de aut\u00e9ntica magia india a sus platos, Tata Kitchen King Masala 100g de Especias y Supermercado Sult\u00e1n es una adici\u00f3n esencial a su estante de especias. Su facilidad de uso, sabor robusto y versatilidad lo convierten en un producto imprescindible para cualquier persona que desee explorar el rico tapiz de la cocina india aqu\u00ed en M\u00e1laga y en toda Espa\u00f1a. Condimente su viaje culinario hoy mismo con el toque real de Tata Kitchen King Masala.<\/p>\n<\/div>","protected":false},"excerpt":{"rendered":"<p>TATA KITCHEN KING MASALA 100G: El toque real para su curry en Espa\u00f1a Para aquellos en Espa\u00f1a que buscan desbloquear los aut\u00e9nticos y ricos sabores de la cocina india, Sultan Spices and Supermarket se enorgullece en presentar Tata Kitchen King Masala 100g. Esta ic\u00f3nica mezcla de especias, de la marca de confianza Tata Sampann, es un ingrediente vers\u00e1til e indispensable para...<\/p>","protected":false},"featured_media":5329,"comment_status":"open","ping_status":"closed","template":"","meta":{"_kad_blocks_custom_css":"","_kad_blocks_head_custom_js":"","_kad_blocks_body_custom_js":"","_kad_blocks_footer_custom_js":"","_kadence_starter_templates_imported_post":false,"_kad_post_transparent":"default","_kad_post_title":"","_kad_post_layout":"default","_kad_post_sidebar_id":"","_kad_post_content_style":"default","_kad_post_vertical_padding":"default","_kad_post_feature":"","_kad_post_feature_position":"","_kad_post_header":false,"_kad_post_footer":false,"_kad_post_classname":""},"product_brand":[],"product_cat":[49],"product_tag":[],"class_list":{"0":"post-5315","1":"product","2":"type-product","3":"status-publish","4":"has-post-thumbnail","6":"product_cat-mix-spices-seasoning","8":"first","9":"instock","10":"shipping-taxable","11":"purchasable","12":"product-type-simple","13":"entry","14":"content-bg","15":"loop-entry"},"taxonomy_info":{"product_cat":[{"value":49,"label":"Mix Spices &amp; Seasoning"}]},"featured_image_src_large":["https:\/\/sultanspices.es\/wp-content\/uploads\/2025\/07\/ProductsPIX-72-1024x1024.png",1024,1024,true],"author_info":[],"comment_info":0,"jetpack_sharing_enabled":true,"_links":{"self":[{"href":"https:\/\/sultanspices.es\/es\/wp-json\/wp\/v2\/product\/5315","targetHints":{"allow":["GET"]}}],"collection":[{"href":"https:\/\/sultanspices.es\/es\/wp-json\/wp\/v2\/product"}],"about":[{"href":"https:\/\/sultanspices.es\/es\/wp-json\/wp\/v2\/types\/product"}],"replies":[{"embeddable":true,"href":"https:\/\/sultanspices.es\/es\/wp-json\/wp\/v2\/comments?post=5315"}],"wp:featuredmedia":[{"embeddable":true,"href":"https:\/\/sultanspices.es\/es\/wp-json\/wp\/v2\/media\/5329"}],"wp:attachment":[{"href":"https:\/\/sultanspices.es\/es\/wp-json\/wp\/v2\/media?parent=5315"}],"wp:term":[{"taxonomy":"product_brand","embeddable":true,"href":"https:\/\/sultanspices.es\/es\/wp-json\/wp\/v2\/product_brand?post=5315"},{"taxonomy":"product_cat","embeddable":true,"href":"https:\/\/sultanspices.es\/es\/wp-json\/wp\/v2\/product_cat?post=5315"},{"taxonomy":"product_tag","embeddable":true,"href":"https:\/\/sultanspices.es\/es\/wp-json\/wp\/v2\/product_tag?post=5315"}],"curies":[{"name":"wp","href":"https:\/\/api.w.org\/{rel}","templated":true}]}}