{"id":5314,"date":"2025-07-17T20:00:35","date_gmt":"2025-07-17T18:00:35","guid":{"rendered":"https:\/\/sultanspices.es\/product\/tang-orange-jar-750g\/"},"modified":"2026-03-30T21:31:39","modified_gmt":"2026-03-30T19:31:39","slug":"tang-orange-jar-750g","status":"publish","type":"product","link":"https:\/\/sultanspices.es\/es\/producto\/tang-naranja-jar-750g\/","title":{"rendered":"TANG NARANJA TARRO 750G"},"content":{"rendered":"<div id=\"model-response-message-contentr_b2fa9d08244fec66\" class=\"markdown markdown-main-panel enable-updated-hr-color\" dir=\"ltr\">\n<h2>TANG ORANGE JAR 750G: Su refresco para los d\u00edas soleados en Espa\u00f1a<\/h2>\n<p>En Especias y Supermercado Sult\u00e1n, entendemos el deseo de una bebida refrescante y sabrosa que sea r\u00e1pida y f\u00e1cil de preparar. Por eso estamos encantados de ofrecer el <b>Tang Naranja Tarro 750G<\/b>Una bebida en polvo muy apreciada que proporciona una explosi\u00f3n de sabor a naranja dulce y picante en cada sorbo. Ideal para las calurosas tardes espa\u00f1olas, para un r\u00e1pido desayuno o para calmar la sed en cualquier momento del d\u00eda, este generoso tarro te garantiza que siempre tendr\u00e1s una deliciosa bebida al alcance de la mano.<\/p>\n<p><span class=\"citation-45 citation-end-45\">El Tang ha sido un favorito mundial durante d\u00e9cadas, c\u00e9lebre por su sabor a naranja instant\u00e1neamente reconocible y su sencilla preparaci\u00f3n.<sup class=\"superscript\" data-turn-source-index=\"1\">1<\/sup><\/span> Este tarro de 750 g proporciona raciones abundantes, lo que lo convierte en una opci\u00f3n econ\u00f3mica y pr\u00e1ctica para familias, profesionales ocupados y cualquiera que disfrute de la comodidad de una mezcla para bebidas en polvo. S\u00f3lo tiene que a\u00f1adir agua, remover y ya est\u00e1 listo para disfrutar de un vaso de vibrante sabor c\u00edtrico. Es una forma excelente de rehidratarse y refrescarse, especialmente cuando se busca algo m\u00e1s excitante que el agua.<\/p>\n<p><span class=\"citation-44 citation-end-44\">M\u00e1s que una bebida deliciosa, Tang Orange suele estar enriquecida con vitaminas esenciales, en particular vitamina C. Esto la convierte en una excelente forma de contribuir a su ingesta diaria de nutrientes, favoreciendo su sistema inmunitario y su bienestar general.<sup class=\"superscript\" data-turn-source-index=\"2\">2<\/sup><\/span> <span class=\"citation-43 citation-end-43\">Ofrece una fuente de refresco r\u00e1pida y accesible que puede resultar especialmente atractiva para los ni\u00f1os, ya que constituye una sabrosa alternativa a los refrescos azucarados y, al mismo tiempo, aporta vitaminas esenciales.<sup class=\"superscript\" data-turn-source-index=\"3\">3<\/sup><\/span> Es una opci\u00f3n inteligente para los padres que desean a\u00f1adir un poco m\u00e1s de dulzura al d\u00eda de su familia.<\/p>\n<p>En Espa\u00f1a, donde el sol brilla con fuerza durante gran parte del a\u00f1o, siempre apetece una bebida refrescante. En <i>zumos naturales<\/i> son populares, Tang Orange ofrece una opci\u00f3n \u00fanica y c\u00f3moda que aporta un toque nost\u00e1lgico para muchos que crecieron disfrutando de su sabor distintivo. <span class=\"citation-42 citation-end-42\">Puede servirse con hielo para un cl\u00e1sico refresco, utilizarse como base para divertidos c\u00f3cteles o incluso integrarse en postres sencillos para darles un toque c\u00edtrico adicional.<sup class=\"superscript\" data-turn-source-index=\"4\">4<\/sup><\/span> Para nuestros clientes amantes de la cocina pakistan\u00ed, india y otras cocinas \u00e9tnicas, el Tang suele ser una bebida familiar y reconfortante, que les recuerda a su hogar con su entra\u00f1able sabor.<\/p>\n<p>Tanto si busca una bebida sencilla y gratificante para su rutina diaria, como una bebida que agrade a la multitud en una reuni\u00f3n familiar o un sabor a consuelo familiar, el Tarro de Naranja Tang 750G de Especias y Supermercado Sult\u00e1n es una excelente elecci\u00f3n. Su larga vida \u00fatil, su facilidad de preparaci\u00f3n y su inconfundible sabor a naranja lo convierten en un aut\u00e9ntico h\u00e9roe de la despensa. Abast\u00e9zcase hoy mismo y deje que el sabor picante de Tang alegre sus momentos aqu\u00ed en M\u00e1laga y m\u00e1s all\u00e1.<\/p>\n<\/div>","protected":false},"excerpt":{"rendered":"<p>TANG TARRO DE NARANJA 750G: Su refresco para los d\u00edas soleados en Espa\u00f1a En Sult\u00e1n Especias y Supermercado, entendemos el deseo de una bebida refrescante, sabrosa que es r\u00e1pido y f\u00e1cil de preparar. Es por eso que estamos encantados de ofrecer el tarro de naranja Tang 750G, una mezcla de bebida en polvo amado que ofrece una explosi\u00f3n de...<\/p>","protected":false},"featured_media":5327,"comment_status":"open","ping_status":"closed","template":"","meta":{"_kad_blocks_custom_css":"","_kad_blocks_head_custom_js":"","_kad_blocks_body_custom_js":"","_kad_blocks_footer_custom_js":"","_kadence_starter_templates_imported_post":false,"_kad_post_transparent":"default","_kad_post_title":"","_kad_post_layout":"default","_kad_post_sidebar_id":"","_kad_post_content_style":"default","_kad_post_vertical_padding":"default","_kad_post_feature":"","_kad_post_feature_position":"","_kad_post_header":false,"_kad_post_footer":false,"_kad_post_classname":""},"product_brand":[],"product_cat":[58],"product_tag":[],"class_list":{"0":"post-5314","1":"product","2":"type-product","3":"status-publish","4":"has-post-thumbnail","6":"product_cat-beverages","8":"first","9":"outofstock","10":"shipping-taxable","11":"purchasable","12":"product-type-simple","13":"entry","14":"content-bg","15":"loop-entry"},"taxonomy_info":{"product_cat":[{"value":58,"label":"Beverages"}]},"featured_image_src_large":["https:\/\/sultanspices.es\/wp-content\/uploads\/2025\/07\/ProductsPIX-70-1024x1024.png",1024,1024,true],"author_info":[],"comment_info":0,"jetpack_sharing_enabled":true,"_links":{"self":[{"href":"https:\/\/sultanspices.es\/es\/wp-json\/wp\/v2\/product\/5314","targetHints":{"allow":["GET"]}}],"collection":[{"href":"https:\/\/sultanspices.es\/es\/wp-json\/wp\/v2\/product"}],"about":[{"href":"https:\/\/sultanspices.es\/es\/wp-json\/wp\/v2\/types\/product"}],"replies":[{"embeddable":true,"href":"https:\/\/sultanspices.es\/es\/wp-json\/wp\/v2\/comments?post=5314"}],"wp:featuredmedia":[{"embeddable":true,"href":"https:\/\/sultanspices.es\/es\/wp-json\/wp\/v2\/media\/5327"}],"wp:attachment":[{"href":"https:\/\/sultanspices.es\/es\/wp-json\/wp\/v2\/media?parent=5314"}],"wp:term":[{"taxonomy":"product_brand","embeddable":true,"href":"https:\/\/sultanspices.es\/es\/wp-json\/wp\/v2\/product_brand?post=5314"},{"taxonomy":"product_cat","embeddable":true,"href":"https:\/\/sultanspices.es\/es\/wp-json\/wp\/v2\/product_cat?post=5314"},{"taxonomy":"product_tag","embeddable":true,"href":"https:\/\/sultanspices.es\/es\/wp-json\/wp\/v2\/product_tag?post=5314"}],"curies":[{"name":"wp","href":"https:\/\/api.w.org\/{rel}","templated":true}]}}