{"id":5311,"date":"2025-07-17T20:00:31","date_gmt":"2025-07-17T18:00:31","guid":{"rendered":"https:\/\/sultanspices.es\/product\/regal-mung-dall-375g\/"},"modified":"2026-02-23T12:41:14","modified_gmt":"2026-02-23T11:41:14","slug":"regal-mung-dall-375g","status":"publish","type":"product","link":"https:\/\/sultanspices.es\/es\/producto\/regal-mung-dall-375g\/","title":{"rendered":"REGAL MUNG DALL 375G"},"content":{"rendered":"<div id=\"model-response-message-contentr_b1e64676fc2f0767\" class=\"markdown markdown-main-panel enable-updated-hr-color\" dir=\"ltr\">\n<h2>REGAL MUNG DALL 375G: El coraz\u00f3n sano de su cocina india y pakistan\u00ed en Espa\u00f1a<\/h2>\n<p>En Especias y Supermercado Sult\u00e1n, le traemos los aut\u00e9nticos alimentos b\u00e1sicos de la cocina del sur de Asia directamente a su casa en Espa\u00f1a. <span class=\"citation-95\">Nos complace ofrecer <\/span><b><span class=\"citation-95\">Regal Mung Dall 375g<\/span><\/b><span class=\"citation-95 citation-end-95\">es una lenteja verde partida de alta calidad que constituye la piedra angular de una cocina sana y deliciosa en la India y Pakist\u00e1n.<\/span> <span class=\"citation-94 citation-end-94\">Este pr\u00e1ctico envase de 375 g es perfecto para preparar platos ligeros, nutritivos e incre\u00edblemente sabrosos, lo que lo convierte en un complemento esencial para cualquier despensa preocupada por la salud.<\/span><\/p>\n<p><span class=\"citation-93 citation-end-93\">Las jud\u00edas mungo, a menudo llamadas \"moong dal\" o \"mung beans\" en su forma entera, son c\u00e9lebres por su sabor suave, ligeramente dulce y terroso, as\u00ed como por su incre\u00edble rapidez de cocci\u00f3n una vez partidas y descascarilladas.<\/span>Regal garantiza un producto de primera calidad, que permite una preparaci\u00f3n f\u00e1cil y una textura tierna constante. <span class=\"citation-92 citation-end-92\">Su atractivo color amarillo y su consistencia cremosa lo convierten en un ingrediente vers\u00e1til, tanto si es usted un chef experimentado como si acaba de iniciarse en el vibrante mundo de la cocina india y pakistan\u00ed.<\/span><\/p>\n<p><span class=\"citation-91 citation-end-91\">Desde el punto de vista nutricional, Regal Mung Dall es una verdadera potencia.<\/span><span class=\"citation-90 citation-end-90\">Es una excelente fuente de prote\u00ednas de origen vegetal, lo que la convierte en una opci\u00f3n fant\u00e1stica para vegetarianos, veganos y cualquiera que desee incorporar a su dieta opciones m\u00e1s sanas y sin carne.<\/span> <span class=\"citation-89 citation-end-89\">Adem\u00e1s, es rico en fibra diet\u00e9tica, que facilita la digesti\u00f3n y contribuye a la sensaci\u00f3n de saciedad, favoreciendo un control de peso saludable.<\/span><span class=\"citation-88 citation-end-88\">El Mung dall tambi\u00e9n aporta vitaminas y minerales esenciales, entre ellos vitaminas del grupo B, hierro y magnesio, que contribuyen a la energ\u00eda y el bienestar generales.<\/span><\/p>\n<p><span class=\"citation-87 citation-end-87\">En las cocinas india y pakistan\u00ed, el mung dall es incre\u00edblemente vers\u00e1til.<\/span><span class=\"citation-86\">Es la estrella de innumerables reconfortantes <\/span><i><span class=\"citation-86\">dals<\/span><\/i><span class=\"citation-86\"> (sopas o guisos de lentejas), a menudo preparadas simplemente con un <\/span><i><span class=\"citation-86\">tadka<\/span><\/i><span class=\"citation-86 citation-end-86\"> (templado) de especias, ajo y jengibre.<\/span><span class=\"citation-85\">Tambi\u00e9n es un ingrediente clave en <\/span><i><span class=\"citation-85\">khichdi<\/span><\/i><span class=\"citation-85 citation-end-85\">una papilla de arroz y lentejas, sana y f\u00e1cil de digerir, que suele servirse cuando se necesita una comida ligera.<\/span>\u00a0Adem\u00e1s de estos cl\u00e1sicos, el mung dall se puede utilizar para hacer tortitas saladas (<i>cheela<\/i>), a\u00f1adidos a salteados de verduras, o incluso germinados para ensaladas, ofreciendo una textura refrescante y crujiente.<\/p>\n<p>Para nuestros clientes en Espa\u00f1a, Regal Mung Dall 375g de Especias y Supermercado Sult\u00e1n ofrece un sabor de autenticidad y una gran cantidad de beneficios para la salud. Su facilidad de preparaci\u00f3n y adaptabilidad lo convierten en un alimento b\u00e1sico para cualquiera que desee disfrutar de comidas \u00e9tnicas nutritivas y sabrosas sin grandes esfuerzos. Disfrute de los beneficios saludables del mung dall y deje que enriquezca su repertorio culinario, llevando los reconfortantes sabores del hogar a su mesa en M\u00e1laga y m\u00e1s all\u00e1.<\/p>\n<\/div>","protected":false},"excerpt":{"rendered":"<p>REGAL MUNG DALL 375G: El coraz\u00f3n saludable de su cocina india y pakistan\u00ed en Espa\u00f1a En Sultan Especias y Supermercado, traemos los aut\u00e9nticos alimentos b\u00e1sicos de la cocina del sur de Asia directamente a su casa en Espa\u00f1a. Nos complace ofrecerle Regal Mung Dall 375g, una lenteja verde partida de alta calidad que es...<\/p>","protected":false},"featured_media":5332,"comment_status":"open","ping_status":"closed","template":"","meta":{"_kad_blocks_custom_css":"","_kad_blocks_head_custom_js":"","_kad_blocks_body_custom_js":"","_kad_blocks_footer_custom_js":"","_kadence_starter_templates_imported_post":false,"_kad_post_transparent":"default","_kad_post_title":"","_kad_post_layout":"default","_kad_post_sidebar_id":"","_kad_post_content_style":"default","_kad_post_vertical_padding":"default","_kad_post_feature":"","_kad_post_feature_position":"","_kad_post_header":false,"_kad_post_footer":false,"_kad_post_classname":""},"product_brand":[],"product_cat":[56,47],"product_tag":[],"class_list":{"0":"post-5311","1":"product","2":"type-product","3":"status-publish","4":"has-post-thumbnail","6":"product_cat-indian-snacks","7":"product_cat-lentils","9":"first","10":"outofstock","11":"shipping-taxable","12":"purchasable","13":"product-type-simple","14":"entry","15":"content-bg","16":"loop-entry"},"taxonomy_info":{"product_cat":[{"value":56,"label":"Snacks"},{"value":47,"label":"Lentils"}]},"featured_image_src_large":["https:\/\/sultanspices.es\/wp-content\/uploads\/2025\/07\/ProductsPIX-73-1024x1024.png",1024,1024,true],"author_info":[],"comment_info":0,"jetpack_sharing_enabled":true,"_links":{"self":[{"href":"https:\/\/sultanspices.es\/es\/wp-json\/wp\/v2\/product\/5311","targetHints":{"allow":["GET"]}}],"collection":[{"href":"https:\/\/sultanspices.es\/es\/wp-json\/wp\/v2\/product"}],"about":[{"href":"https:\/\/sultanspices.es\/es\/wp-json\/wp\/v2\/types\/product"}],"replies":[{"embeddable":true,"href":"https:\/\/sultanspices.es\/es\/wp-json\/wp\/v2\/comments?post=5311"}],"wp:featuredmedia":[{"embeddable":true,"href":"https:\/\/sultanspices.es\/es\/wp-json\/wp\/v2\/media\/5332"}],"wp:attachment":[{"href":"https:\/\/sultanspices.es\/es\/wp-json\/wp\/v2\/media?parent=5311"}],"wp:term":[{"taxonomy":"product_brand","embeddable":true,"href":"https:\/\/sultanspices.es\/es\/wp-json\/wp\/v2\/product_brand?post=5311"},{"taxonomy":"product_cat","embeddable":true,"href":"https:\/\/sultanspices.es\/es\/wp-json\/wp\/v2\/product_cat?post=5311"},{"taxonomy":"product_tag","embeddable":true,"href":"https:\/\/sultanspices.es\/es\/wp-json\/wp\/v2\/product_tag?post=5311"}],"curies":[{"name":"wp","href":"https:\/\/api.w.org\/{rel}","templated":true}]}}