{"id":5310,"date":"2025-07-17T20:00:30","date_gmt":"2025-07-17T18:00:30","guid":{"rendered":"https:\/\/sultanspices.es\/product\/regal-chana-dall-300g\/"},"modified":"2026-04-01T23:00:07","modified_gmt":"2026-04-01T21:00:07","slug":"regal-chana-dall-300g","status":"publish","type":"product","link":"https:\/\/sultanspices.es\/es\/producto\/regal-chana-dall-300g\/","title":{"rendered":"REGAL CHANA DALL 300G"},"content":{"rendered":"<div id=\"model-response-message-contentr_d493b94122047299\" class=\"markdown markdown-main-panel enable-updated-hr-color\" dir=\"ltr\">\n<h2>REGAL CHANA DALL 375G: La lenteja sustanciosa y nutritiva para los sabores aut\u00e9nticos de Espa\u00f1a<\/h2>\n<p>En Sultan Especias y Supermercado en M\u00e1laga, nos dedicamos a proporcionar los ingredientes esenciales que traen los aut\u00e9nticos sabores de la India y Pakist\u00e1n a su cocina. Nos complace ofrecerle <b>Regal Chana Dall 375g<\/b>El garbanzo de Bengala es una lenteja de alta calidad que forma la columna vertebral de innumerables platos muy apreciados. Este paquete de 375 g, conocido por su inconfundible sabor a nuez, su textura firme y su incre\u00edble versatilidad, es un alimento b\u00e1sico indispensable para cualquiera que desee explorar el rico y diverso mundo de la cocina del sur de Asia.<\/p>\n<p>Regal Chana Dall se procesa cuidadosamente para garantizar una calidad superior, proporcionando lentejas que se cocinan maravillosamente, conservando su forma mientras se vuelven tiernas y sabrosas. <span class=\"citation-225\">La chana dall se elabora partiendo y despellejando enteros <\/span><i><span class=\"citation-225\">kala chana<\/span><\/i><span class=\"citation-225 citation-end-225\"> (garbanzos negros), dando lugar a las lentejas partidas, m\u00e1s peque\u00f1as y amarillas, que se utilizan mucho.<\/span><span class=\"citation-224 citation-end-224\">Esta variedad concreta de lenteja es muy apreciada por su capacidad para absorber las especias y crear platos sustanciosos y satisfactorios, lo que la convierte en un ingrediente fundamental de una amplia gama de recetas tradicionales.<\/span><\/p>\n<p><span class=\"citation-223 citation-end-223\">Desde el punto de vista nutricional, Regal Chana Dall es un superalimento extraordinario.<\/span><span class=\"citation-222 citation-end-222\">Es una excelente fuente de prote\u00ednas de origen vegetal, cruciales para el desarrollo y la reparaci\u00f3n muscular, lo que la convierte en un ingrediente vital para vegetarianos, veganos y quienes buscan reducir su consumo de carne.<\/span><span class=\"citation-221 citation-end-221\">Adem\u00e1s, est\u00e1 repleto de fibra diet\u00e9tica, que favorece una digesti\u00f3n sana, ayuda a regular los niveles de az\u00facar en sangre y contribuye a la sensaci\u00f3n de saciedad, ayudando a controlar el peso.<\/span> <span class=\"citation-220 citation-end-220\">La chana dall tambi\u00e9n aporta minerales importantes como hierro, zinc, magnesio y vitaminas del grupo B, que contribuyen a la energ\u00eda y el bienestar general.<\/span><\/p>\n<p><span class=\"citation-219 citation-end-219\">En la cocina india y pakistan\u00ed, el chana dall es incre\u00edblemente vers\u00e1til.<\/span> <span class=\"citation-218\">Es la estrella de la robustez <\/span><i><span class=\"citation-218\">dals<\/span><\/i><span class=\"citation-218\"> (guisos de lentejas) que son sustanciosos y reconfortantes, a menudo servidos con arroz o <\/span><i><span class=\"citation-218\">roti<\/span><\/i><span class=\"citation-218 citation-end-218\">.<\/span> <span class=\"citation-217\">Tambi\u00e9n se utiliza con frecuencia en preparados secos como <\/span><i><span class=\"citation-217\">chana dal fry<\/span><\/i><span class=\"citation-217\"> o incorporados a diversos aperitivos salados como <\/span><i><span class=\"citation-217\">vadas<\/span><\/i><span class=\"citation-217\"> o <\/span><i><span class=\"citation-217\">pakoras<\/span><\/i><span class=\"citation-217 citation-end-217\">.<\/span> <span class=\"citation-216 citation-end-216\">Su textura firme lo hace incluso adecuado para a\u00f1adirlo a currys de verduras para aportar m\u00e1s cuerpo y prote\u00ednas.<\/span>\u00a0Para nuestros clientes en Espa\u00f1a, ya sea que est\u00e9 recreando una receta familiar o experimentando con nuevos sabores, Regal Chana Dall proporciona la base aut\u00e9ntica que necesita. <i>chana dal tadka<\/i>un sano <i>khichdi<\/i>Regal Chana Dall 375g de Especias y Supermercado Sult\u00e1n es el ingrediente que necesita. Su sabor robusto, sus beneficios nutricionales y su adaptabilidad la convierten en un producto imprescindible en toda cocina espa\u00f1ola que aprecie los sabores globales. Vis\u00edtenos para a\u00f1adir esta lenteja esencial a su despensa y llevar a su mesa los reconfortantes y aut\u00e9nticos sabores del sur de Asia.<\/p>\n<\/div>","protected":false},"excerpt":{"rendered":"<p>REGAL CHANA DALL 375G: La lenteja sustanciosa y nutritiva para sabores aut\u00e9nticos en Espa\u00f1a En Sult\u00e1n Especias y Supermercado en M\u00e1laga, nos dedicamos a proporcionar los ingredientes esenciales que traen los sabores aut\u00e9nticos de la India y Pakist\u00e1n a su cocina. Nos complace ofrecerle Regal Chana Dall 375g, una lenteja de Bengala partida...<\/p>","protected":false},"featured_media":5333,"comment_status":"open","ping_status":"closed","template":"","meta":{"_kad_blocks_custom_css":"","_kad_blocks_head_custom_js":"","_kad_blocks_body_custom_js":"","_kad_blocks_footer_custom_js":"","_kadence_starter_templates_imported_post":false,"_kad_post_transparent":"default","_kad_post_title":"","_kad_post_layout":"default","_kad_post_sidebar_id":"","_kad_post_content_style":"default","_kad_post_vertical_padding":"default","_kad_post_feature":"","_kad_post_feature_position":"","_kad_post_header":false,"_kad_post_footer":false,"_kad_post_classname":""},"product_brand":[],"product_cat":[56,47],"product_tag":[],"class_list":{"0":"post-5310","1":"product","2":"type-product","3":"status-publish","4":"has-post-thumbnail","6":"product_cat-indian-snacks","7":"product_cat-lentils","9":"first","10":"instock","11":"shipping-taxable","12":"purchasable","13":"product-type-simple","14":"entry","15":"content-bg","16":"loop-entry"},"taxonomy_info":{"product_cat":[{"value":56,"label":"Snacks"},{"value":47,"label":"Lentils"}]},"featured_image_src_large":["https:\/\/sultanspices.es\/wp-content\/uploads\/2025\/07\/ProductsPIX-74-1024x1024.png",1024,1024,true],"author_info":[],"comment_info":0,"jetpack_sharing_enabled":true,"_links":{"self":[{"href":"https:\/\/sultanspices.es\/es\/wp-json\/wp\/v2\/product\/5310","targetHints":{"allow":["GET"]}}],"collection":[{"href":"https:\/\/sultanspices.es\/es\/wp-json\/wp\/v2\/product"}],"about":[{"href":"https:\/\/sultanspices.es\/es\/wp-json\/wp\/v2\/types\/product"}],"replies":[{"embeddable":true,"href":"https:\/\/sultanspices.es\/es\/wp-json\/wp\/v2\/comments?post=5310"}],"wp:featuredmedia":[{"embeddable":true,"href":"https:\/\/sultanspices.es\/es\/wp-json\/wp\/v2\/media\/5333"}],"wp:attachment":[{"href":"https:\/\/sultanspices.es\/es\/wp-json\/wp\/v2\/media?parent=5310"}],"wp:term":[{"taxonomy":"product_brand","embeddable":true,"href":"https:\/\/sultanspices.es\/es\/wp-json\/wp\/v2\/product_brand?post=5310"},{"taxonomy":"product_cat","embeddable":true,"href":"https:\/\/sultanspices.es\/es\/wp-json\/wp\/v2\/product_cat?post=5310"},{"taxonomy":"product_tag","embeddable":true,"href":"https:\/\/sultanspices.es\/es\/wp-json\/wp\/v2\/product_tag?post=5310"}],"curies":[{"name":"wp","href":"https:\/\/api.w.org\/{rel}","templated":true}]}}