{"id":5308,"date":"2025-07-17T20:00:27","date_gmt":"2025-07-17T18:00:27","guid":{"rendered":"https:\/\/sultanspices.es\/product\/noodles-knorr-chicken-50g\/"},"modified":"2026-02-23T12:41:05","modified_gmt":"2026-02-23T11:41:05","slug":"noodles-knorr-chicken-50g","status":"publish","type":"product","link":"https:\/\/sultanspices.es\/es\/producto\/fideos-knorr-pollo-50g\/","title":{"rendered":"FIDEOS KNORR POLLO 50G"},"content":{"rendered":"<div id=\"model-response-message-contentr_2338e890e2f7d741\" class=\"markdown markdown-main-panel enable-updated-hr-color\" dir=\"ltr\">\n<h2>NOODLES KNORR CHICKEN 50G: Una r\u00e1pida y reconfortante receta de fideos con pollo para Espa\u00f1a<\/h2>\n<p>En Especias y Supermercado Sult\u00e1n de M\u00e1laga, entendemos la necesidad de soluciones r\u00e1pidas, reconfortantes y sabrosas para las comidas. Por eso ofrecemos <b>Fideos Knorr Pollo 50G<\/b>Un sabor de fideos instant\u00e1neos universalmente apreciado que ofrece el cl\u00e1sico y sabroso sabor del caldo de pollo y tiernos fideos en cuesti\u00f3n de minutos. Este c\u00f3modo envase de 50 gramos es perfecto para un tentempi\u00e9 r\u00e1pido y satisfactorio, un almuerzo ligero o un reconfortante capricho en cualquier momento que necesites un sabor c\u00e1lido y familiar.<\/p>\n<p>Los fideos de pollo Knorr son famosos por su sabroso sabor a pollo perfectamente equilibrado, dise\u00f1ado para atraer a una amplia gama de paladares. <span class=\"citation-128 citation-end-128\">El paquete individual de 50 g contiene tanto los fideos como un sazonador de pollo especialmente formulado, que garantiza un caldo delicioso y arom\u00e1tico en todo momento.<sup class=\"superscript\" data-turn-source-index=\"1\">1<\/sup><\/span> Los fideos son finos y de cocci\u00f3n r\u00e1pida, por lo que absorben los ricos sabores del caldo, convirti\u00e9ndose en una comida o tentempi\u00e9 realmente satisfactorio y f\u00e1cil de preparar.<\/p>\n<p>El principal atractivo de los fideos de pollo Knorr reside en su incomparable comodidad. Con un m\u00ednimo esfuerzo - simplemente hirviendo agua, a\u00f1adiendo el contenido del paquete y cociendo a fuego lento durante unos minutos - puedes tener una comida caliente y sabrosa lista para disfrutar. Esto las convierte en la opci\u00f3n ideal para estudiantes ocupados, comidas r\u00e1pidas en la oficina, un reconfortante tentempi\u00e9 en casa o una soluci\u00f3n f\u00e1cil cuando se dispone de poco tiempo. Son un aut\u00e9ntico imprescindible en la despensa para esos momentos en los que la sencillez y la rapidez son la clave.<\/p>\n<p>Aunque los fideos instant\u00e1neos son un fen\u00f3meno global, el sabor a pollo de Knorr ocupa un lugar especial, a menudo asociado con sabores reconfortantes y familiares que trascienden las fronteras culturales. Para nuestros diversos clientes en Espa\u00f1a, estos fideos ofrecen un sabor que puede sentirse como en casa, reminiscencia de comidas r\u00e1pidas disfrutadas en innumerables hogares de todo el mundo, incluidos los de Pakist\u00e1n y la India, donde Knorr es una marca popular. Pueden disfrutarse tal cual o mejorarse f\u00e1cilmente a\u00f1adiendo algunos ingredientes frescos, como cebolleta picada, una pizca de pimienta negra o un chorrito de salsa picante para darle un toque extra.<\/p>\n<p>Tanto si busca una soluci\u00f3n r\u00e1pida para sus comidas, un tentempi\u00e9 c\u00e1lido y reconfortante, o un sabor familiar que le aporte una sensaci\u00f3n de tranquilidad, los Fideos Knorr Pollo 50G de Especias y Supermercados Sult\u00e1n son una excelente elecci\u00f3n. Su sabor cl\u00e1sico y su comodidad suprema lo convierten en un art\u00edculo imprescindible para tu despensa en M\u00e1laga. Hazte con un paquete hoy mismo y disfruta del sencillo placer de un delicioso y reconfortante taz\u00f3n de fideos con pollo.<\/p>\n<\/div>","protected":false},"excerpt":{"rendered":"<p>NOODLES KNORR POLLO 50G: Una soluci\u00f3n r\u00e1pida y reconfortante de fideos de pollo para Espa\u00f1a En Sult\u00e1n Especias y Supermercado en M\u00e1laga, entendemos la necesidad de soluciones r\u00e1pidas, reconfortantes y sabrosas para las comidas. Por eso ofrecemos Fideos Knorr Pollo 50G, un sabor de fideos instant\u00e1neos universalmente amado que ofrece el cl\u00e1sico y sabroso sabor del caldo de pollo y...<\/p>","protected":false},"featured_media":5376,"comment_status":"open","ping_status":"closed","template":"","meta":{"_kad_blocks_custom_css":"","_kad_blocks_head_custom_js":"","_kad_blocks_body_custom_js":"","_kad_blocks_footer_custom_js":"","_kadence_starter_templates_imported_post":false,"_kad_post_transparent":"default","_kad_post_title":"","_kad_post_layout":"default","_kad_post_sidebar_id":"","_kad_post_content_style":"default","_kad_post_vertical_padding":"default","_kad_post_feature":"","_kad_post_feature_position":"","_kad_post_header":false,"_kad_post_footer":false,"_kad_post_classname":""},"product_brand":[],"product_cat":[56],"product_tag":[],"class_list":{"0":"post-5308","1":"product","2":"type-product","3":"status-publish","4":"has-post-thumbnail","6":"product_cat-indian-snacks","8":"first","9":"outofstock","10":"shipping-taxable","11":"purchasable","12":"product-type-simple","13":"entry","14":"content-bg","15":"loop-entry"},"taxonomy_info":{"product_cat":[{"value":56,"label":"Snacks"}]},"featured_image_src_large":["https:\/\/sultanspices.es\/wp-content\/uploads\/2025\/07\/ProductsPIX-84-1024x1024.png",1024,1024,true],"author_info":[],"comment_info":0,"jetpack_sharing_enabled":true,"_links":{"self":[{"href":"https:\/\/sultanspices.es\/es\/wp-json\/wp\/v2\/product\/5308","targetHints":{"allow":["GET"]}}],"collection":[{"href":"https:\/\/sultanspices.es\/es\/wp-json\/wp\/v2\/product"}],"about":[{"href":"https:\/\/sultanspices.es\/es\/wp-json\/wp\/v2\/types\/product"}],"replies":[{"embeddable":true,"href":"https:\/\/sultanspices.es\/es\/wp-json\/wp\/v2\/comments?post=5308"}],"wp:featuredmedia":[{"embeddable":true,"href":"https:\/\/sultanspices.es\/es\/wp-json\/wp\/v2\/media\/5376"}],"wp:attachment":[{"href":"https:\/\/sultanspices.es\/es\/wp-json\/wp\/v2\/media?parent=5308"}],"wp:term":[{"taxonomy":"product_brand","embeddable":true,"href":"https:\/\/sultanspices.es\/es\/wp-json\/wp\/v2\/product_brand?post=5308"},{"taxonomy":"product_cat","embeddable":true,"href":"https:\/\/sultanspices.es\/es\/wp-json\/wp\/v2\/product_cat?post=5308"},{"taxonomy":"product_tag","embeddable":true,"href":"https:\/\/sultanspices.es\/es\/wp-json\/wp\/v2\/product_tag?post=5308"}],"curies":[{"name":"wp","href":"https:\/\/api.w.org\/{rel}","templated":true}]}}