{"id":5305,"date":"2025-07-17T20:00:24","date_gmt":"2025-07-17T18:00:24","guid":{"rendered":"https:\/\/sultanspices.es\/product\/mdh-kasoori-methi-1kg\/"},"modified":"2026-03-04T12:21:06","modified_gmt":"2026-03-04T11:21:06","slug":"mdh-kasoori-methi-1kg","status":"publish","type":"product","link":"https:\/\/sultanspices.es\/es\/producto\/mdh-kasoori-methi-1kg\/","title":{"rendered":"MDH KASOORI METHI 1KG"},"content":{"rendered":"<div id=\"model-response-message-contentr_2b093c1b7b44fbfc\" class=\"markdown markdown-main-panel enable-updated-hr-color\" dir=\"ltr\">\n<h2>MDH KASOORI METHI 1KG: El Arom\u00e1tico Secreto de la Aut\u00e9ntica Cocina India y Pakistan\u00ed en Espa\u00f1a<\/h2>\n<p>En Sultan Spices and Supermarket, entendemos que los sabores aut\u00e9nticos son la clave para disfrutar realmente de las ricas tradiciones culinarias de la India y Pakist\u00e1n. Por eso estamos orgullosos de ofrecer <b>MDH Kasoori Methi 1KG<\/b>Kasoori Methi es un generoso paquete de hojas secas de alholva, una hierba indispensable en innumerables platos tradicionales. Conocido por su distintivo perfil terroso, ligeramente amargo, pero incre\u00edblemente arom\u00e1tico, Kasoori Methi a\u00f1ade una capa de profundidad y complejidad que es simplemente insustituible, por lo que es una necesidad para cualquier cocinero casero serio en Espa\u00f1a.<\/p>\n<p>MDH es sin\u00f3nimo de calidad y autenticidad en el mundo de las especias indias, y su Kasoori Methi hace honor a esta reputaci\u00f3n. Estas hojas de alholva se secan y procesan cuidadosamente para preservar su potente aroma y sabor, garantizando que cada pizca que a\u00f1ada a su cocina le proporcione una explosi\u00f3n de sabor aut\u00e9ntico. Este paquete a granel de 1 kg es ideal para quienes cocinan habitualmente platos indios o pakistan\u00edes, ya que ofrece una excelente relaci\u00f3n calidad-precio y garantiza que siempre tendr\u00e1 a mano esta hierba esencial para realzar sus platos.<\/p>\n<p>La magia del Kasoori Methi reside en su capacidad \u00fanica para realzar y equilibrar los sabores, sobre todo en las salsas ricas y las preparaciones de verduras sustanciosas. A menudo se utiliza como hierba de acabado, machacada entre las palmas de las manos justo antes de a\u00f1adirla a un plato, para liberar todo su potencial arom\u00e1tico. Sus notas ligeramente amargas contrastan de maravilla con los ingredientes dulces y salados, evitando que los platos se vuelvan unidimensionales y creando en su lugar una experiencia palatal completa y sofisticada.<\/p>\n<p>En las cocinas india y pakistan\u00ed, el kasoori methi es un ingrediente vers\u00e1til con una amplia gama de aplicaciones. Es famoso por su uso en currys del norte de la India como el Butter Chicken, el Paneer Butter Masala y diversas verduras. <i>sabzis<\/i> (platos de verduras secas). Tambi\u00e9n a\u00f1ade un aroma distintivo a <i>dals<\/i> (platos de lentejas), <i>biryanis<\/i>e incluso se amasa para elaborar sabrosos panes como <i>naan<\/i> y <i>paratha<\/i>. Para aquellos en Espa\u00f1a que buscan recrear los verdaderos sabores del sur de Asia, o simplemente a\u00f1adir un toque ex\u00f3tico a su cocina diaria, MDH Kasoori Methi es un ingrediente secreto esencial.<\/p>\n<p>Tanto si est\u00e1 preparando un banquete festivo como una sencilla comida entre semana, MDH Kasoori Methi 1KG de Especias y Supermercado Sult\u00e1n elevar\u00e1 sus creaciones culinarias a un nuevo nivel. Abrace esta hierba arom\u00e1tica y descubra la profundidad de sabor que aporta a sus platos indios y pakistan\u00edes, aqu\u00ed mismo en M\u00e1laga y en toda Espa\u00f1a. A\u00f1ada este ingrediente esencial a su despensa e infunda a su cocina un toque de aut\u00e9ntica magia.<\/p>\n<\/div>","protected":false},"excerpt":{"rendered":"<p>MDH KASOORI METHI 1KG: El Arom\u00e1tico Secreto de la Aut\u00e9ntica Cocina India y Pakistan\u00ed en Espa\u00f1a En Especias y Supermercado Sult\u00e1n, entendemos que los sabores aut\u00e9nticos son la clave para disfrutar verdaderamente de las ricas tradiciones culinarias de India y Pakist\u00e1n. Por eso estamos orgullosos de ofrecer MDH Kasoori Methi 1KG, un generoso paquete de hojas secas de fenogreco...<\/p>","protected":false},"featured_media":5334,"comment_status":"open","ping_status":"closed","template":"","meta":{"_kad_blocks_custom_css":"","_kad_blocks_head_custom_js":"","_kad_blocks_body_custom_js":"","_kad_blocks_footer_custom_js":"","_kadence_starter_templates_imported_post":false,"_kad_post_transparent":"default","_kad_post_title":"","_kad_post_layout":"default","_kad_post_sidebar_id":"","_kad_post_content_style":"default","_kad_post_vertical_padding":"default","_kad_post_feature":"","_kad_post_feature_position":"","_kad_post_header":false,"_kad_post_footer":false,"_kad_post_classname":""},"product_brand":[],"product_cat":[50],"product_tag":[],"class_list":{"0":"post-5305","1":"product","2":"type-product","3":"status-publish","4":"has-post-thumbnail","6":"product_cat-spices","8":"first","9":"instock","10":"shipping-taxable","11":"purchasable","12":"product-type-simple","13":"entry","14":"content-bg","15":"loop-entry"},"taxonomy_info":{"product_cat":[{"value":50,"label":"Spices"}]},"featured_image_src_large":["https:\/\/sultanspices.es\/wp-content\/uploads\/2025\/07\/ProductsPIX-75-1024x1024.png",1024,1024,true],"author_info":[],"comment_info":0,"jetpack_sharing_enabled":true,"_links":{"self":[{"href":"https:\/\/sultanspices.es\/es\/wp-json\/wp\/v2\/product\/5305","targetHints":{"allow":["GET"]}}],"collection":[{"href":"https:\/\/sultanspices.es\/es\/wp-json\/wp\/v2\/product"}],"about":[{"href":"https:\/\/sultanspices.es\/es\/wp-json\/wp\/v2\/types\/product"}],"replies":[{"embeddable":true,"href":"https:\/\/sultanspices.es\/es\/wp-json\/wp\/v2\/comments?post=5305"}],"wp:featuredmedia":[{"embeddable":true,"href":"https:\/\/sultanspices.es\/es\/wp-json\/wp\/v2\/media\/5334"}],"wp:attachment":[{"href":"https:\/\/sultanspices.es\/es\/wp-json\/wp\/v2\/media?parent=5305"}],"wp:term":[{"taxonomy":"product_brand","embeddable":true,"href":"https:\/\/sultanspices.es\/es\/wp-json\/wp\/v2\/product_brand?post=5305"},{"taxonomy":"product_cat","embeddable":true,"href":"https:\/\/sultanspices.es\/es\/wp-json\/wp\/v2\/product_cat?post=5305"},{"taxonomy":"product_tag","embeddable":true,"href":"https:\/\/sultanspices.es\/es\/wp-json\/wp\/v2\/product_tag?post=5305"}],"curies":[{"name":"wp","href":"https:\/\/api.w.org\/{rel}","templated":true}]}}