{"id":5300,"date":"2025-07-17T20:00:20","date_gmt":"2025-07-17T18:00:20","guid":{"rendered":"https:\/\/sultanspices.es\/product\/kalonji-oil-100ml\/"},"modified":"2026-04-04T22:34:49","modified_gmt":"2026-04-04T20:34:49","slug":"kalonji-oil-100ml","status":"publish","type":"product","link":"https:\/\/sultanspices.es\/es\/producto\/aceite-kalonji-100ml\/","title":{"rendered":"KALONJI(NIGELLA SEEDS) OIL 100ML"},"content":{"rendered":"<div id=\"model-response-message-contentr_f2e2c708151c348c\" class=\"markdown markdown-main-panel enable-updated-hr-color\" dir=\"ltr\">\n<h2>ACEITE DE KALONJI 100ML: La \"cura milagrosa\" para el bienestar hol\u00edstico en Espa\u00f1a<\/h2>\n<p>En Sultan Spices and Supermarket, estamos encantados de ofrecerle un verdadero tesoro ancestral reconocido por sus notables propiedades: <b>Aceite Kalonji 100ML<\/b>. <span class=\"citation-249 citation-end-249\">Tambi\u00e9n conocido como aceite de semillas negras o aceite de Nigella Sativa, este potente elixir ha sido venerado durante siglos en sistemas de medicina tradicional como el Ayurveda y el Unani, y se considera una \"cura milagrosa\" en muchas culturas.<\/span>Este frasco de 100 ml ofrece una forma c\u00f3moda de integrar este potente aceite en su rutina diaria de bienestar aqu\u00ed en Espa\u00f1a.<\/p>\n<p><span class=\"citation-248\">El aceite de Kalonji se extrae de las diminutas semillas negras del <\/span><i><span class=\"citation-248\">Nigella sativa<\/span><\/i><span class=\"citation-248 citation-end-248\"> planta.<\/span> <span class=\"citation-247 citation-end-247\">La clave de su gran variedad de beneficios reside en su rica composici\u00f3n, en particular un potente compuesto llamado timoquinona, junto con \u00e1cidos grasos esenciales (incluidos Omega-3 y Omega-6), vitaminas (B1, B2, B3, C, E) y una gran cantidad de minerales como calcio, hierro, zinc y magnesio.<\/span><span class=\"citation-246 citation-end-246\">Esta mezcla concentrada de nutrientes la convierte en una verdadera fuente de energ\u00eda para apoyar diversos aspectos de la salud y la belleza, tanto interna como externamente.<\/span><\/p>\n<p><span class=\"citation-245 citation-end-245\">Las aplicaciones del aceite Kalonji son incre\u00edblemente diversas.<\/span><span class=\"citation-244 citation-end-244\">Tradicionalmente, se ha consumido por su supuesta capacidad para aumentar la inmunidad, mejorar la salud respiratoria, facilitar la digesti\u00f3n e incluso ayudar a controlar enfermedades como los niveles elevados de az\u00facar y colesterol en sangre.<\/span> <span class=\"citation-243 citation-end-243\">Muchos incorporan una peque\u00f1a cantidad (a menudo una cucharadita) a su r\u00e9gimen diario, a veces mezclada con miel o agua tibia, por sus beneficios sist\u00e9micos.<\/span><span class=\"citation-242 citation-end-242\">Sus propiedades antiinflamatorias y antioxidantes son especialmente apreciadas para favorecer el bienestar general y la protecci\u00f3n celular.<\/span><\/p>\n<p><span class=\"citation-241 citation-end-241\">M\u00e1s all\u00e1 del consumo interno, el aceite de Kalonji es un ingrediente apreciado en las rutinas de belleza natural.<\/span><span class=\"citation-240 citation-end-240\">Para el cabello, es muy apreciado por fortalecer los fol\u00edculos, favorecer su crecimiento, reducir su ca\u00edda, combatir la caspa e incluso retrasar el encanecimiento prematuro.<\/span><span class=\"citation-239 citation-end-239\">Cuando se aplica t\u00f3picamente sobre la piel, sus cualidades antimicrobianas y antiinflamatorias pueden ayudar a calmar irritaciones, tratar afecciones como el eccema y el acn\u00e9, y contribuir a un cutis m\u00e1s sano y radiante.<\/span>\u00a0<span class=\"citation-238 citation-end-238\">Sus propiedades humectantes tambi\u00e9n la hacen excelente para hidratar la piel seca o sensible.<\/span><\/p>\n<p>Tanto si busca un suplemento natural para su salud general, un potente elixir para el cuidado del cabello y la piel, o simplemente desea explorar remedios ancestrales, el Aceite de Kalonji 100ML de Especias y Supermercado Sult\u00e1n es una elecci\u00f3n excepcional. Abrace la sabidur\u00eda de siglos pasados y descubra el poder transformador de este \"aceite milagroso\" en su viaje hacia el bienestar hol\u00edstico, disponible ahora en M\u00e1laga y para entrega en toda Espa\u00f1a.<\/p>\n<\/div>","protected":false},"excerpt":{"rendered":"<p>ACEITE DE KALONJI 100ML: La \"Cura Milagrosa\" para el Bienestar Hol\u00edstico en Espa\u00f1a En Especias y Supermercado Sult\u00e1n, estamos encantados de ofrecerle un verdadero tesoro ancestral reconocido por sus notables propiedades: Aceite de Kalonji 100ML. Tambi\u00e9n conocido como aceite de semilla negra o aceite de Nigella Sativa, este potente elixir ha sido venerado durante siglos en la tradici\u00f3n...<\/p>","protected":false},"featured_media":5335,"comment_status":"open","ping_status":"closed","template":"","meta":{"_kad_blocks_custom_css":"","_kad_blocks_head_custom_js":"","_kad_blocks_body_custom_js":"","_kad_blocks_footer_custom_js":"","_kadence_starter_templates_imported_post":false,"_kad_post_transparent":"default","_kad_post_title":"","_kad_post_layout":"default","_kad_post_sidebar_id":"","_kad_post_content_style":"default","_kad_post_vertical_padding":"default","_kad_post_feature":"","_kad_post_feature_position":"","_kad_post_header":false,"_kad_post_footer":false,"_kad_post_classname":""},"product_brand":[],"product_cat":[62],"product_tag":[],"class_list":{"0":"post-5300","1":"product","2":"type-product","3":"status-publish","4":"has-post-thumbnail","6":"product_cat-oils","8":"first","9":"instock","10":"sale","11":"shipping-taxable","12":"purchasable","13":"product-type-simple","14":"entry","15":"content-bg","16":"loop-entry"},"taxonomy_info":{"product_cat":[{"value":62,"label":"Oils"}]},"featured_image_src_large":["https:\/\/sultanspices.es\/wp-content\/uploads\/2025\/07\/ProductsPIX-76-1024x1024.png",1024,1024,true],"author_info":[],"comment_info":0,"jetpack_sharing_enabled":true,"_links":{"self":[{"href":"https:\/\/sultanspices.es\/es\/wp-json\/wp\/v2\/product\/5300","targetHints":{"allow":["GET"]}}],"collection":[{"href":"https:\/\/sultanspices.es\/es\/wp-json\/wp\/v2\/product"}],"about":[{"href":"https:\/\/sultanspices.es\/es\/wp-json\/wp\/v2\/types\/product"}],"replies":[{"embeddable":true,"href":"https:\/\/sultanspices.es\/es\/wp-json\/wp\/v2\/comments?post=5300"}],"wp:featuredmedia":[{"embeddable":true,"href":"https:\/\/sultanspices.es\/es\/wp-json\/wp\/v2\/media\/5335"}],"wp:attachment":[{"href":"https:\/\/sultanspices.es\/es\/wp-json\/wp\/v2\/media?parent=5300"}],"wp:term":[{"taxonomy":"product_brand","embeddable":true,"href":"https:\/\/sultanspices.es\/es\/wp-json\/wp\/v2\/product_brand?post=5300"},{"taxonomy":"product_cat","embeddable":true,"href":"https:\/\/sultanspices.es\/es\/wp-json\/wp\/v2\/product_cat?post=5300"},{"taxonomy":"product_tag","embeddable":true,"href":"https:\/\/sultanspices.es\/es\/wp-json\/wp\/v2\/product_tag?post=5300"}],"curies":[{"name":"wp","href":"https:\/\/api.w.org\/{rel}","templated":true}]}}