{"id":5289,"date":"2025-07-17T20:00:14","date_gmt":"2025-07-17T18:00:14","guid":{"rendered":"https:\/\/sultanspices.es\/product\/concentrated-tomato-rica-210gr\/"},"modified":"2026-02-23T12:40:40","modified_gmt":"2026-02-23T11:40:40","slug":"concentrated-tomato-rica-210gr","status":"publish","type":"product","link":"https:\/\/sultanspices.es\/es\/producto\/concentrado-tomato-rica-210gr\/","title":{"rendered":"CONCENTRATED TOMATE RICA 210G"},"content":{"rendered":"<div id=\"model-response-message-contentr_893347eb89223654\" class=\"markdown markdown-main-panel enable-updated-hr-color\" dir=\"ltr\">\n<h2>TOMATE RICA CONCENTRADO 210GR: La esencia del tomate madurado al sol para su cocina espa\u00f1ola<\/h2>\n<p>En Especias y Supermercado Sult\u00e1n, creemos en el suministro de ingredientes que aporten un sabor intenso y una profundidad aut\u00e9ntica a su cocina. Por eso nos complace ofrecerle <b>Concentrado de Tomate Rica 210GR<\/b>es una pasta de tomate de primera calidad, vers\u00e1til e indispensable en las cocinas de toda Espa\u00f1a, especialmente en las que exploran las cocinas mediterr\u00e1nea, africana, india y pakistan\u00ed. Este pr\u00e1ctico tubo o lata de 210 gramos contiene la esencia pura y rica de los tomates madurados al sol, lista para transformar sus platos.<\/p>\n<p>El tomate concentrado Rica se elabora a partir de tomates cuidadosamente seleccionados que se cuecen para eliminar la mayor parte de su contenido en agua, lo que da como resultado una pasta espesa de color rojo vibrante con un sabor a tomate incre\u00edblemente intenso. <span class=\"citation-251 citation-end-251\">A diferencia del pur\u00e9 de tomate o de los tomates picados, esta forma concentrada proporciona una potente explosi\u00f3n de umami, lo que permite que una peque\u00f1a cantidad sea muy \u00fatil para enriquecer el sabor y el color de sus creaciones culinarias.<sup class=\"superscript\" data-turn-source-index=\"1\">1<\/sup><\/span> Es una forma eficaz de infundir en sus comidas ese sabor intenso y sabroso del tomate durante todo el a\u00f1o.<\/p>\n<p>Desde el punto de vista nutricional, la pasta de tomate concentrada es un complemento saludable para su dieta. Los tomates son naturalmente ricos en licopeno, un poderoso antioxidante que es a\u00fan m\u00e1s biodisponible cuando los tomates se cocinan y se concentran. Esto hace que la Rica de Tomate Concentrada sea un ingrediente beneficioso para apoyar la salud y el bienestar general. Tambi\u00e9n proporciona una buena fuente de vitaminas y minerales, a\u00f1adiendo valor nutricional a sus salsas, guisos y otros platos.<\/p>\n<p>En la cocina espa\u00f1ola, mientras que los tomates frescos y <i>tomate frito<\/i> (salsa de tomate frito) son frecuentes, la pasta de tomate concentrada es cada vez m\u00e1s reconocida por su capacidad para profundizar los sabores en platos de cocci\u00f3n lenta como los guisos (<i>guisos<\/i>), los arroces (<i>arroces<\/i>) y salsas sustanciosas. Para nuestros clientes que adoptan las tradiciones culinarias paquistan\u00ed, india y africana, el tomate concentrado es una piedra angular absoluta. Es esencial para crear currys ricos y complejos, salsas sabrosas y salsas robustas. <i>tagines<\/i>y muchas otras preparaciones saladas en las que se desea una fuerte base de tomate.<\/p>\n<p>Ya sea cocinando a fuego lento un tradicional <i>sofrito<\/i>Ya sea para preparar un complejo curry indio o simplemente para a\u00f1adir un toque de riqueza a una salsa para pasta entre semana, el Tomate Concentrado Rica 210GR de Especias y Supermercados Sult\u00e1n es el ingrediente perfecto. Su sabor intenso, su color vibrante y su poder concentrado lo convierten en un producto indispensable en la despensa de los cocineros caseros de M\u00e1laga y de toda Espa\u00f1a. Mejore su cocina con la esencia pura del tomate hoy mismo.<\/p>\n<\/div>","protected":false},"excerpt":{"rendered":"<p>TOMATO RICA CONCENTRADO 210GR: La esencia del tomate madurado al sol para su cocina espa\u00f1ola En Especias y Supermercado Sult\u00e1n, creemos en proporcionar ingredientes que aporten un sabor intenso y una profundidad aut\u00e9ntica a su cocina. Por eso nos complace ofrecerle Tomate Rica Concentrado 210GR, una pasta de tomate de primera calidad que es un alimento b\u00e1sico vers\u00e1til e indispensable para...<\/p>","protected":false},"featured_media":5340,"comment_status":"open","ping_status":"closed","template":"","meta":{"_kad_blocks_custom_css":"","_kad_blocks_head_custom_js":"","_kad_blocks_body_custom_js":"","_kad_blocks_footer_custom_js":"","_kadence_starter_templates_imported_post":false,"_kad_post_transparent":"default","_kad_post_title":"","_kad_post_layout":"default","_kad_post_sidebar_id":"","_kad_post_content_style":"default","_kad_post_vertical_padding":"default","_kad_post_feature":"","_kad_post_feature_position":"","_kad_post_header":false,"_kad_post_footer":false,"_kad_post_classname":""},"product_brand":[],"product_cat":[55,54],"product_tag":[],"class_list":{"0":"post-5289","1":"product","2":"type-product","3":"status-publish","4":"has-post-thumbnail","6":"product_cat-pastes","7":"product_cat-instant-meals-rte","9":"first","10":"instock","11":"shipping-taxable","12":"purchasable","13":"product-type-simple","14":"entry","15":"content-bg","16":"loop-entry"},"taxonomy_info":{"product_cat":[{"value":55,"label":"Pastes, Pickles &amp; Sauces"},{"value":54,"label":"Instant meals RTE"}]},"featured_image_src_large":["https:\/\/sultanspices.es\/wp-content\/uploads\/2025\/07\/ProductsPIX-78-1024x1024.png",1024,1024,true],"author_info":[],"comment_info":0,"jetpack_sharing_enabled":true,"_links":{"self":[{"href":"https:\/\/sultanspices.es\/es\/wp-json\/wp\/v2\/product\/5289","targetHints":{"allow":["GET"]}}],"collection":[{"href":"https:\/\/sultanspices.es\/es\/wp-json\/wp\/v2\/product"}],"about":[{"href":"https:\/\/sultanspices.es\/es\/wp-json\/wp\/v2\/types\/product"}],"replies":[{"embeddable":true,"href":"https:\/\/sultanspices.es\/es\/wp-json\/wp\/v2\/comments?post=5289"}],"wp:featuredmedia":[{"embeddable":true,"href":"https:\/\/sultanspices.es\/es\/wp-json\/wp\/v2\/media\/5340"}],"wp:attachment":[{"href":"https:\/\/sultanspices.es\/es\/wp-json\/wp\/v2\/media?parent=5289"}],"wp:term":[{"taxonomy":"product_brand","embeddable":true,"href":"https:\/\/sultanspices.es\/es\/wp-json\/wp\/v2\/product_brand?post=5289"},{"taxonomy":"product_cat","embeddable":true,"href":"https:\/\/sultanspices.es\/es\/wp-json\/wp\/v2\/product_cat?post=5289"},{"taxonomy":"product_tag","embeddable":true,"href":"https:\/\/sultanspices.es\/es\/wp-json\/wp\/v2\/product_tag?post=5289"}],"curies":[{"name":"wp","href":"https:\/\/api.w.org\/{rel}","templated":true}]}}